{"id":6771,"date":"2016-11-14T13:16:08","date_gmt":"2016-11-14T18:16:08","guid":{"rendered":"http:\/\/52.229.122.34\/fr\/?page_id=6771"},"modified":"2017-01-06T13:30:54","modified_gmt":"2017-01-06T18:30:54","slug":"modele-de-pratique-infirmiere-clinique","status":"publish","type":"page","link":"https:\/\/www.ottawahospital.on.ca\/fr\/notre-modele-de-soins\/modeles-professionnels\/modele-de-pratique-infirmiere-clinique\/","title":{"rendered":"Mod\u00e8le de pratique infirmi\u00e8re clinique"},"content":{"rendered":"<h2>Qu\u2019est-ce que le Mod\u00e8le de pratique infirmi\u00e8re clinique de L\u2019H\u00f4pital d\u2019Ottawa (MPIC de L\u2019HO\u00a9)?<\/h2>\n<p>Le MPIC de L\u2019HO\u00a9 sert de guide pour organiser les soins infirmiers entre diff\u00e9rentes cat\u00e9gories de personnel infirmier comme les infirmi\u00e8res autoris\u00e9es (IA), les infirmi\u00e8res auxiliaires autoris\u00e9es (IAA) et les prestataires de soins non r\u00e9glement\u00e9s (PSNR). Le mod\u00e8le tient compte de l\u2019expertise de chaque cat\u00e9gorie de personnel infirmier ainsi que des valeurs de l\u2019organisation.<\/p>\n<p>Reconnu comme une pratique exemplaire par Agr\u00e9ment Canada, le MPIC de L\u2019HO\u00a9 est un ensemble de <a href=\"\/fr\/documents\/2017\/01\/moncp_guiding-principles-f.pdf\" target=\"_blank\">principes directeurs<\/a> descriptifs qui permettent aux infirmi\u00e8res de r\u00e9fl\u00e9chir \u00e0 l\u2019organisation de la pratique infirmi\u00e8re dans leur unit\u00e9 et de planifier des changements. Les principes directeurs sont regroup\u00e9s sous divers th\u00e8mes\u00a0:<\/p>\n<ul>\n<li>Les <strong>principes des soins infirmiers directs<\/strong> portent sur le patient, la famille et le fournisseur de soins cliniques.<\/li>\n<li><strong>Structure de soutien des principes des soins infirmiers directs<\/strong>\n<ul>\n<li>Les <strong>principes cliniques au quotidien <\/strong>concernent le soutien aux infirmi\u00e8res d\u00e9butantes et la valorisation de l\u2019expertise clinique de chaque membre du personnel.<\/li>\n<li>Les <strong>principes organisationnels au quotidien<\/strong> portent sur le soutien du personnel de bureau et le soutien des services (p.\u00a0ex.\u00a0lingerie, services logistiques, entretien m\u00e9nager).<\/li>\n<li>Les <strong>principes du soutien \u00e0 la formation <\/strong>insistent sur les besoins de l\u2019unit\u00e9 en mati\u00e8re d\u2019orientation, de politiques et de proc\u00e9dures\u00a0 et sur les besoins d\u2019apprentissage individuels comme l\u2019orientation de carri\u00e8re et le perfectionnement professionnel.<\/li>\n<\/ul>\n<\/li>\n<li>Le soutien par la gestion des principes des soins infirmiers directs concerne le soutien imm\u00e9diat dont les fournisseurs de soins directs ont besoin de la part de la gestion.<\/li>\n<li>Le <strong>soutien par la culture et la structure de L\u2019HO (la haute direction) des principes des soins infirmiers directs <\/strong>porte sur les efforts de l\u2019organisation pour soutenir les gestionnaires cliniques et reconna\u00eetre les contributions professionnelles des infirmi\u00e8res<\/li>\n<\/ul>\n<p><img decoding=\"async\" class=\"img-responsive aligncenter\" src=\"\/wp-content\/uploads\/2016\/11\/MoNCPDiagramFR.jpg\" alt=\"MoNCP Diagram French\" width=\"464\" height=\"376\" \/><\/p>\n","protected":false},"excerpt":{"rendered":"<p>Qu\u2019est-ce que le Mod\u00e8le de pratique infirmi\u00e8re clinique de L\u2019H\u00f4pital d\u2019Ottawa (MPIC de L\u2019HO\u00a9)? Le MPIC de L\u2019HO\u00a9 sert de guide pour organiser les soins infirmiers entre diff\u00e9rentes cat\u00e9gories de personnel infirmier comme les infirmi\u00e8res autoris\u00e9es (IA), les infirmi\u00e8res auxiliaires autoris\u00e9es (IAA) et les prestataires de soins non r\u00e9glement\u00e9s (PSNR). Le mod\u00e8le tient compte de [&hellip;]<\/p>\n","protected":false},"author":25,"featured_media":0,"parent":6763,"menu_order":2,"comment_status":"closed","ping_status":"closed","template":"","meta":{"_acf_changed":false,"_mc_calendar":[],"footnotes":""},"class_list":["post-6771","page","type-page","status-publish","hentry"],"acf":[],"wps_subtitle":"","_links":{"self":[{"href":"https:\/\/www.ottawahospital.on.ca\/fr\/wp-json\/wp\/v2\/pages\/6771","targetHints":{"allow":["GET"]}}],"collection":[{"href":"https:\/\/www.ottawahospital.on.ca\/fr\/wp-json\/wp\/v2\/pages"}],"about":[{"href":"https:\/\/www.ottawahospital.on.ca\/fr\/wp-json\/wp\/v2\/types\/page"}],"author":[{"embeddable":true,"href":"https:\/\/www.ottawahospital.on.ca\/fr\/wp-json\/wp\/v2\/users\/25"}],"replies":[{"embeddable":true,"href":"https:\/\/www.ottawahospital.on.ca\/fr\/wp-json\/wp\/v2\/comments?post=6771"}],"version-history":[{"count":0,"href":"https:\/\/www.ottawahospital.on.ca\/fr\/wp-json\/wp\/v2\/pages\/6771\/revisions"}],"up":[{"embeddable":true,"href":"https:\/\/www.ottawahospital.on.ca\/fr\/wp-json\/wp\/v2\/pages\/6763"}],"wp:attachment":[{"href":"https:\/\/www.ottawahospital.on.ca\/fr\/wp-json\/wp\/v2\/media?parent=6771"}],"curies":[{"name":"wp","href":"https:\/\/api.w.org\/{rel}","templated":true}]}}