{"id":6763,"date":"2016-11-14T13:10:28","date_gmt":"2016-11-14T18:10:28","guid":{"rendered":"http:\/\/52.229.122.34\/fr\/?page_id=6763"},"modified":"2023-02-06T14:09:43","modified_gmt":"2023-02-06T19:09:43","slug":"modeles-professionnels","status":"publish","type":"page","link":"https:\/\/www.ottawahospital.on.ca\/fr\/notre-modele-de-soins\/modeles-professionnels\/","title":{"rendered":"Mod\u00e8les professionnels"},"content":{"rendered":"\n<p>L\u2019H\u00f4pital d\u2019Ottawa a deux mod\u00e8les professionnels tout \u00e0 fait uniques.<\/p>\n\n\n\n<p>Le&nbsp;<strong>Mod\u00e8le de pratique infirmi\u00e8re professionnelle<\/strong>, qui appuient et orientent les infirmi\u00e8res dans leurs quatre domaines de pratique :&nbsp;a)&nbsp;la pratique clinique, b)&nbsp;l\u2019enseignement,&nbsp;c)&nbsp;la recherche et d)&nbsp;la gestion. La r\u00e9organisation s\u2019applique \u00e9galement \u00e0 la fa\u00e7on de fournir les services, tant en contexte intraprofessionnel qu\u2019interprofessionnel.<\/p>\n\n\n\n<p>Le deuxi\u00e8me mod\u00e8le est le&nbsp;<strong>Mod\u00e8le de pratique infirmi\u00e8re clinique<\/strong>&nbsp;(MPIC de L\u2019HO\u00a9). Selon ce mod\u00e8le, les infirmi\u00e8res autoris\u00e9es et les infirmi\u00e8res auxiliaires autoris\u00e9es assument la pleine responsabilit\u00e9 de leur pratique et exercent selon leur champ de pratique aux c\u00f4t\u00e9s des prestataires de soins non r\u00e9glement\u00e9s.<\/p>\n","protected":false},"excerpt":{"rendered":"<p>L\u2019H\u00f4pital d\u2019Ottawa a deux mod\u00e8les professionnels tout \u00e0 fait uniques. Le&nbsp;Mod\u00e8le de pratique infirmi\u00e8re professionnelle, qui appuient et orientent les infirmi\u00e8res dans leurs quatre domaines de pratique :&nbsp;a)&nbsp;la pratique clinique, b)&nbsp;l\u2019enseignement,&nbsp;c)&nbsp;la recherche et d)&nbsp;la gestion. La r\u00e9organisation s\u2019applique \u00e9galement \u00e0 la fa\u00e7on de fournir les services, tant en contexte intraprofessionnel qu\u2019interprofessionnel. Le deuxi\u00e8me mod\u00e8le est [&hellip;]<\/p>\n","protected":false},"author":25,"featured_media":0,"parent":21,"menu_order":1,"comment_status":"closed","ping_status":"closed","template":"","meta":{"_acf_changed":false,"_mc_calendar":[],"footnotes":""},"class_list":["post-6763","page","type-page","status-publish","hentry"],"acf":[],"wps_subtitle":"","_links":{"self":[{"href":"https:\/\/www.ottawahospital.on.ca\/fr\/wp-json\/wp\/v2\/pages\/6763","targetHints":{"allow":["GET"]}}],"collection":[{"href":"https:\/\/www.ottawahospital.on.ca\/fr\/wp-json\/wp\/v2\/pages"}],"about":[{"href":"https:\/\/www.ottawahospital.on.ca\/fr\/wp-json\/wp\/v2\/types\/page"}],"author":[{"embeddable":true,"href":"https:\/\/www.ottawahospital.on.ca\/fr\/wp-json\/wp\/v2\/users\/25"}],"replies":[{"embeddable":true,"href":"https:\/\/www.ottawahospital.on.ca\/fr\/wp-json\/wp\/v2\/comments?post=6763"}],"version-history":[{"count":0,"href":"https:\/\/www.ottawahospital.on.ca\/fr\/wp-json\/wp\/v2\/pages\/6763\/revisions"}],"up":[{"embeddable":true,"href":"https:\/\/www.ottawahospital.on.ca\/fr\/wp-json\/wp\/v2\/pages\/21"}],"wp:attachment":[{"href":"https:\/\/www.ottawahospital.on.ca\/fr\/wp-json\/wp\/v2\/media?parent=6763"}],"curies":[{"name":"wp","href":"https:\/\/api.w.org\/{rel}","templated":true}]}}