{"id":6756,"date":"2016-11-14T13:07:11","date_gmt":"2016-11-14T18:07:11","guid":{"rendered":"http:\/\/52.229.122.34\/fr\/?page_id=6756"},"modified":"2026-01-26T15:51:22","modified_gmt":"2026-01-26T20:51:22","slug":"infections-par-catheter-central","status":"publish","type":"page","link":"https:\/\/www.ottawahospital.on.ca\/fr\/qualite-et-securite\/rendre-compte\/rapport-sur-les-indicateurs\/infections-par-catheter-central\/","title":{"rendered":"Infections par cath\u00e9ter central"},"content":{"rendered":"<p>Le cath\u00e9ter central est un tube qui permet \u00e0 un patient de recevoir des m\u00e9dicaments ou des liquides par intraveineuse pendant une longue p\u00e9riode. On ins\u00e8re le cath\u00e9ter dans une grosse veine du cou, de la poitrine, de l\u2019aine, du bras ou du ventre. Le recours \u00e0 un cath\u00e9ter r\u00e9duit le nombre de fois qu\u2019on doit ins\u00e9rer une aiguille dans la peau du patient pour lui administrer des m\u00e9dicaments de chimioth\u00e9rapie, des antibiotiques ou des solut\u00e9s. Les patients aux soins intensifs ont souvent besoin d\u2019un cath\u00e9ter central parce qu\u2019ils sont gravement malades et doivent prendre de nombreux m\u00e9dicaments pendant une longue p\u00e9riode.<\/p>\n<ul>\n<li>Une infection li\u00e9e \u00e0 cath\u00e9ter central peut survenir quand une bact\u00e9rie ou un champignon p\u00e9n\u00e8tre dans le sang et rend le patient malade. La bact\u00e9rie peut provenir de plusieurs endroits (p. ex. la peau du patient, une plaie, le milieu environnant, etc.). Toutefois, la plupart du temps, les bact\u00e9ries en cause proviennent de la peau du patient. Les h\u00f4pitaux suivent les pratiques exemplaires pour \u00e9viter que des bact\u00e9ries entrent dans le cath\u00e9ter. Tous les h\u00f4pitaux ontariens qui offrent des soins intensifs doivent divulguer leurs taux d\u2019infection li\u00e9e \u00e0 un cath\u00e9ter central dans le milieu des soins intensifs. Nos taux trimestriels se trouvent ici\u00a0:<\/li>\n<\/ul>\n<h2>Taux d\u2019infections li\u00e9es aux cath\u00e9ters centraux \u00e0 L\u2019H\u00f4pital d\u2019Ottawa :<\/h2>\n<div class=\"table-responsive\">\n<table class=\"table\" title=\"Taux d\u2019infections li\u00e9es aux cath\u00e9ters centraux \u00e0 L\u2019H\u00f4pital d\u2019Ottawa\">\n<caption class=\"hidecontent\">Taux d\u2019infections li\u00e9es aux cath\u00e9ters centraux \u00e0 L\u2019H\u00f4pital d\u2019Ottawa<\/caption>\n<tbody>\n<tr>\n<th style=\"width: 16%; background-color: #0033a0; color: #fff;\" scope=\"col\"><\/th>\n<th style=\"width: 42%; background-color: #0033a0; color: #fff;\" colspan=\"3\" scope=\"col\">Campus Civic<\/th>\n<th style=\"width: 42%; background-color: #0033a0; color: #fff;\" colspan=\"3\" scope=\"col\">Campus G\u00e9n\u00e9ral<\/th>\n<\/tr>\n<tr>\n<th scope=\"col\">2025\/26<\/th>\n<th scope=\"col\">Nombre de cas<\/th>\n<th scope=\"col\">*Nombre de jours avec un cath\u00e9ter central<\/th>\n<th scope=\"col\">Nombre de cas d&rsquo;infection li\u00e9e \u00e0 un cath\u00e9ter central \/ 1 000<\/th>\n<th scope=\"col\">Nombre de cas<\/th>\n<th scope=\"col\">*Nombre de jours avec un cath\u00e9ter central<\/th>\n<th scope=\"col\">Nombre de cas d&rsquo;infection li\u00e9e \u00e0 un cath\u00e9ter central \/ 1 000<\/th>\n<\/tr>\n<tr>\n<th scope=\"row\">T1 &#8211; Avr. \u00e0 juin<\/th>\n<td style=\"text-align: center;\">&lt;5<\/td>\n<td style=\"text-align: center;\">1,683<\/td>\n<td style=\"text-align: center;\">0.59<\/td>\n<td style=\"text-align: center;\">&#8211;<\/td>\n<td style=\"text-align: center;\">1,287<\/td>\n<td style=\"text-align: center;\">0.00<\/td>\n<\/tr>\n<tr>\n<th scope=\"row\">T2 &#8211; Juill. \u00e0 sept.<\/th>\n<td style=\"text-align: center;\">&#8211;<\/td>\n<td style=\"text-align: center;\">1,765<\/td>\n<td style=\"text-align: center;\">0.00<\/td>\n<td style=\"text-align: center;\">&#8211;<\/td>\n<td style=\"text-align: center;\">1,228<\/td>\n<td style=\"text-align: center;\">0.00<\/td>\n<\/tr>\n<tr>\n<th scope=\"row\">T3 &#8211; Oct. \u00e0 d\u00e9c.<\/th>\n<td style=\"text-align: center;\">&lt;5<\/td>\n<td style=\"text-align: center;\">1,475<\/td>\n<td style=\"text-align: center;\">0.68<\/td>\n<td style=\"text-align: center;\">&lt;5<\/td>\n<td style=\"text-align: center;\">1,467<\/td>\n<td style=\"text-align: center;\">0.68<\/td>\n<\/tr>\n<tr>\n<th scope=\"row\">T4 &#8211; Janv. \u00e0 mars<\/th>\n<td style=\"text-align: center;\">&#8211;<\/td>\n<td style=\"text-align: center;\">&#8211;<\/td>\n<td style=\"text-align: center;\">&#8211;<\/td>\n<td style=\"text-align: center;\">&#8211;<\/td>\n<td style=\"text-align: center;\">&#8211;<\/td>\n<td style=\"text-align: center;\">&#8211;<\/td>\n<\/tr>\n<tr>\n<th scope=\"row\">Fiscal 2025-26 YTD<\/th>\n<td style=\"text-align: center;\">4,923<\/td>\n<td style=\"text-align: center;\"><\/td>\n<td style=\"text-align: center;\">0.41<\/td>\n<td style=\"text-align: center;\">&lt;5<\/td>\n<td style=\"text-align: center;\">3,982<\/td>\n<td style=\"text-align: center;\">0.25<\/td>\n<\/tr>\n<tr>\n<th scope=\"col\">2024\/25<\/th>\n<th scope=\"col\">Nombre de cas<\/th>\n<th scope=\"col\">*Nombre de jours avec un cath\u00e9ter central<\/th>\n<th scope=\"col\">Nombre de cas d&rsquo;infection li\u00e9e \u00e0 un cath\u00e9ter central \/ 1 000<\/th>\n<th scope=\"col\">Nombre de cas<\/th>\n<th scope=\"col\">*Nombre de jours avec un cath\u00e9ter central<\/th>\n<th scope=\"col\">Nombre de cas d&rsquo;infection li\u00e9e \u00e0 un cath\u00e9ter central \/ 1 000<\/th>\n<\/tr>\n<tr>\n<th scope=\"row\">T1 &#8211; Avr. \u00e0 juin<\/th>\n<td style=\"text-align: center;\">&lt;5<\/td>\n<td style=\"text-align: center;\">1,597<\/td>\n<td style=\"text-align: center;\">0.63<\/td>\n<td style=\"text-align: center;\">&lt;5<\/td>\n<td style=\"text-align: center;\">1,259<\/td>\n<td style=\"text-align: center;\">0.79<\/td>\n<\/tr>\n<tr>\n<th scope=\"row\">T2 &#8211; Juill. \u00e0 sept.<\/th>\n<td style=\"text-align: center;\">&lt;5<\/td>\n<td style=\"text-align: center;\">1,695<\/td>\n<td style=\"text-align: center;\">1.18<\/td>\n<td style=\"text-align: center;\">&lt;5<\/td>\n<td style=\"text-align: center;\">1,092<\/td>\n<td style=\"text-align: center;\">1.83<\/td>\n<\/tr>\n<tr>\n<th scope=\"row\">T3 &#8211; Oct. \u00e0 d\u00e9c.<\/th>\n<td style=\"text-align: center;\">&lt;5<\/td>\n<td style=\"text-align: center;\">1,537<\/td>\n<td style=\"text-align: center;\">0.65<\/td>\n<td style=\"text-align: center;\">&lt;5<\/td>\n<td style=\"text-align: center;\">1,411<\/td>\n<td style=\"text-align: center;\">0.71<\/td>\n<\/tr>\n<tr>\n<th scope=\"row\">T4 &#8211; Janv. \u00e0 mars<\/th>\n<td style=\"text-align: center;\">&#8211;<\/td>\n<td style=\"text-align: center;\">1,550<\/td>\n<td style=\"text-align: center;\">0.00<\/td>\n<td style=\"text-align: center;\">&lt;5<\/td>\n<td style=\"text-align: center;\">1,540<\/td>\n<td style=\"text-align: center;\">1.30<\/td>\n<\/tr>\n<tr>\n<th scope=\"row\">Fiscal 2024-25 YTD<\/th>\n<td style=\"text-align: center;\">&lt;5<\/td>\n<td style=\"text-align: center;\">6,379<\/td>\n<td style=\"text-align: center;\">0.63<\/td>\n<td style=\"text-align: center;\">6<\/td>\n<td style=\"text-align: center;\">5,302<\/td>\n<td style=\"text-align: center;\">1.13<\/td>\n<\/tr>\n<\/tbody>\n<\/table>\n<\/div>\n<p><em>Source : Syst\u00e8me d&rsquo;information sur les soins aux malades en phase critique<\/em><\/p>\n<p>Cas survenant aux Soins critiques et qui sont signal\u00e9s dans le Syst\u00e8me d&rsquo;information sur les<br \/>\n* Les cas no 1 \u00e0 4 doivent \u00eatre signal\u00e9s comme \u00e9tant &lt; 5.<\/p>\n","protected":false},"excerpt":{"rendered":"<p>Le cath\u00e9ter central est un tube qui permet \u00e0 un patient de recevoir des m\u00e9dicaments ou des liquides par intraveineuse pendant une longue p\u00e9riode. On ins\u00e8re le cath\u00e9ter dans une grosse veine du cou, de la poitrine, de l\u2019aine, du bras ou du ventre. Le recours \u00e0 un cath\u00e9ter r\u00e9duit le nombre de fois qu\u2019on [&hellip;]<\/p>\n","protected":false},"author":25,"featured_media":0,"parent":1966,"menu_order":1,"comment_status":"closed","ping_status":"closed","template":"","meta":{"_acf_changed":false,"_mc_calendar":[],"footnotes":""},"class_list":["post-6756","page","type-page","status-publish","hentry"],"acf":[],"wps_subtitle":"","_links":{"self":[{"href":"https:\/\/www.ottawahospital.on.ca\/fr\/wp-json\/wp\/v2\/pages\/6756","targetHints":{"allow":["GET"]}}],"collection":[{"href":"https:\/\/www.ottawahospital.on.ca\/fr\/wp-json\/wp\/v2\/pages"}],"about":[{"href":"https:\/\/www.ottawahospital.on.ca\/fr\/wp-json\/wp\/v2\/types\/page"}],"author":[{"embeddable":true,"href":"https:\/\/www.ottawahospital.on.ca\/fr\/wp-json\/wp\/v2\/users\/25"}],"replies":[{"embeddable":true,"href":"https:\/\/www.ottawahospital.on.ca\/fr\/wp-json\/wp\/v2\/comments?post=6756"}],"version-history":[{"count":0,"href":"https:\/\/www.ottawahospital.on.ca\/fr\/wp-json\/wp\/v2\/pages\/6756\/revisions"}],"up":[{"embeddable":true,"href":"https:\/\/www.ottawahospital.on.ca\/fr\/wp-json\/wp\/v2\/pages\/1966"}],"wp:attachment":[{"href":"https:\/\/www.ottawahospital.on.ca\/fr\/wp-json\/wp\/v2\/media?parent=6756"}],"curies":[{"name":"wp","href":"https:\/\/api.w.org\/{rel}","templated":true}]}}