{"id":6729,"date":"2016-11-14T12:27:05","date_gmt":"2016-11-14T17:27:05","guid":{"rendered":"http:\/\/52.229.122.34\/fr\/?page_id=6729"},"modified":"2016-11-14T12:27:05","modified_gmt":"2016-11-14T17:27:05","slug":"arthroplastie-de-la-hanche-et-du-genou","status":"publish","type":"page","link":"https:\/\/www.ottawahospital.on.ca\/fr\/qualite-et-securite\/rendre-compte\/temps-dattente-pour-soins-medicaux\/arthroplastie-de-la-hanche-et-du-genou\/","title":{"rendered":"Arthroplastie de la hanche et du genou"},"content":{"rendered":"<h2>Le point sur le temps d\u2019attente pour une arthroplastie de la hanche ou du genou<\/h2>\n<p><strong>Qu\u2019est-ce que le temps d\u2019attente?<br \/>\n<\/strong>Le temps d\u2019attente est la p\u00e9riode durant laquelle vous devez attendre avant d\u2019obtenir une chirurgie. L\u2019attente est mesur\u00e9e \u00e0 partir du moment o\u00f9 vous \u00eates admissible \u00e0 une chirurgie jusqu\u2019au moment o\u00f9 elle a lieu.<\/p>\n<p><strong>Pourquoi y a-t-il un temps d\u2019attente \u00e0 L\u2019H\u00f4pital d\u2019Ottawa pour une arthroplastie de la hanche ou du genou?<\/p>\n<p><\/strong>Il y a des temps d\u2019attente pour les raisons suivantes\u00a0:<\/p>\n<ul>\n<li>Il peut y avoir plus de patients que l\u2019H\u00f4pital peut en traiter \u00e0 tout moment donn\u00e9.<\/li>\n<li>Comme la population de l\u2019Est ontarien est vieillissante, il y a une augmentation de la demande pour les arthroplasties de la hanche ou du genou.<\/li>\n<li>Les patients choisissent un chirurgien en particulier, qui peut avoir plus de patients qu\u2019il est en mesure de traiter \u00e0 tout moment donn\u00e9.<\/li>\n<li>Les patients ont besoin d\u2019un type hautement sp\u00e9cialis\u00e9 d\u2019arthroplastie de la hanche ou du genou, offert uniquement \u00e0 L\u2019H\u00f4pital d\u2019Ottawa. Lorsqu\u2019il y a une demande pour ces interventions hautement sp\u00e9cialis\u00e9es et qu\u2019il n\u2019y a qu\u2019un ou deux chirurgiens capables de les effectuer dans la r\u00e9gion, l\u2019attente peut \u00eatre plus longue qu\u2019\u00e0 l\u2019habitude.<\/li>\n<\/ul>\n<p><strong>Qui est plac\u00e9 sur une liste d\u2019attente pour une arthroplastie de la hanche ou du genou?<br \/>\n<\/strong>Chaque personne qui a besoin d\u2019une arthroplastie non urgente de la hanche ou du genou est plac\u00e9e sur une liste d\u2019attente, \u00e0 moins que sa vie soit en danger. On traite les cas urgents le plus vite possible.<\/p>\n<p><strong>Combien de temps faut-il attendre pour une arthroplastie de la hanche ou du genou \u00e0 L\u2019H\u00f4pital d\u2019Ottawa?<br \/>\n<\/strong>\u00c0 L\u2019H\u00f4pital d\u2019Ottawa, plus de la moiti\u00e9 des patients qui attendent une arthroplastie de la hanche sont op\u00e9r\u00e9s dans les normes provinciales de six mois (182\u00a0jours).<\/p>\n<p>C\u2019est aussi vrai pour les patients dans l\u2019attente d\u2019une arthroplastie du genou. Plus de la moiti\u00e9 de ces patients peuvent s\u2019attendre \u00e0 obtenir leur chirurgie dans les quatre mois, ce qui est bien moins long que les normes provinciales de six mois (182\u00a0jours).<\/p>\n<p>Tous les patients qui attendent une arthroplastie de la hanche ou du genou sont d\u2019abord dirig\u00e9s au bureau central des rendez-vous, o\u00f9 on leur offre de choisir le chirurgien qui a la liste d\u2019attente la plus courte.<\/p>\n<p>Toutefois, un petit groupe de patients pr\u00e9f\u00e8rent choisir un chirurgien en particulier plut\u00f4t que le premier qui est libre. Comme L\u2019H\u00f4pital d\u2019Ottawa est le seul \u00e9tablissement de l\u2019Est ontarien \u00e0 traiter les cas orthop\u00e9diques les plus difficiles et complexes, un autre sous-groupe de patients attendent plus longtemps parce qu\u2019ils ont besoin d\u2019un degr\u00e9 d\u2019expertise que seulement un ou deux chirurgiens de l\u2019Est ontarien poss\u00e8dent. Ces chirurgiens effectuent des interventions hautement sp\u00e9cialis\u00e9es qui prennent plus de temps qu\u2019une arthroplastie de la hanche ou du genou ordinaire. Par cons\u00e9quent, leur liste d\u2019attente est plus longue que la moyenne.<\/p>\n<p>La longueur de votre attente d\u00e9pend\u00a0:<\/p>\n<ul>\n<li>du degr\u00e9 de difficult\u00e9 ou de complexit\u00e9 de votre arthroplastie de la hanche ou du genou<\/li>\n<li>du nombre de patients que votre chirurgien doit traiter. Certains sp\u00e9cialistes ont une liste d\u2019attente moins longue que d\u2019autres<\/li>\n<li>de la fa\u00e7on dont l\u2019H\u00f4pital pr\u00e9voit les chirurgies, selon le personnel, l\u2019\u00e9quipement et les installations<\/li>\n<li>du nombre de personnes dans votre collectivit\u00e9 qui ont besoin d\u2019une arthroplastie de la hanche ou du genou \u00e0 tout moment donn\u00e9.<\/li>\n<\/ul>\n<p><strong>Les meilleurs chirurgiens ont-ils une liste d\u2019attente plus longue?<br \/>\n<\/strong>Tous les chirurgiens qui travaillent dans la province r\u00e9pondent aux normes de formation et de comp\u00e9tence de l\u2019Ontario dans la mesure o\u00f9\u00a0:<\/p>\n<ul>\n<li>l\u2019<a href=\"https:\/\/www.cpso.on.ca\/\" target=\"_blank\">Ordre des m\u00e9decins et chirurgiens de l\u2019Ontario<\/a> (l\u2019organisme qui encadre la pratique de la m\u00e9decine en Ontario pour prot\u00e9ger le public et servir ses int\u00e9r\u00eats) leur accorde un permis d\u2019exercice de la m\u00e9decine en Ontario<\/li>\n<li>un h\u00f4pital leur accorde des privil\u00e8ges en les autorisant \u00e0 y traiter des patients.<\/li>\n<\/ul>\n<p>Certains chirurgiens ont une liste d\u2019attente plus longue pour les raisons suivantes\u00a0:<\/p>\n<ul>\n<li>Ils disposent de moins de temps au bloc op\u00e9ratoire.<\/li>\n<li>Ils ont des cas plus complexes.<\/li>\n<\/ul>\n<p><strong>Que pouvez-vous faire en cas de long temps d\u2019attente?<\/strong><\/p>\n<ul>\n<li>Vous pouvez demander d\u2019\u00eatre redirig\u00e9 au bureau central des rendez-vous, qui pourrait vous attribuer un autre chirurgien dont la liste d\u2019attente est plus courte.<\/li>\n<li>Vous pouvez demander d\u2019aller \u00e0 un h\u00f4pital o\u00f9 vous pourriez \u00eatre trait\u00e9 plus rapidement.<\/li>\n<li>Vous pourriez obtenir votre chirurgie plus rapidement si une place se lib\u00e8re \u00e0 la derni\u00e8re minute.<\/li>\n<\/ul>\n<p>Votre chirurgien peut discuter de ces options avec vous.<\/p>\n<p>Si votre \u00e9tat de sant\u00e9 change pendant que vous attendez d\u2019obtenir votre chirurgie, parlez-en \u00e0 votre m\u00e9decin. Il peut r\u00e9\u00e9valuer votre \u00e9tat et d\u00e9terminer si l\u2019attente nuit \u00e0 votre sant\u00e9.<\/p>\n","protected":false},"excerpt":{"rendered":"<p>Le point sur le temps d\u2019attente pour une arthroplastie de la hanche ou du genou Qu\u2019est-ce que le temps d\u2019attente? Le temps d\u2019attente est la p\u00e9riode durant laquelle vous devez attendre avant d\u2019obtenir une chirurgie. L\u2019attente est mesur\u00e9e \u00e0 partir du moment o\u00f9 vous \u00eates admissible \u00e0 une chirurgie jusqu\u2019au moment o\u00f9 elle a lieu. [&hellip;]<\/p>\n","protected":false},"author":25,"featured_media":0,"parent":6725,"menu_order":1,"comment_status":"closed","ping_status":"closed","template":"","meta":{"_acf_changed":false,"_mc_calendar":[],"footnotes":""},"class_list":["post-6729","page","type-page","status-publish","hentry"],"acf":[],"wps_subtitle":"","_links":{"self":[{"href":"https:\/\/www.ottawahospital.on.ca\/fr\/wp-json\/wp\/v2\/pages\/6729","targetHints":{"allow":["GET"]}}],"collection":[{"href":"https:\/\/www.ottawahospital.on.ca\/fr\/wp-json\/wp\/v2\/pages"}],"about":[{"href":"https:\/\/www.ottawahospital.on.ca\/fr\/wp-json\/wp\/v2\/types\/page"}],"author":[{"embeddable":true,"href":"https:\/\/www.ottawahospital.on.ca\/fr\/wp-json\/wp\/v2\/users\/25"}],"replies":[{"embeddable":true,"href":"https:\/\/www.ottawahospital.on.ca\/fr\/wp-json\/wp\/v2\/comments?post=6729"}],"version-history":[{"count":0,"href":"https:\/\/www.ottawahospital.on.ca\/fr\/wp-json\/wp\/v2\/pages\/6729\/revisions"}],"up":[{"embeddable":true,"href":"https:\/\/www.ottawahospital.on.ca\/fr\/wp-json\/wp\/v2\/pages\/6725"}],"wp:attachment":[{"href":"https:\/\/www.ottawahospital.on.ca\/fr\/wp-json\/wp\/v2\/media?parent=6729"}],"curies":[{"name":"wp","href":"https:\/\/api.w.org\/{rel}","templated":true}]}}