{"id":6717,"date":"2016-11-14T12:21:31","date_gmt":"2016-11-14T17:21:31","guid":{"rendered":"http:\/\/52.229.122.34\/fr\/?page_id=6717"},"modified":"2023-01-31T10:24:35","modified_gmt":"2023-01-31T15:24:35","slug":"temps-dattente-aux-urgences","status":"publish","type":"page","link":"https:\/\/www.ottawahospital.on.ca\/fr\/qualite-et-securite\/rendre-compte\/temps-dattente-aux-urgences\/","title":{"rendered":"<strong>Temps d\u2019attente \u00e0 l\u2019Urgence<\/strong>"},"content":{"rendered":"\n<p>Les \u00e9quipes qui travaillent \u00e0 l\u2019Urgence de L\u2019H\u00f4pital d\u2019Ottawa ne m\u00e9nagent pas leurs efforts pour s\u2019assurer que tous les patients ont acc\u00e8s aux soins dont ils ont besoin dans les meilleurs d\u00e9lais.<\/p>\n\n\n\n<p>Le triage des patients \u00e0 l\u2019Urgence est fait selon la gravit\u00e9 de leur maladie ou blessure. Les cas les plus graves sont vus au plus vite, tandis que les cas les moins graves pourraient devoir attendre plus longtemps.&nbsp;&nbsp;<\/p>\n\n\n\n<p>Les professionnels de la sant\u00e9 travaillent toujours sans rel\u00e2che pour s\u2019assurer que les personnes qui ont besoin de soins sont prises en charge. Venez \u00e0 l\u2019Urgence si vous avez besoin de soins d\u2019urgence.&nbsp;&nbsp;<\/p>\n\n\n\n<h2 class=\"wp-block-heading\">Comment nous calculons les temps d\u2019attente<\/h2>\n\n\n\n<p>Voici quelques points importants \u00e0 ne pas n\u00e9gliger&nbsp;: &nbsp;<\/p>\n\n\n\n<p>Les temps d\u2019attente que nous indiquons englobent le nombre total d\u2019heures pass\u00e9es \u00e0 l\u2019Urgence pendant toute votre visite et <strong>non <\/strong>le temps que vous devez attendre avant de voir un professionnel de la sant\u00e9. Votre temps d\u2019attente est calcul\u00e9 \u00e0 partir de votre arriv\u00e9e jusqu\u2019au moment o\u00f9 vous quittez l\u2019urgence ou \u00eates hospitalis\u00e9. Selon de votre \u00e9tat de sant\u00e9, votre visite peut \u00eatre longue, car nous devons nous assurer que vous recevez les soins dont vous avez besoin.<\/p>\n\n\n\n<figure class=\"wp-block-image size-large is-style-default\"><img decoding=\"async\" width=\"1024\" height=\"316\" src=\"https:\/\/www.ottawahospital.on.ca\/wp-content\/uploads\/2023\/01\/Emergency-wait-times-fr-1024x316.jpg\" alt=\"Comment nous calculons les temps d\u2019attente\" class=\"wp-image-75429\" srcset=\"https:\/\/www.ottawahospital.on.ca\/wp-content\/uploads\/2023\/01\/Emergency-wait-times-fr-1024x316.jpg 1024w, https:\/\/www.ottawahospital.on.ca\/wp-content\/uploads\/2023\/01\/Emergency-wait-times-fr-scaled-600x185.jpg 600w, https:\/\/www.ottawahospital.on.ca\/wp-content\/uploads\/2023\/01\/Emergency-wait-times-fr-300x92.jpg 300w, https:\/\/www.ottawahospital.on.ca\/wp-content\/uploads\/2023\/01\/Emergency-wait-times-fr-768x237.jpg 768w, https:\/\/www.ottawahospital.on.ca\/wp-content\/uploads\/2023\/01\/Emergency-wait-times-fr-1536x474.jpg 1536w, https:\/\/www.ottawahospital.on.ca\/wp-content\/uploads\/2023\/01\/Emergency-wait-times-fr-2048x631.jpg 2048w\" sizes=\"(max-width: 1024px) 100vw, 1024px\" \/><\/figure>\n\n\n\n<div class=\"wp-block-group\"><div class=\"wp-block-group__inner-container is-layout-constrained wp-block-group-is-layout-constrained\">\n<div class=\"wp-block-group\"><div class=\"wp-block-group__inner-container is-layout-constrained wp-block-group-is-layout-constrained\">\n<div class=\"wp-block-group\"><div class=\"wp-block-group__inner-container is-layout-constrained wp-block-group-is-layout-constrained\">\n<div class=\"wp-block-group is-horizontal is-layout-flex wp-block-group-is-layout-flex\">\n<div class=\"wp-block-group is-nowrap is-layout-flex wp-container-core-group-is-layout-ad2f72ca wp-block-group-is-layout-flex\">\n<ul class=\"wp-block-list\">\n<li>Arriv\u00e9e \u00e0 l\u2019Urgence<\/li>\n\n\n\n<li>Triage<\/li>\n\n\n\n<li>Ant\u00e9c\u00e9dents m\u00e9dicaux<\/li>\n\n\n\n<li>Inscription<\/li>\n\n\n\n<li>Examens (analyses de sang, tomodensitom\u00e9tries, radiographies, etc.)<\/li>\n\n\n\n<li>Consultations m\u00e9dicales<\/li>\n\n\n\n<li>Diagnostic<\/li>\n\n\n\n<li>Traitement<\/li>\n\n\n\n<li>D\u00e9part \/ Hospitalisation<\/li>\n<\/ul>\n<\/div>\n\n\n\n<div style=\"height:50px\" aria-hidden=\"true\" class=\"wp-block-spacer\"><\/div>\n<\/div>\n<\/div><\/div>\n<\/div><\/div>\n<\/div><\/div>\n\n\n\n<div style=\"height:20px\" aria-hidden=\"true\" class=\"wp-block-spacer\"><\/div>\n\n\n\n<p>Les temps d\u2019attente varient en fonction de l\u2019\u00e9tat de sant\u00e9 des patients et sont g\u00e9n\u00e9ralement divis\u00e9s en deux cat\u00e9gories&nbsp;:<\/p>\n\n\n\n<ul class=\"wp-block-list\">\n<li><strong>Gravit\u00e9 \u00e9lev\u00e9e \u2013 Probl\u00e8me complexe qui exige plus de temps pour le diagnostic, le traitement ou l\u2019hospitalisation<\/strong><\/li>\n<\/ul>\n\n\n\n<p>Il s\u2019agit habituellement d\u2019un probl\u00e8me grave comme un arr\u00eat cardiaque, un traumatisme important ou une situation qui risque d\u2019entra\u00eener un d\u00e9c\u00e8s ou la perte d\u2019un membre. Il peut aussi s\u2019agir d\u2019un probl\u00e8me de sant\u00e9, comme une crise d\u2019asthme ou un traumatisme mod\u00e9r\u00e9, qui risque d\u2019avoir des cons\u00e9quences dangereuses pour le patient si on n\u2019intervient pas imm\u00e9diatement. Certains de ces patients devront \u00eatre hospitalis\u00e9s, d\u2019autres non.<\/p>\n\n\n\n<ul class=\"wp-block-list\">\n<li><strong>Gravit\u00e9 non \u00e9lev\u00e9e \u2013 Probl\u00e8me simple ou mineur qui exige moins de temps pour le diagnostic, le traitement ou l\u2019observation<\/strong><\/li>\n<\/ul>\n\n\n\n<p>Ce sont des probl\u00e8mes de sant\u00e9 moins graves, comme des probl\u00e8mes urinaires, une douleur mod\u00e9r\u00e9e \u00e0 l\u2019abdomen, un mal de gorge ou des probl\u00e8mes de sant\u00e9 chroniques<\/p>\n","protected":false},"excerpt":{"rendered":"<p>Les \u00e9quipes qui travaillent \u00e0 l\u2019Urgence de L\u2019H\u00f4pital d\u2019Ottawa ne m\u00e9nagent pas leurs efforts pour s\u2019assurer que tous les patients ont acc\u00e8s aux soins dont ils ont besoin dans les meilleurs d\u00e9lais. Le triage des patients \u00e0 l\u2019Urgence est fait selon la gravit\u00e9 de leur maladie ou blessure. Les cas les plus graves sont vus [&hellip;]<\/p>\n","protected":false},"author":25,"featured_media":0,"parent":300,"menu_order":1,"comment_status":"closed","ping_status":"closed","template":"","meta":{"_acf_changed":false,"_mc_calendar":[],"footnotes":""},"class_list":["post-6717","page","type-page","status-publish","hentry"],"acf":[],"wps_subtitle":"","_links":{"self":[{"href":"https:\/\/www.ottawahospital.on.ca\/fr\/wp-json\/wp\/v2\/pages\/6717","targetHints":{"allow":["GET"]}}],"collection":[{"href":"https:\/\/www.ottawahospital.on.ca\/fr\/wp-json\/wp\/v2\/pages"}],"about":[{"href":"https:\/\/www.ottawahospital.on.ca\/fr\/wp-json\/wp\/v2\/types\/page"}],"author":[{"embeddable":true,"href":"https:\/\/www.ottawahospital.on.ca\/fr\/wp-json\/wp\/v2\/users\/25"}],"replies":[{"embeddable":true,"href":"https:\/\/www.ottawahospital.on.ca\/fr\/wp-json\/wp\/v2\/comments?post=6717"}],"version-history":[{"count":0,"href":"https:\/\/www.ottawahospital.on.ca\/fr\/wp-json\/wp\/v2\/pages\/6717\/revisions"}],"up":[{"embeddable":true,"href":"https:\/\/www.ottawahospital.on.ca\/fr\/wp-json\/wp\/v2\/pages\/300"}],"wp:attachment":[{"href":"https:\/\/www.ottawahospital.on.ca\/fr\/wp-json\/wp\/v2\/media?parent=6717"}],"curies":[{"name":"wp","href":"https:\/\/api.w.org\/{rel}","templated":true}]}}