{"id":6703,"date":"2016-11-14T12:07:44","date_gmt":"2016-11-14T17:07:44","guid":{"rendered":"http:\/\/52.229.122.34\/fr\/?page_id=6703"},"modified":"2023-11-02T10:55:07","modified_gmt":"2023-11-02T14:55:07","slug":"liens","status":"publish","type":"page","link":"https:\/\/www.ottawahospital.on.ca\/fr\/qualite-et-securite\/mettre-en-oeuvre\/liens\/","title":{"rendered":"Liens"},"content":{"rendered":"<ul>\n<li><a href=\"https:\/\/www.internationalaccreditation.ca\/\" target=\"_blank\" rel=\"noopener\">Accreditation Canada<\/a> (en anglais seulement)<\/li>\n<li><a href=\"\/fr\/documents\/2017\/01\/patient_safety_dictionary_f.pdf\" target=\"_blank\" rel=\"noopener\">Glossaire canadien sur la prestation s\u00e9curitaire des soins et services au patient<\/a><\/li>\n<li><a href=\"https:\/\/www.cna-aiic.ca\/fr\/les-enjeux\/meilleurs-soins\/securite-du-patient\" target=\"_blank\" rel=\"noopener\">Guide de ressources en mati\u00e8re de s\u00e9curit\u00e9 du patient (AIIC)<\/a><\/li>\n<li><a href=\"https:\/\/www.patientsafetyinstitute.ca\/fr\/pages\/default.aspx\" target=\"_blank\" rel=\"noopener\">Institut canadien pour la s\u00e9curit\u00e9 des patients<\/a><\/li>\n<li><a href=\"https:\/\/www.publichealthontario.ca\/fr\/BrowseByTopic\/InfectiousDiseases\/JustCleanYourHands\/Pages\/Just-Clean-Your-Hands.aspx\" target=\"_blank\" rel=\"noopener\">Lavez-vous les mains<\/a><\/li>\n<li>S\u00e9curit\u00e9 des patients &#8211; Minist\u00e8re de la sant\u00e9 et des soins de longue dur\u00e9e<\/li>\n<li><a href=\"https:\/\/www.fcass-cfhi.ca\/WhatWeDo\/PatientEngagement.aspx\" target=\"_blank\" rel=\"noopener\">Participation du patient<\/a><\/li>\n<li>S\u00e9curit\u00e9 des patients (OMS)<\/li>\n<li><a href=\"https:\/\/soinsplussecuritairesmaintenant.ca\/\" target=\"_blank\" rel=\"noopener\">Des soins de sant\u00e9 plus s\u00e9curitaires maintenant<\/a><\/li>\n<\/ul>\n","protected":false},"excerpt":{"rendered":"<p>Accreditation Canada (en anglais seulement) Glossaire canadien sur la prestation s\u00e9curitaire des soins et services au patient Guide de ressources en mati\u00e8re de s\u00e9curit\u00e9 du patient (AIIC) Institut canadien pour la s\u00e9curit\u00e9 des patients Lavez-vous les mains S\u00e9curit\u00e9 des patients &#8211; Minist\u00e8re de la sant\u00e9 et des soins de longue dur\u00e9e Participation du patient S\u00e9curit\u00e9 [&hellip;]<\/p>\n","protected":false},"author":25,"featured_media":0,"parent":295,"menu_order":4,"comment_status":"closed","ping_status":"closed","template":"","meta":{"_acf_changed":false,"_mc_calendar":[],"footnotes":""},"class_list":["post-6703","page","type-page","status-publish","hentry"],"acf":[],"wps_subtitle":"","_links":{"self":[{"href":"https:\/\/www.ottawahospital.on.ca\/fr\/wp-json\/wp\/v2\/pages\/6703","targetHints":{"allow":["GET"]}}],"collection":[{"href":"https:\/\/www.ottawahospital.on.ca\/fr\/wp-json\/wp\/v2\/pages"}],"about":[{"href":"https:\/\/www.ottawahospital.on.ca\/fr\/wp-json\/wp\/v2\/types\/page"}],"author":[{"embeddable":true,"href":"https:\/\/www.ottawahospital.on.ca\/fr\/wp-json\/wp\/v2\/users\/25"}],"replies":[{"embeddable":true,"href":"https:\/\/www.ottawahospital.on.ca\/fr\/wp-json\/wp\/v2\/comments?post=6703"}],"version-history":[{"count":0,"href":"https:\/\/www.ottawahospital.on.ca\/fr\/wp-json\/wp\/v2\/pages\/6703\/revisions"}],"up":[{"embeddable":true,"href":"https:\/\/www.ottawahospital.on.ca\/fr\/wp-json\/wp\/v2\/pages\/295"}],"wp:attachment":[{"href":"https:\/\/www.ottawahospital.on.ca\/fr\/wp-json\/wp\/v2\/media?parent=6703"}],"curies":[{"name":"wp","href":"https:\/\/api.w.org\/{rel}","templated":true}]}}