{"id":6698,"date":"2016-11-14T12:05:45","date_gmt":"2016-11-14T17:05:45","guid":{"rendered":"http:\/\/52.229.122.34\/fr\/?page_id=6698"},"modified":"2021-02-09T13:40:13","modified_gmt":"2021-02-09T18:40:13","slug":"conscience-de-la-situation-et-securite-des-patients","status":"publish","type":"page","link":"https:\/\/www.ottawahospital.on.ca\/fr\/qualite-et-securite\/mettre-en-oeuvre\/conscience-de-la-situation-et-securite-des-patients\/","title":{"rendered":"Conscience de la situation et s\u00e9curit\u00e9 des patients"},"content":{"rendered":"<p>La communaut\u00e9 m\u00e9dicale a identifi\u00e9 les facteurs humains comme \u00e9tant un domaine cl\u00e9 de l\u2019am\u00e9lioration de la pratique s\u00e9curitaire. Malgr\u00e9 cela, ces facteurs sont peu enseign\u00e9s dans le domaine m\u00e9dical.<\/p>\n<p>Une \u00e9valuation des besoins men\u00e9e aupr\u00e8s de m\u00e9decins issus de diverses disciplines, d\u2019infirmi\u00e8res, d&rsquo;\u00e9ducateurs m\u00e9dicaux, de personnel du milieu de la s\u00e9curit\u00e9 des patients et des professionnels de la discipline des facteurs humains a qualifi\u00e9 la conscience de la situation, un facteur humain de base, comme \u00e9tant le facteur humain le plus important et le moins compris.<\/p>\n<p>Con\u00e7ue avec l\u2019appui de l\u2019Association canadienne de protection m\u00e9dicale, la trousse d\u2019apprentissage se veut former les m\u00e9decins dans le domaine de la conscience de la situation dans le but d\u2019am\u00e9liorer la s\u00e9curit\u00e9 des patients. Cette trousse se compose d&rsquo;un guide d&rsquo;introduction sur la conscience de la situation et la s\u00e9curit\u00e9 des patients; d\u2019une s\u00e9rie de diapositives de pr\u00e9sentation accompagn\u00e9es des notes de l\u2019instructeur pour aider les enseignants dans leur instruction; et de trois modules d\u2019enseignement s\u00e9par\u00e9s pour les instructeurs, les participants et les autodidactes, qui permettent aux utilisateurs de pratiquer leur apprentissage \u00e0 l\u2019aide de cas hypoth\u00e9tiques les exposant \u00e0 divers contextes cliniques.<\/p>\n<p>Pour lire un aper\u00e7u de la conscience de la situation, de ses proc\u00e9d\u00e9s et de ses obstacles \u00e9ventuels ainsi que de ses effets sur la s\u00e9curit\u00e9 des patients, veuillez t\u00e9l\u00e9charger une version abr\u00e9g\u00e9e du guide d&rsquo;introduction sur la conscience de la situation et de la s\u00e9curit\u00e9 des patients dans les deux langues officielles.<\/p>\n<ul>\n<li>Conscience de la situation et s\u00e9curit\u00e9 des patients &#8211; <a href=\"https:\/\/carleton.ca\/psychology\/wp-content\/uploads\/FULL_SituationalAwareness_PatientSafety.pdf\" target=\"_blank\" rel=\"noopener noreferrer\">Une br\u00e8ve introduction<\/a><\/li>\n<li>Conscience de la situation et s\u00e9curit\u00e9 des patients (en anglais seulement) &#8211; <a href=\"\/fr\/documents\/2017\/01\/full_situationalawareness_patientsafety.pdf\">La trousse au complet, PDF<\/a><\/li>\n<li><a href=\"https:\/\/www.royalcollege.ca\" target=\"_blank\" rel=\"noopener noreferrer\">Le Coll\u00e8ge royal des m\u00e9decins et chirurgiens du Canada<\/a><\/li>\n<\/ul>\n","protected":false},"excerpt":{"rendered":"<p>La communaut\u00e9 m\u00e9dicale a identifi\u00e9 les facteurs humains comme \u00e9tant un domaine cl\u00e9 de l\u2019am\u00e9lioration de la pratique s\u00e9curitaire. Malgr\u00e9 cela, ces facteurs sont peu enseign\u00e9s dans le domaine m\u00e9dical. Une \u00e9valuation des besoins men\u00e9e aupr\u00e8s de m\u00e9decins issus de diverses disciplines, d\u2019infirmi\u00e8res, d&rsquo;\u00e9ducateurs m\u00e9dicaux, de personnel du milieu de la s\u00e9curit\u00e9 des patients et [&hellip;]<\/p>\n","protected":false},"author":25,"featured_media":0,"parent":295,"menu_order":3,"comment_status":"closed","ping_status":"closed","template":"","meta":{"_acf_changed":false,"_mc_calendar":[],"footnotes":""},"class_list":["post-6698","page","type-page","status-publish","hentry"],"acf":[],"wps_subtitle":"","_links":{"self":[{"href":"https:\/\/www.ottawahospital.on.ca\/fr\/wp-json\/wp\/v2\/pages\/6698","targetHints":{"allow":["GET"]}}],"collection":[{"href":"https:\/\/www.ottawahospital.on.ca\/fr\/wp-json\/wp\/v2\/pages"}],"about":[{"href":"https:\/\/www.ottawahospital.on.ca\/fr\/wp-json\/wp\/v2\/types\/page"}],"author":[{"embeddable":true,"href":"https:\/\/www.ottawahospital.on.ca\/fr\/wp-json\/wp\/v2\/users\/25"}],"replies":[{"embeddable":true,"href":"https:\/\/www.ottawahospital.on.ca\/fr\/wp-json\/wp\/v2\/comments?post=6698"}],"version-history":[{"count":0,"href":"https:\/\/www.ottawahospital.on.ca\/fr\/wp-json\/wp\/v2\/pages\/6698\/revisions"}],"up":[{"embeddable":true,"href":"https:\/\/www.ottawahospital.on.ca\/fr\/wp-json\/wp\/v2\/pages\/295"}],"wp:attachment":[{"href":"https:\/\/www.ottawahospital.on.ca\/fr\/wp-json\/wp\/v2\/media?parent=6698"}],"curies":[{"name":"wp","href":"https:\/\/api.w.org\/{rel}","templated":true}]}}