{"id":66976,"date":"2021-06-25T16:32:00","date_gmt":"2021-06-25T20:32:00","guid":{"rendered":"https:\/\/www.ottawahospital.on.ca\/?page_id=66976"},"modified":"2025-07-09T10:05:43","modified_gmt":"2025-07-09T14:05:43","slug":"catherine-clark","status":"publish","type":"page","link":"https:\/\/www.ottawahospital.on.ca\/fr\/about-us\/notre-equipe-de-direction\/conseil-des-gouverneurs\/membres-du-conseil\/catherine-clark\/","title":{"rendered":"Catherine Clark"},"content":{"rendered":"<div class=\"wp-block-image img-responsive is-style-default\">\n<figure class=\"alignleft\"><img decoding=\"async\" src=\"\/wp-content\/uploads\/2021\/06\/ClarkCatherine.jpg\" alt=\"Clark Catherine\"\/><figcaption class=\"wp-element-caption\"><b>Clark Catherine<\/b>, IAS.A<\/figcaption><\/figure>\n<\/div>\n\n\n<p>Catherine Clark est une animatrice et pr\u00e9sentatrice de t\u00e9l\u00e9vision respect\u00e9e \u00e0 l\u2019\u00e9chelle nationale, ainsi que la cofondatrice de The Honest Talk, une plateforme num\u00e9rique et de balados phare destin\u00e9e aux femmes, qui comprend notamment The Women\u2019s Summit.<\/p>\n\n\n\n<p>Catherine est \u00e9galement pr\u00e9sidente de Catherine Clark Communications et conseill\u00e8re sp\u00e9ciale chez Syntax Strategic, o\u00f9 elle fournit des conseils en communication \u00e0 des particuliers et \u00e0 des entreprises.<\/p>\n\n\n\n<p>Profond\u00e9ment engag\u00e9e dans le service communautaire, Catherine a si\u00e9g\u00e9 \u00e0 de nombreux conseils d\u2019administration et si\u00e8ge actuellement au conseil des gouverneurs de L\u2019H\u00f4pital d\u2019Ottawa et au conseil d\u2019administration d\u2019Hydro Ottawa Holding Inc.<\/p>\n\n\n\n<p><em>Nomm\u00e9e en 2021 jusqu\u2019en 2026.<\/em><\/p>\n","protected":false},"excerpt":{"rendered":"<p>Catherine Clark est une animatrice et pr\u00e9sentatrice de t\u00e9l\u00e9vision respect\u00e9e \u00e0 l\u2019\u00e9chelle nationale, ainsi que la cofondatrice de The Honest Talk, une plateforme num\u00e9rique et de balados phare destin\u00e9e aux femmes, qui comprend notamment The Women\u2019s Summit. Catherine est \u00e9galement pr\u00e9sidente de Catherine Clark Communications et conseill\u00e8re sp\u00e9ciale chez Syntax Strategic, o\u00f9 elle fournit des [&hellip;]<\/p>\n","protected":false},"author":25,"featured_media":0,"parent":4561,"menu_order":1,"comment_status":"closed","ping_status":"closed","template":"","meta":{"_acf_changed":false,"_mc_calendar":[],"footnotes":""},"class_list":["post-66976","page","type-page","status-publish","hentry"],"acf":[],"wps_subtitle":"","_links":{"self":[{"href":"https:\/\/www.ottawahospital.on.ca\/fr\/wp-json\/wp\/v2\/pages\/66976","targetHints":{"allow":["GET"]}}],"collection":[{"href":"https:\/\/www.ottawahospital.on.ca\/fr\/wp-json\/wp\/v2\/pages"}],"about":[{"href":"https:\/\/www.ottawahospital.on.ca\/fr\/wp-json\/wp\/v2\/types\/page"}],"author":[{"embeddable":true,"href":"https:\/\/www.ottawahospital.on.ca\/fr\/wp-json\/wp\/v2\/users\/25"}],"replies":[{"embeddable":true,"href":"https:\/\/www.ottawahospital.on.ca\/fr\/wp-json\/wp\/v2\/comments?post=66976"}],"version-history":[{"count":0,"href":"https:\/\/www.ottawahospital.on.ca\/fr\/wp-json\/wp\/v2\/pages\/66976\/revisions"}],"up":[{"embeddable":true,"href":"https:\/\/www.ottawahospital.on.ca\/fr\/wp-json\/wp\/v2\/pages\/4561"}],"wp:attachment":[{"href":"https:\/\/www.ottawahospital.on.ca\/fr\/wp-json\/wp\/v2\/media?parent=66976"}],"curies":[{"name":"wp","href":"https:\/\/api.w.org\/{rel}","templated":true}]}}