{"id":6694,"date":"2016-11-14T12:03:51","date_gmt":"2016-11-14T17:03:51","guid":{"rendered":"http:\/\/52.229.122.34\/fr\/?page_id=6694"},"modified":"2016-11-14T12:03:51","modified_gmt":"2016-11-14T17:03:51","slug":"imagerie-medicale-qualite-et-pratiques-exemplaires","status":"publish","type":"page","link":"https:\/\/www.ottawahospital.on.ca\/fr\/qualite-et-securite\/mettre-en-oeuvre\/imagerie-medicale-qualite-et-pratiques-exemplaires\/","title":{"rendered":"Imagerie m\u00e9dicale : Qualit\u00e9 et pratiques exemplaires"},"content":{"rendered":"<h2>Les processus d\u2019examen constant assurent qualit\u00e9 et s\u00e9curit\u00e9 en Imagerie m\u00e9dicale<\/h2>\n<p>L\u2019imagerie m\u00e9dicale est un outil essentiel qui permet aux m\u00e9decins de diagnostiquer et de traiter beaucoup de maladies et de blessures. Pour s\u2019assurer de la qualit\u00e9 de ces images, L\u2019H\u00f4pital d\u2019Ottawa a \u00e9tabli plusieurs m\u00e9canismes d\u2019examen de la qualit\u00e9, dont les suivants\u00a0:<\/p>\n<ol>\n<li>Lorsque de nouvelles images r\u00e9v\u00e8lent qu\u2019on a manqu\u00e9 quelque chose, des homologues examinent les rapports pr\u00e9c\u00e9dents de leurs coll\u00e8gues afin qu\u2019on puisse prendre les mesures qui s\u2019imposent.<\/li>\n<li>Les images sont valid\u00e9es tous les jours afin qu\u2019on puisse apporter des corrections lorsque la qualit\u00e9 de l\u2019image s\u2019\u00e9carte de la normale.<\/li>\n<li>Chaque membre du personnel (administratif, technique et m\u00e9dical) veille \u00e0 la conformit\u00e9 de chaque demande d\u2019examen et protocole prescrit, ce qui permet \u00e0 chaque membre de l\u2019\u00e9quipe de signaler une erreur en cours de processus.<\/li>\n<li>Les r\u00e9sultats de pathologie et de chirurgie font l\u2019objet d\u2019examens et de discussions p\u00e9riodiques dans le cadre des s\u00e9ances scientifiques men\u00e9es \u00e0 l\u2019\u00e9chelle du d\u00e9partement.<\/li>\n<li>Un comit\u00e9 de la s\u00e9curit\u00e9 des patients veille \u00e0 am\u00e9liorer constamment les processus du D\u00e9partement d\u2019imagerie m\u00e9dicale et la satisfaction des patients.<\/li>\n<li>Des \u00e9valuateurs cliniques d\u00e9sign\u00e9s en Radiologie examinent tout incident signal\u00e9 au moyen du syst\u00e8me d\u2019apprentissage sur la s\u00e9curit\u00e9 des patients (PSLS).<\/li>\n<\/ol>\n<p>En outre, le D\u00e9partement d\u2019imagerie m\u00e9dicale de l\u2019H\u00f4pital r\u00e9pond aux normes les plus \u00e9lev\u00e9es en mati\u00e8re de s\u00e9curit\u00e9 et de maintenance de son \u00e9quipement, ce qui permet aux professionnels de la sant\u00e9 de se concentrer sur leur mission\u00a0: fournir des soins de calibre mondial \u00e0 chaque patient.<\/p>\n","protected":false},"excerpt":{"rendered":"<p>Les processus d\u2019examen constant assurent qualit\u00e9 et s\u00e9curit\u00e9 en Imagerie m\u00e9dicale L\u2019imagerie m\u00e9dicale est un outil essentiel qui permet aux m\u00e9decins de diagnostiquer et de traiter beaucoup de maladies et de blessures. Pour s\u2019assurer de la qualit\u00e9 de ces images, L\u2019H\u00f4pital d\u2019Ottawa a \u00e9tabli plusieurs m\u00e9canismes d\u2019examen de la qualit\u00e9, dont les suivants\u00a0: Lorsque de [&hellip;]<\/p>\n","protected":false},"author":25,"featured_media":0,"parent":295,"menu_order":2,"comment_status":"closed","ping_status":"closed","template":"","meta":{"_acf_changed":false,"_mc_calendar":[],"footnotes":""},"class_list":["post-6694","page","type-page","status-publish","hentry"],"acf":[],"wps_subtitle":"","_links":{"self":[{"href":"https:\/\/www.ottawahospital.on.ca\/fr\/wp-json\/wp\/v2\/pages\/6694","targetHints":{"allow":["GET"]}}],"collection":[{"href":"https:\/\/www.ottawahospital.on.ca\/fr\/wp-json\/wp\/v2\/pages"}],"about":[{"href":"https:\/\/www.ottawahospital.on.ca\/fr\/wp-json\/wp\/v2\/types\/page"}],"author":[{"embeddable":true,"href":"https:\/\/www.ottawahospital.on.ca\/fr\/wp-json\/wp\/v2\/users\/25"}],"replies":[{"embeddable":true,"href":"https:\/\/www.ottawahospital.on.ca\/fr\/wp-json\/wp\/v2\/comments?post=6694"}],"version-history":[{"count":0,"href":"https:\/\/www.ottawahospital.on.ca\/fr\/wp-json\/wp\/v2\/pages\/6694\/revisions"}],"up":[{"embeddable":true,"href":"https:\/\/www.ottawahospital.on.ca\/fr\/wp-json\/wp\/v2\/pages\/295"}],"wp:attachment":[{"href":"https:\/\/www.ottawahospital.on.ca\/fr\/wp-json\/wp\/v2\/media?parent=6694"}],"curies":[{"name":"wp","href":"https:\/\/api.w.org\/{rel}","templated":true}]}}