{"id":6690,"date":"2016-11-14T12:02:05","date_gmt":"2016-11-14T17:02:05","guid":{"rendered":"http:\/\/52.229.122.34\/fr\/?page_id=6690"},"modified":"2017-01-23T15:28:00","modified_gmt":"2017-01-23T20:28:00","slug":"politique-et-zones-fumeurs-a-lhopital","status":"publish","type":"page","link":"https:\/\/www.ottawahospital.on.ca\/fr\/qualite-et-securite\/mettre-en-oeuvre\/politique-et-zones-fumeurs-a-lhopital\/","title":{"rendered":"Politique et zones fumeurs \u00e0 l&rsquo;H\u00f4pital"},"content":{"rendered":"<p>\u00c0 L\u2019H\u00f4pital d\u2019Ottawa, il est permis de fumer seulement dans les <a href=\"\/fr\/documents\/2017\/01\/smokezones.pdf\" target=\"_blank\">aires d\u00e9sign\u00e9es<\/a>.<\/p>\n<p>Il est prouv\u00e9 que la fum\u00e9e du tabac pr\u00e9sente un danger pour la sant\u00e9. En tant qu\u2019\u00e9tablissement de soins de sant\u00e9, nous nous effor\u00e7ons de ne pas exposer nos employ\u00e9s, nos b\u00e9n\u00e9voles, nos patients et nos visiteurs \u00e0 la fum\u00e9e secondaire. Aidez-nous \u00e0 atteindre cet objectif en fumant seulement dans les zones fumeurs.<\/p>\n<p>Les patients qui aimeraient avoir de l\u2019aide pour arr\u00eater de fumer peuvent demander \u00e0 une infirmi\u00e8re de leur parler des diverses fa\u00e7ons de mettre fin \u00e0 leur d\u00e9pendance (les employ\u00e9s qui souhaitent arr\u00eater de fumer peuvent communiquer avec la Sant\u00e9 et s\u00e9curit\u00e9 au travail \u00e0 ce sujet).<\/p>\n","protected":false},"excerpt":{"rendered":"<p>\u00c0 L\u2019H\u00f4pital d\u2019Ottawa, il est permis de fumer seulement dans les aires d\u00e9sign\u00e9es. Il est prouv\u00e9 que la fum\u00e9e du tabac pr\u00e9sente un danger pour la sant\u00e9. En tant qu\u2019\u00e9tablissement de soins de sant\u00e9, nous nous effor\u00e7ons de ne pas exposer nos employ\u00e9s, nos b\u00e9n\u00e9voles, nos patients et nos visiteurs \u00e0 la fum\u00e9e secondaire. Aidez-nous [&hellip;]<\/p>\n","protected":false},"author":25,"featured_media":0,"parent":295,"menu_order":1,"comment_status":"closed","ping_status":"closed","template":"","meta":{"_acf_changed":false,"_mc_calendar":[],"footnotes":""},"class_list":["post-6690","page","type-page","status-publish","hentry"],"acf":[],"wps_subtitle":"","_links":{"self":[{"href":"https:\/\/www.ottawahospital.on.ca\/fr\/wp-json\/wp\/v2\/pages\/6690","targetHints":{"allow":["GET"]}}],"collection":[{"href":"https:\/\/www.ottawahospital.on.ca\/fr\/wp-json\/wp\/v2\/pages"}],"about":[{"href":"https:\/\/www.ottawahospital.on.ca\/fr\/wp-json\/wp\/v2\/types\/page"}],"author":[{"embeddable":true,"href":"https:\/\/www.ottawahospital.on.ca\/fr\/wp-json\/wp\/v2\/users\/25"}],"replies":[{"embeddable":true,"href":"https:\/\/www.ottawahospital.on.ca\/fr\/wp-json\/wp\/v2\/comments?post=6690"}],"version-history":[{"count":0,"href":"https:\/\/www.ottawahospital.on.ca\/fr\/wp-json\/wp\/v2\/pages\/6690\/revisions"}],"up":[{"embeddable":true,"href":"https:\/\/www.ottawahospital.on.ca\/fr\/wp-json\/wp\/v2\/pages\/295"}],"wp:attachment":[{"href":"https:\/\/www.ottawahospital.on.ca\/fr\/wp-json\/wp\/v2\/media?parent=6690"}],"curies":[{"name":"wp","href":"https:\/\/api.w.org\/{rel}","templated":true}]}}