{"id":6686,"date":"2016-11-14T11:57:41","date_gmt":"2016-11-14T16:57:41","guid":{"rendered":"http:\/\/52.229.122.34\/fr\/?page_id=6686"},"modified":"2025-05-26T17:40:27","modified_gmt":"2025-05-26T21:40:27","slug":"plan-damelioration-de-la-qualite","status":"publish","type":"page","link":"https:\/\/www.ottawahospital.on.ca\/fr\/qualite-et-securite\/planifier\/plan-damelioration-de-la-qualite\/","title":{"rendered":"Plan d\u2019am\u00e9lioration de la qualit\u00e9"},"content":{"rendered":"<p>Nous sommes heureux de publier notre plan d\u2019am\u00e9lioration de la qualit\u00e9, conform\u00e9ment aux exigences de la\u00a0<em>Loi sur l\u2019excellence des soins pour tous<\/em>, qui est entr\u00e9e en vigueur en juin 2010. \u00c0 L\u2019H\u00f4pital d\u2019Ottawa, notre vision est d\u2019offrir \u00e0 chaque patient des soins de calibre mondial et des services exceptionnels avec une compassion digne des personnes qui nous sont ch\u00e8res. Nous nous effor\u00e7ons de fournir \u00e0 nos patients des soins de qualit\u00e9, c\u2019est-\u00e0-dire des soins accessibles, efficaces, efficients, s\u00e9curitaires et centr\u00e9s sur leurs besoins. Notre objectif est de faire partie du 10 % des centres hospitaliers les plus performants en Am\u00e9rique du Nord au chapitre de la qualit\u00e9 des soins et de la s\u00e9curit\u00e9 des patients. Le plan d\u2019am\u00e9lioration de la qualit\u00e9 (PAQ) 2023\/24 nous sert de guide pour atteindre cet objectif.<\/p>\n<p>Pour en savoir plus, consultez les documents suivants\u00a0:<\/p>\n<ul>\n<li>L\u2019H\u00f4pital d\u2019Ottawa\u00a0:\u00a0<a href=\"https:\/\/www.ottawahospital.on.ca\/en\/documents\/2025\/05\/plan-damelioration-de-la-qualite-paq-section-narrative.pdf\">Pr\u00e9sentation du plan d\u2019am\u00e9lioration de la qualit\u00e9<\/a> (PDF)<\/li>\n<li>Minist\u00e8re de la Sant\u00e9 et des Soins de longue dur\u00e9e\u00a0: <em>Loi sur l&rsquo;excellence des soins pour tous<\/em><\/li>\n<li>Plan d\u2019am\u00e9lioration de la qualit\u00e9 de l\u2019an dernier\u00a0: <a href=\"https:\/\/qipnavigator.hqontario.ca\/QIPReports\/Reports.aspx\" target=\"_blank\" rel=\"noopener noreferrer\">Qualit\u00e9 des services de sant\u00e9 Ontario &#8211; Navigateur des PAQS<\/a><\/li>\n<\/ul>\n","protected":false},"excerpt":{"rendered":"<p>Nous sommes heureux de publier notre plan d\u2019am\u00e9lioration de la qualit\u00e9, conform\u00e9ment aux exigences de la\u00a0Loi sur l\u2019excellence des soins pour tous, qui est entr\u00e9e en vigueur en juin 2010. \u00c0 L\u2019H\u00f4pital d\u2019Ottawa, notre vision est d\u2019offrir \u00e0 chaque patient des soins de calibre mondial et des services exceptionnels avec une compassion digne des personnes [&hellip;]<\/p>\n","protected":false},"author":25,"featured_media":0,"parent":289,"menu_order":1,"comment_status":"closed","ping_status":"closed","template":"","meta":{"_acf_changed":false,"_mc_calendar":[],"footnotes":""},"class_list":["post-6686","page","type-page","status-publish","hentry"],"acf":[],"wps_subtitle":"","_links":{"self":[{"href":"https:\/\/www.ottawahospital.on.ca\/fr\/wp-json\/wp\/v2\/pages\/6686","targetHints":{"allow":["GET"]}}],"collection":[{"href":"https:\/\/www.ottawahospital.on.ca\/fr\/wp-json\/wp\/v2\/pages"}],"about":[{"href":"https:\/\/www.ottawahospital.on.ca\/fr\/wp-json\/wp\/v2\/types\/page"}],"author":[{"embeddable":true,"href":"https:\/\/www.ottawahospital.on.ca\/fr\/wp-json\/wp\/v2\/users\/25"}],"replies":[{"embeddable":true,"href":"https:\/\/www.ottawahospital.on.ca\/fr\/wp-json\/wp\/v2\/comments?post=6686"}],"version-history":[{"count":0,"href":"https:\/\/www.ottawahospital.on.ca\/fr\/wp-json\/wp\/v2\/pages\/6686\/revisions"}],"up":[{"embeddable":true,"href":"https:\/\/www.ottawahospital.on.ca\/fr\/wp-json\/wp\/v2\/pages\/289"}],"wp:attachment":[{"href":"https:\/\/www.ottawahospital.on.ca\/fr\/wp-json\/wp\/v2\/media?parent=6686"}],"curies":[{"name":"wp","href":"https:\/\/api.w.org\/{rel}","templated":true}]}}