{"id":6682,"date":"2016-11-14T11:52:36","date_gmt":"2016-11-14T16:52:36","guid":{"rendered":"http:\/\/52.229.122.34\/fr\/?page_id=6682"},"modified":"2016-12-14T13:21:06","modified_gmt":"2016-12-14T18:21:06","slug":"hygiene-des-mains","status":"publish","type":"page","link":"https:\/\/www.ottawahospital.on.ca\/fr\/qualite-et-securite\/prevention-et-controle-des-infections\/hygiene-des-mains\/","title":{"rendered":"Hygi\u00e8ne des mains"},"content":{"rendered":"<p>Chaque ann\u00e9e au Canada, des patients meurent ou deviennent gravement malades apr\u00e8s avoir contract\u00e9 une infection \u00e0 l\u2019h\u00f4pital. On estime qu\u2019au moins 30 % de ces infections pourraient \u00eatre \u00e9vit\u00e9es. Dans bien des cas, ce sont les mains du personnel qui propagent d\u2019un patient \u00e0 l\u2019autre les bact\u00e9ries qui causent les infections.<\/p>\n<p>Des \u00e9tudes scientifiques montrent que l\u2019hygi\u00e8ne des mains est le meilleur moyen de contr\u00f4ler la propagation des germes qui causent les infections.<\/p>\n<p>En vue de promouvoir et d\u2019am\u00e9liorer l\u2019hygi\u00e8ne des mains, L\u2019H\u00f4pital d\u2019Ottawa participe au programme Lavez-vous les mains du minist\u00e8re de la Sant\u00e9 et des Soins de longue dur\u00e9e. Ce programme fond\u00e9 sur des donn\u00e9es probantes s\u2019inspire des travaux r\u00e9alis\u00e9s par l\u2019Organisation mondiale de la Sant\u00e9 et le Royaume-Uni. Il est sp\u00e9cialement con\u00e7u pour les h\u00f4pitaux de l\u2019Ontario. Sa mise \u00e0 l\u2019essai dans dix h\u00f4pitaux ontariens, dont L\u2019H\u00f4pital d\u2019Ottawa, a donn\u00e9 des r\u00e9sultats tr\u00e8s satisfaisants.<\/p>\n<p>Objectifs du programme :<\/p>\n<ul>\n<li>Am\u00e9liorer les mesures d\u2019hygi\u00e8ne des mains des travailleurs de la sant\u00e9.<\/li>\n<li>Am\u00e9liorer et maintenir les bonnes pratiques d\u2019hygi\u00e8ne des mains des travailleurs de la sant\u00e9 en Ontario.<\/li>\n<li>Cr\u00e9er une culture qui favorise le <a href=\"\/fr\/qualite-et-securite\/rendre-compte\/rapport-sur-les-indicateurs\/respect-de-lhygiene-des-mains\/\">respect des pratiques d\u2019hygi\u00e8ne des mains<\/a> o\u00f9 la pr\u00e9vention et le contr\u00f4le des infections est l\u2019affaire de tout le monde.<\/li>\n<\/ul>\n<p>Pour en savoir plus, visitez le site Web du programme <a href=\"https:\/\/www.publichealthontario.ca\/fr\/BrowseByTopic\/InfectiousDiseases\/JustCleanYourHands\/Pages\/Just-Clean-Your-Hands.aspx\" target=\"_blank\">Lavez-vous les mains<\/a>.<\/p>\n","protected":false},"excerpt":{"rendered":"<p>Chaque ann\u00e9e au Canada, des patients meurent ou deviennent gravement malades apr\u00e8s avoir contract\u00e9 une infection \u00e0 l\u2019h\u00f4pital. On estime qu\u2019au moins 30 % de ces infections pourraient \u00eatre \u00e9vit\u00e9es. Dans bien des cas, ce sont les mains du personnel qui propagent d\u2019un patient \u00e0 l\u2019autre les bact\u00e9ries qui causent les infections. Des \u00e9tudes scientifiques [&hellip;]<\/p>\n","protected":false},"author":25,"featured_media":0,"parent":650,"menu_order":4,"comment_status":"closed","ping_status":"closed","template":"","meta":{"_acf_changed":false,"_mc_calendar":[],"footnotes":""},"class_list":["post-6682","page","type-page","status-publish","hentry"],"acf":[],"wps_subtitle":"","_links":{"self":[{"href":"https:\/\/www.ottawahospital.on.ca\/fr\/wp-json\/wp\/v2\/pages\/6682","targetHints":{"allow":["GET"]}}],"collection":[{"href":"https:\/\/www.ottawahospital.on.ca\/fr\/wp-json\/wp\/v2\/pages"}],"about":[{"href":"https:\/\/www.ottawahospital.on.ca\/fr\/wp-json\/wp\/v2\/types\/page"}],"author":[{"embeddable":true,"href":"https:\/\/www.ottawahospital.on.ca\/fr\/wp-json\/wp\/v2\/users\/25"}],"replies":[{"embeddable":true,"href":"https:\/\/www.ottawahospital.on.ca\/fr\/wp-json\/wp\/v2\/comments?post=6682"}],"version-history":[{"count":0,"href":"https:\/\/www.ottawahospital.on.ca\/fr\/wp-json\/wp\/v2\/pages\/6682\/revisions"}],"up":[{"embeddable":true,"href":"https:\/\/www.ottawahospital.on.ca\/fr\/wp-json\/wp\/v2\/pages\/650"}],"wp:attachment":[{"href":"https:\/\/www.ottawahospital.on.ca\/fr\/wp-json\/wp\/v2\/media?parent=6682"}],"curies":[{"name":"wp","href":"https:\/\/api.w.org\/{rel}","templated":true}]}}