{"id":6673,"date":"2016-11-14T11:49:50","date_gmt":"2016-11-14T16:49:50","guid":{"rendered":"http:\/\/52.229.122.34\/fr\/?page_id=6673"},"modified":"2023-11-03T11:12:19","modified_gmt":"2023-11-03T15:12:19","slug":"vaccin-contre-la-grippe","status":"publish","type":"page","link":"https:\/\/www.ottawahospital.on.ca\/fr\/qualite-et-securite\/prevention-et-controle-des-infections\/vaccin-contre-la-grippe\/","title":{"rendered":"Vaccin contre la grippe"},"content":{"rendered":"<p>Vous faire vacciner contre la grippe peut pr\u00e9venir les infections pulmonaires et la pneumonie. Pendant la saison de la grippe, qui s\u2019\u00e9tend g\u00e9n\u00e9ralement de novembre \u00e0 janvier, nous offrons de vacciner nos patients avant leur mise en cong\u00e9. Si vous souhaitez en savoir plus au sujet de la vaccination contre la grippe, consultez un membre de votre \u00e9quipe de soins.<\/p>\n<p>Dans le but de prot\u00e9ger nos patients et leurs visiteurs, nous mettons sur pied des cliniques de vaccination antigrippale gratuite \u00e0 l\u2019intention du personnel et des b\u00e9n\u00e9voles de l\u2019H\u00f4pital.<\/p>\n<div class=\"text-center\"><a href=\"https:\/\/www.youtube.com\/watch?v=whks4DUPvXM&amp;sns=fb\" target=\"_blank\" rel=\"noopener noreferrer\"><strong>Voici pourquoi vous devriez vous faire vacciner selon Rick Mercer (en anglais seulement)<\/strong><\/a><\/div>\n<h2>Foire aux questions<\/h2>\n<p><strong>Je suis en sant\u00e9. Ai-je vraiment besoin d\u2019un vaccin contre la grippe?<\/strong><br \/>\nLes personnes en sant\u00e9 ne sont pas \u00e0 l\u2019abri d\u2019une grippe grave. Certaines personnes n\u2019ont que des sympt\u00f4mes l\u00e9gers, mais vous pouvez propager la grippe sans m\u00eame en avoir de sympt\u00f4mes. Le seul moyen de pr\u00e9venir la propagation de la grippe en l\u2019absence de sympt\u00f4mes est de vous faire vacciner. Les enfants et les personnes \u00e2g\u00e9es courent plus de risques de complications et d\u2019hospitalisations li\u00e9es \u00e0 la grippe. En vous faisant vacciner, vous prot\u00e9gez alors aussi votre famille.<\/p>\n<p><strong>J\u2019ai entendu dire que le vaccin contre la grippe n\u2019est pas tr\u00e8s efficace. C\u2019est vrai?<\/strong><br \/>\nNon. L\u2019efficacit\u00e9 du vaccin est de 70 \u00e0 90 % chez les adultes en sant\u00e9.<\/p>\n<p><strong>Le vaccin pose-t-il un danger pour les femmes enceintes et leur b\u00e9b\u00e9? Et qu\u2019en est-il de l\u2019allaitement?<\/strong><br \/>\nLes femmes enceintes en sant\u00e9 courent plus de risques de complications et d\u2019hospitalisation li\u00e9es \u00e0 la grippe. Le vaccin est sans danger pour les femmes enceintes et celles qui allaitent. Le vaccin est m\u00eame fortement recommand\u00e9 pour ces femmes. Les b\u00e9b\u00e9s n\u00e9s durant la saison de la grippe de femmes qui ont \u00e9t\u00e9 vaccin\u00e9es contre la grippe en sont aussi prot\u00e9g\u00e9s. Les b\u00e9b\u00e9s de moins de six mois ne peuvent pas \u00eatre vaccin\u00e9s contre la grippe.<\/p>\n<p><strong>Qui ne devrait pas se faire vacciner contre la grippe?<\/strong><br \/>\nLes personnes qui ont d\u00e9j\u00e0 eu une r\u00e9action allergique grave au vaccin contre la grippe et celles qui ont une allergie grave aux \u0153ufs ou \u00e0 tout autre composant du vaccin ne devraient pas se faire vacciner contre la grippe. M\u00eame si vous avez une fi\u00e8vre, tant que vous vous sentez bien, vous pouvez vous faire vacciner contre la grippe.<\/p>\n<p><strong>J\u2019ai entendu dire que le vaccin contre la grippe contient un pr\u00e9servatif appel\u00e9 thim\u00e9rosal. Ce pr\u00e9servatif est-il dangereux?<\/strong><br \/>\nNon. Aucune r\u00e9action nuisible attribuable au thim\u00e9rosal n\u2019a \u00e9t\u00e9 signal\u00e9e.<\/p>\n<p><strong>Est-ce que le vaccin peut provoquer la grippe?<\/strong><br \/>\nNon. Le vaccin contre la grippe ne contient pas de virus vivant. Il ne peut donc pas provoquer une grippe.<\/p>\n<p><strong>Quels sont les effets secondaires du vaccin contre la grippe?<\/strong><br \/>\nVous pourriez avoir mal au bras pendant jusqu\u2019\u00e0 deux jours apr\u00e8s avoir re\u00e7u le vaccin. Certaines personnes peuvent \u00e9prouver un l\u00e9ger malaise, une fi\u00e8vre ou des douleurs musculaires apr\u00e8s avoir \u00e9t\u00e9 vaccin\u00e9es. Pour r\u00e9duire ces effets secondaires, vous pouvez prendre un comprim\u00e9 d\u2019ac\u00e9taminoph\u00e8ne (Tylenol) au moment de vous faire vacciner.<\/p>\n<p>Des effets secondaires encore moins courants sont des r\u00e9actions allergiques, des yeux rouges et des sympt\u00f4mes respiratoires. Il n\u2019existe aucune preuve concluante d\u2019un lien entre le vaccin contre la grippe et le syndrome Guillain-Barr\u00e9. Le vaccin n\u2019affaiblit pas le syst\u00e8me immunitaire.<\/p>\n<h2>Pour en savoir plus, suivez les liens affich\u00e9s ci-dessous.<\/h2>\n<p><strong>Cliniques de vaccination contre la grippe<\/strong><\/p>\n<ul>\n<li><a href=\"https:\/\/www.santepubliqueottawa.ca\/fr\/public-health-topics\/influenza-flu.aspx\" target=\"_blank\" rel=\"noopener noreferrer\">La Ville d&rsquo;Ottawa<\/a><\/li>\n<\/ul>\n<p><strong>Information au sujet de la grippe<\/strong><\/p>\n<ul>\n<li><a href=\"https:\/\/www.canada.ca\/fr\/sante-publique\/services\/maladies\/grippe-influenza.html\" target=\"_blank\" rel=\"noopener noreferrer\">Pand\u00e9mie d&rsquo;influenza (Gouvernement du Canada)<\/a><\/li>\n<li><a href=\"https:\/\/www.santepubliqueottawa.ca\/fr\/public-health-topics\/influenza-flu.aspx\" target=\"_blank\" rel=\"noopener noreferrer\">Ressources au sujet de la grippe &#8211; Sant\u00e9 publique Ottawa<\/a><\/li>\n<li><a href=\"https:\/\/immunize.ca\/fr\/campagne-influenza\" target=\"_blank\" rel=\"noopener noreferrer\">Immunisation Canada<\/a><\/li>\n<li>Aide-m\u00e9moire de l&rsquo; Organisation mondiale de la sant\u00e9<\/li>\n<\/ul>\n","protected":false},"excerpt":{"rendered":"<p>Vous faire vacciner contre la grippe peut pr\u00e9venir les infections pulmonaires et la pneumonie. Pendant la saison de la grippe, qui s\u2019\u00e9tend g\u00e9n\u00e9ralement de novembre \u00e0 janvier, nous offrons de vacciner nos patients avant leur mise en cong\u00e9. Si vous souhaitez en savoir plus au sujet de la vaccination contre la grippe, consultez un membre [&hellip;]<\/p>\n","protected":false},"author":25,"featured_media":0,"parent":650,"menu_order":3,"comment_status":"closed","ping_status":"closed","template":"","meta":{"_acf_changed":false,"_mc_calendar":[],"footnotes":""},"class_list":["post-6673","page","type-page","status-publish","hentry"],"acf":[],"wps_subtitle":"","_links":{"self":[{"href":"https:\/\/www.ottawahospital.on.ca\/fr\/wp-json\/wp\/v2\/pages\/6673","targetHints":{"allow":["GET"]}}],"collection":[{"href":"https:\/\/www.ottawahospital.on.ca\/fr\/wp-json\/wp\/v2\/pages"}],"about":[{"href":"https:\/\/www.ottawahospital.on.ca\/fr\/wp-json\/wp\/v2\/types\/page"}],"author":[{"embeddable":true,"href":"https:\/\/www.ottawahospital.on.ca\/fr\/wp-json\/wp\/v2\/users\/25"}],"replies":[{"embeddable":true,"href":"https:\/\/www.ottawahospital.on.ca\/fr\/wp-json\/wp\/v2\/comments?post=6673"}],"version-history":[{"count":0,"href":"https:\/\/www.ottawahospital.on.ca\/fr\/wp-json\/wp\/v2\/pages\/6673\/revisions"}],"up":[{"embeddable":true,"href":"https:\/\/www.ottawahospital.on.ca\/fr\/wp-json\/wp\/v2\/pages\/650"}],"wp:attachment":[{"href":"https:\/\/www.ottawahospital.on.ca\/fr\/wp-json\/wp\/v2\/media?parent=6673"}],"curies":[{"name":"wp","href":"https:\/\/api.w.org\/{rel}","templated":true}]}}