{"id":6667,"date":"2016-11-14T11:44:48","date_gmt":"2016-11-14T16:44:48","guid":{"rendered":"http:\/\/52.229.122.34\/fr\/?page_id=6667"},"modified":"2016-11-16T14:27:00","modified_gmt":"2016-11-16T19:27:00","slug":"prevention-des-infections-directives-a-lintention-des-visiteurs","status":"publish","type":"page","link":"https:\/\/www.ottawahospital.on.ca\/fr\/qualite-et-securite\/prevention-et-controle-des-infections\/prevention-des-infections-directives-a-lintention-des-visiteurs\/","title":{"rendered":"Pr\u00e9vention des infections Directives a l&rsquo;intention des visiteurs"},"content":{"rendered":"<p>\u00c0 L\u2019H\u00f4pital d\u2019Ottawa, la s\u00e9curit\u00e9 des patients est notre priorit\u00e9. Pour pr\u00e9venir la propagation des microbes et des infections, les professionnels de la sant\u00e9 doivent souvent se laver les mains et nettoyer l\u2019\u00e9quipement.<\/p>\n<p>Une infection peut \u00eatre particuli\u00e8rement grave pour un patient hospitalis\u00e9. Vous avez un r\u00f4le important \u00e0 jouer pour pr\u00e9venir les infections en suivant les consignes suivantes :<\/p>\n<ul>\n<li>Ne visitez pas si vous \u00eates malade, faites de la fi\u00e8vre ou avez une toux ou la diarrh\u00e9e.<\/li>\n<li>N&rsquo;utilisez jamais la salle de bain d\u2019un patient.<\/li>\n<li>Ne touchez pas aux fournitures de l&rsquo;h\u00f4pital. Demandez plut\u00f4t au personnel de vous donner les articles dont vous avez besoin.<\/li>\n<li>N&rsquo;entrez pas dans un secteur de l&rsquo;h\u00f4pital que vous ne connaissez pas.<\/li>\n<li>Ne visitez pas d&rsquo;autres patients.<\/li>\n<\/ul>\n<p><strong>Lavage des mains<\/strong><\/p>\n<p>Se garder les mains propres est un moyen important de pr\u00e9venir la propagation de microbes. Il faut souvent se les laver \u00e0 l&rsquo;eau et au savon ou avec un d\u00e9sinfectant (gel ou mousse) pour les mains \u00e0 base d\u2019alcool. Il faut surtout se laver les mains avant d&rsquo;entrer dans la chambre d&rsquo;un patient et apr\u00e8s en \u00eatre sorti, avant de boire ou de manger, apr\u00e8s avoir \u00e9ternu\u00e9 ou touss\u00e9 et apr\u00e8s \u00eatre all\u00e9 aux toilettes. Merci d&rsquo;utiliser le d\u00e9sinfectant pour les mains qui est disponible dans les chambres des patients et dans tout l&rsquo;h\u00f4pital lorsque vous visitez.<\/p>\n<p><strong>Couvrez-vous la bouche quand vous toussez<\/strong><\/p>\n<p>Les infections respiratoires comme la grippe se transmettent facilement. Quand vous toussez ou \u00e9ternuez, il est important de vous couvrir la bouche et le nez d&rsquo;un mouchoir. Jetez imm\u00e9diatement le mouchoir, puis lavez-vous les mains. Si possible, toussez toujours dans votre coude. Si vous toussez ou \u00e9ternuez dans vos mains, lavez-les imm\u00e9diatement, car elles peuvent propager des microbes aux surfaces et aux personnes que vous touchez.<\/p>\n<p><strong>Chambre d&rsquo;isolement<\/strong><\/p>\n<p>Certains patients ont besoin de pr\u00e9cautions additionnelles pour le contr\u00f4le des infections. Il y aura une affiche \u00e0 cet effet \u00e0 l&rsquo;entr\u00e9e de la chambre ou pr\u00e8s du lit d\u2019un patient soumis \u00e0 des pr\u00e9cautions additionnelles. Si vous voyez cette affiche, pr\u00e9sentez-vous au poste de soins infirmiers pour demander des directives avant d&rsquo;entrer. Vous pourriez devoir porter des gants et un masque avec visi\u00e8re. Nos professionnels de la sant\u00e9 vous aideront \u00e0 les enfiler et \u00e0 les enlever correctement.<\/p>\n<p>Merci de nous aider \u00e0 assurer un environnement sain pour nos patients. Si vous avez des questions, veuillez les adresser \u00e0 un membre de l&rsquo;\u00e9quipe de soins.<\/p>\n","protected":false},"excerpt":{"rendered":"<p>\u00c0 L\u2019H\u00f4pital d\u2019Ottawa, la s\u00e9curit\u00e9 des patients est notre priorit\u00e9. Pour pr\u00e9venir la propagation des microbes et des infections, les professionnels de la sant\u00e9 doivent souvent se laver les mains et nettoyer l\u2019\u00e9quipement. Une infection peut \u00eatre particuli\u00e8rement grave pour un patient hospitalis\u00e9. Vous avez un r\u00f4le important \u00e0 jouer pour pr\u00e9venir les infections en [&hellip;]<\/p>\n","protected":false},"author":25,"featured_media":0,"parent":650,"menu_order":1,"comment_status":"closed","ping_status":"closed","template":"","meta":{"_acf_changed":false,"_mc_calendar":[],"footnotes":""},"class_list":["post-6667","page","type-page","status-publish","hentry"],"acf":[],"wps_subtitle":"","_links":{"self":[{"href":"https:\/\/www.ottawahospital.on.ca\/fr\/wp-json\/wp\/v2\/pages\/6667","targetHints":{"allow":["GET"]}}],"collection":[{"href":"https:\/\/www.ottawahospital.on.ca\/fr\/wp-json\/wp\/v2\/pages"}],"about":[{"href":"https:\/\/www.ottawahospital.on.ca\/fr\/wp-json\/wp\/v2\/types\/page"}],"author":[{"embeddable":true,"href":"https:\/\/www.ottawahospital.on.ca\/fr\/wp-json\/wp\/v2\/users\/25"}],"replies":[{"embeddable":true,"href":"https:\/\/www.ottawahospital.on.ca\/fr\/wp-json\/wp\/v2\/comments?post=6667"}],"version-history":[{"count":0,"href":"https:\/\/www.ottawahospital.on.ca\/fr\/wp-json\/wp\/v2\/pages\/6667\/revisions"}],"up":[{"embeddable":true,"href":"https:\/\/www.ottawahospital.on.ca\/fr\/wp-json\/wp\/v2\/pages\/650"}],"wp:attachment":[{"href":"https:\/\/www.ottawahospital.on.ca\/fr\/wp-json\/wp\/v2\/media?parent=6667"}],"curies":[{"name":"wp","href":"https:\/\/api.w.org\/{rel}","templated":true}]}}