{"id":6644,"date":"2016-11-14T11:13:45","date_gmt":"2016-11-14T16:13:45","guid":{"rendered":"http:\/\/52.229.122.34\/fr\/?page_id=6644"},"modified":"2023-11-01T15:53:56","modified_gmt":"2023-11-01T19:53:56","slug":"vivre-et-travailler-a-ottawa","status":"publish","type":"page","link":"https:\/\/www.ottawahospital.on.ca\/fr\/possibilites-de-carriere\/vivre-et-travailler-a-ottawa\/","title":{"rendered":"Vivre et travailler \u00e0 Ottawa"},"content":{"rendered":"\n<figure class=\"wp-block-image size-large\"><img decoding=\"async\" width=\"770\" height=\"330\" src=\"https:\/\/www.ottawahospital.on.ca\/wp-content\/uploads\/2020\/12\/Landing_banner-relocate-to-Ottawa.jpg\" alt=\"\" class=\"wp-image-58524\" srcset=\"https:\/\/www.ottawahospital.on.ca\/wp-content\/uploads\/2020\/12\/Landing_banner-relocate-to-Ottawa.jpg 770w, https:\/\/www.ottawahospital.on.ca\/wp-content\/uploads\/2020\/12\/Landing_banner-relocate-to-Ottawa-600x257.jpg 600w, https:\/\/www.ottawahospital.on.ca\/wp-content\/uploads\/2020\/12\/Landing_banner-relocate-to-Ottawa-300x129.jpg 300w, https:\/\/www.ottawahospital.on.ca\/wp-content\/uploads\/2020\/12\/Landing_banner-relocate-to-Ottawa-768x329.jpg 768w\" sizes=\"(max-width: 770px) 100vw, 770px\" \/><\/figure>\n\n\n\n<h2 class=\"wp-block-heading\">Ottawa est un grand centre urbain \u00e0&nbsp;l\u2019ambiance d\u2019un village<strong><\/strong><\/h2>\n\n\n\n<p>Ottawa, qui figure parmi les plus belles capitales du monde, est une ville propice \u00e0 tous les styles de vie, du centre-ville dynamique aux villages ruraux, en passant par les banlieues familiales.<\/p>\n\n\n\n<p>Entour\u00e9e de tout ce que la nature a \u00e0 offrir, la r\u00e9gion de la capitale nationale offre aux amateurs de plein air de nombreux sentiers de randonn\u00e9e p\u00e9destre, de raquette et de ski de fond \u00e0 quelques minutes du centre-ville dans les collines de la Gatineau, ou encore une foule d\u2019exp\u00e9riences culinaires, culturelles, artistiques et divertissantes \u00e0 d\u00e9couvrir \u00e0 deux pas de chez soi. Ville de festivals, Ottawa accueille chaque ann\u00e9e des festivals musicaux et culturels de renomm\u00e9e mondiale.<\/p>\n\n\n\n<p>Visitez les \u00e9difices du Parlement, contemplez les tr\u00e9sors du Mus\u00e9e des beaux-arts du Canada (l\u2019un des nombreux mus\u00e9es que compte la ville) et assistez \u00e0 un spectacle au Centre national des Arts. Ottawa compte aussi trois universit\u00e9s et trois coll\u00e8ges, ainsi que des options de scolarit\u00e9 publiques et priv\u00e9es en fran\u00e7ais, en anglais et dans d\u2019autres langues.<\/p>\n\n\n\n<h2 class=\"wp-block-heading\">Vous venez vivre \u00e0 Ottawa?<\/h2>\n\n\n\n<p>Pour en savoir plus sur un d\u00e9m\u00e9nagement \u00e0 Ottawa et la vie dans notre superbe ville, vous pouvez consulter les sites Web ci-dessous&nbsp;:<\/p>\n\n\n<div class=\"toh-row-content\">\n<div class=\"col-sm-6 col-md-4 mb-4\">\n<div class=\"toh-card h-100\">\n<div class=\"toh-card-inner\">\n<div class=\"toh-card-body\">\n<h5 class=\"toh-card-title\"><strong>Au sujet d\u2019Ottawa<\/strong><\/h5>\n<p><a href=\"https:\/\/ottawa.ca\/fr\">Ville d\u2019Ottawa<\/a><\/p>\n<\/div>\n<\/div>\n<\/div>\n<\/div>\n<div class=\"col-sm-6 col-md-4 mb-4\">\n<div class=\"toh-card h-100\">\n<div class=\"toh-card-inner\">\n<div class=\"toh-card-body\">\n<h5 class=\"toh-card-title\"><strong>Immobilier \u2013 Achats et locations<\/strong><\/h5>\n<p>Chambre immobili\u00e8re d\u2019Ottawa<\/p>\n<p><a href=\"https:\/\/www.rentseeker.ca\/\">Moteur de recherche de logements locatifs<\/a><\/p>\n<p><a href=\"https:\/\/www.realtor.ca\/\">Acheter ou louer<\/a><\/p>\n<p><a href=\"https:\/\/rentals.ca\/ottawa\">Trouver un logement locatif<\/a><\/p>\n<\/div>\n<\/div>\n<\/div>\n<\/div>\n<div class=\"col-sm-6 col-md-4 mb-4\">\n<div class=\"toh-card h-100\">\n<div class=\"toh-card-inner\">\n<div class=\"toh-card-body\">\n<h5 class=\"toh-card-title\"><strong>Transports<\/strong><\/h5>\n<p><a href=\"https:\/\/www.octranspo.com\/fr\/\">OC Transpo<\/a><\/p>\n<p><a href=\"https:\/\/www.viarail.ca\/fr\/decouvrez-nos-destinations\/gares\/ontario\/ottawa\">Via Rail<\/a><\/p>\n<p><a href=\"https:\/\/yow.ca\/fr\">A\u00e9roport international d\u2019Ottawa<\/a><\/p>\n<\/div>\n<\/div>\n<\/div>\n<\/div>\n<\/div>\n<div class=\"toh-row-content\">\n<div class=\"col-sm-6 col-md-4 mb-4\">\n<div class=\"toh-card h-100\">\n<div class=\"toh-card-inner\">\n<div class=\"toh-card-body\">\n<h5 class=\"toh-card-title\"><strong>Magasiner<\/strong><\/h5>\n<p><a href=\"https:\/\/www.cfshops.com\/rideau-centre.html\">Centre Rideau<\/a><\/p>\n<p><a href=\"https:\/\/www.bayshoreshoppingcentre.com\/en\/\">Centre commercial Bayshore<\/a><\/p>\n<p><a href=\"https:\/\/www.tangeroutletcanada.com\/ottawa\">Tanger Outlets<\/a><\/p>\n<p><a href=\"https:\/\/ottawatrainyards.com\/directory\/\">Ottawa Train Yards<\/a><\/p>\n<p><a href=\"https:\/\/ottawa.ca\/fr\/entreprises\/aide-pour-creer-ou-developper-une-entreprise\/appui-des-organismes-par-les-entreprises-locales\/zones-damelioration-commerciale-dottawa\">Zones d\u2019am\u00e9lioration commerciale locales<\/a><\/p>\n<\/div>\n<\/div>\n<\/div>\n<\/div>\n<div class=\"col-sm-6 col-md-4 mb-4\">\n<div class=\"toh-card h-100\">\n<div class=\"toh-card-inner\">\n<div class=\"toh-card-body\">\n<h5 class=\"toh-card-title\"><strong>Voyage et tourisme<\/strong><\/h5>\n<p><a href=\"https:\/\/ottawatourism.ca\/fr\">Tourisme Ottawa<\/a><\/p>\n<p><a href=\"https:\/\/www.canada.ca\/fr\/services\/culture\/attraits-culturels\/attraits-capitale-canada\/colline-parlement.html\">Colline du Parlement<\/a><\/p>\n<p><a href=\"https:\/\/ingeniumcanada.org\/fr\/agriculture\">Mus\u00e9e de l\u2019agriculture et de l\u2019alimentation du Canada<\/a><\/p>\n<p><a href=\"https:\/\/www.beaux-arts.ca\/\">Mus\u00e9e des beaux-arts du Canada<\/a><\/p>\n<p><a href=\"https:\/\/ingeniumcanada.org\/fr\/scitech\">Mus\u00e9e des sciences et de la technologie du Canada<\/a><\/p>\n<p><a href=\"https:\/\/ingeniumcanada.org\/fr\/aviation\">Mus\u00e9e de l\u2019aviation et de l\u2019espace du Canada<\/a><\/p>\n<p><a href=\"https:\/\/nature.ca\/fr\/accueil\">Mus\u00e9e canadien de la nature <\/a><a href=\"https:\/\/www.ottawafestivals.ca\/fr\/\">Festivals d&rsquo;Ottawa<\/a><\/p>\n<\/div>\n<\/div>\n<\/div>\n<\/div>\n<div class=\"col-sm-6 col-md-4 mb-4\">\n<div class=\"toh-card h-100\">\n<div class=\"toh-card-inner\">\n<div class=\"toh-card-body\">\n<h5 class=\"toh-card-title\"><strong>Enseignement<\/strong><\/h5>\n<p><a href=\"https:\/\/www.uottawa.ca\/fr\">Universit\u00e9 d\u2019Ottawa<\/a><\/p>\n<p><a href=\"https:\/\/carleton.ca\/\">Universit\u00e9 Carleton<\/a><\/p>\n<p><a href=\"https:\/\/uqo.ca\/\">Universit\u00e9 du Qu\u00e9bec en Outaouais<\/a><\/p>\n<p>Coll\u00e8ge Algonquin<\/p>\n<p><a href=\"https:\/\/www.herzing.ca\/fr\/etudiants-internationaux\/etudier-a-ottawa\/\">Coll\u00e8ge Herzing<\/a><\/p>\n<p><a href=\"https:\/\/www.collegelacite.ca\/\">La Cit\u00e9<\/a><\/p>\n<p><a href=\"https:\/\/www.ocsb.ca\/\">Conseil des \u00e9coles catholiques d\u2019Ottawa-Carleton<\/a><\/p>\n<p><a href=\"https:\/\/www.ecolecatholique.ca\/en\">Conseil des \u00e9coles catholiques de langue fran\u00e7aise du Centre\u2011Est<\/a><\/p>\n<p><a href=\"https:\/\/www.csdceo.ca\/en\/\">Conseil scolaire de district catholique de l\u2019Est ontarien<\/a><\/p>\n<p><a href=\"https:\/\/www.ocdsb.ca\/\">Conseil scolaire de district d\u2019Ottawa-Carleton<\/a><\/p>\n<p><a href=\"https:\/\/www.ocdsb.ca\/\">Ottawa-Carleton District School Board<\/a><\/p>\n<p><a href=\"https:\/\/www.cepeo.on.ca\/\">Conseil des \u00e9coles publiques de l\u2019Est de l\u2019Ontario<\/a><\/p>\n<\/div>\n<\/div>\n<\/div>\n<\/div>\n<\/div>","protected":false},"excerpt":{"rendered":"<p>Ottawa est un grand centre urbain \u00e0&nbsp;l\u2019ambiance d\u2019un village Ottawa, qui figure parmi les plus belles capitales du monde, est une ville propice \u00e0 tous les styles de vie, du centre-ville dynamique aux villages ruraux, en passant par les banlieues familiales. Entour\u00e9e de tout ce que la nature a \u00e0 offrir, la r\u00e9gion de la [&hellip;]<\/p>\n","protected":false},"author":25,"featured_media":0,"parent":77122,"menu_order":6,"comment_status":"closed","ping_status":"closed","template":"","meta":{"_acf_changed":false,"_mc_calendar":[],"footnotes":""},"class_list":["post-6644","page","type-page","status-publish","hentry"],"acf":[],"wps_subtitle":"","_links":{"self":[{"href":"https:\/\/www.ottawahospital.on.ca\/fr\/wp-json\/wp\/v2\/pages\/6644","targetHints":{"allow":["GET"]}}],"collection":[{"href":"https:\/\/www.ottawahospital.on.ca\/fr\/wp-json\/wp\/v2\/pages"}],"about":[{"href":"https:\/\/www.ottawahospital.on.ca\/fr\/wp-json\/wp\/v2\/types\/page"}],"author":[{"embeddable":true,"href":"https:\/\/www.ottawahospital.on.ca\/fr\/wp-json\/wp\/v2\/users\/25"}],"replies":[{"embeddable":true,"href":"https:\/\/www.ottawahospital.on.ca\/fr\/wp-json\/wp\/v2\/comments?post=6644"}],"version-history":[{"count":0,"href":"https:\/\/www.ottawahospital.on.ca\/fr\/wp-json\/wp\/v2\/pages\/6644\/revisions"}],"up":[{"embeddable":true,"href":"https:\/\/www.ottawahospital.on.ca\/fr\/wp-json\/wp\/v2\/pages\/77122"}],"wp:attachment":[{"href":"https:\/\/www.ottawahospital.on.ca\/fr\/wp-json\/wp\/v2\/media?parent=6644"}],"curies":[{"name":"wp","href":"https:\/\/api.w.org\/{rel}","templated":true}]}}