{"id":6596,"date":"2016-11-14T10:38:11","date_gmt":"2016-11-14T15:38:11","guid":{"rendered":"http:\/\/52.229.122.34\/fr\/?page_id=6596"},"modified":"2017-11-03T17:16:43","modified_gmt":"2017-11-03T21:16:43","slug":"club-may-court","status":"publish","type":"page","link":"https:\/\/www.ottawahospital.on.ca\/fr\/possibilites-de-carriere\/devenir-benevolat\/associations-de-benevoles\/club-may-court\/","title":{"rendered":"Club May Court"},"content":{"rendered":"<h2>Historique du Club May Court<\/h2>\n<p>Fond\u00e9 en 1898 par Lady Aberdeen, femme du gouverneur g\u00e9n\u00e9ral du Canada, le <a href=\"https:\/\/www.maycourt.org\" target=\"_blank\">Club May Court d&rsquo;Ottawa<\/a> est le plus ancien club de bienfaisance au Canada. Plus de 300 femmes membres du Club May Court offrent des services communautaires. Elles consacrent, \u00e0 titre b\u00e9n\u00e9vole, plus de 17 000 heures chaque ann\u00e9e \u00e0 la collectivit\u00e9 d&rsquo;Ottawa et r\u00e9pondent \u00e0 d&rsquo;innombrables besoins au moyen de collectes de fonds et en offrant leur expertise en gestion. De plus, elles travaillent de concert avec les popotes roulantes, le Programme d&rsquo;alphab\u00e9tisation pr\u00e9coce, l&rsquo;Hospice \u00e0 May Court, le May Court Bargain Box, la biblioth\u00e8que May Court, l&rsquo;Emergency Food Box Program, le Centre de sant\u00e9 du sein de la femme ainsi qu&rsquo;avec de nombreux autres organismes.<\/p>\n<h2>Historique de la biblioth\u00e8que<\/h2>\n<p>\u00c9tablie depuis 1925, la biblioth\u00e8que offre des services de pr\u00eats de livres et de revues aux patients, de tri et de distribution de revues dans toutes les salles d&rsquo;attente de l&rsquo;h\u00f4pital. Elle distribue aussi des livres et de la musique enregistr\u00e9s sur cassette aux patients sur la recommandation du personnel hospitalier.<\/p>\n<p>Une fois par semaine, les b\u00e9n\u00e9voles visitent les chambres pour offrir aux patients des livres et des revues. Comme on fait appel au syst\u00e8me fond\u00e9 sur l&rsquo;honneur, les patients qui ont emprunt\u00e9 du mat\u00e9riel sont pri\u00e9s de le laisser \u00e0 l&rsquo;intention des b\u00e9n\u00e9voles qui le r\u00e9cup\u00e8rent \u00e0 leur prochaine visite. On invite aussi les patients qui peuvent se d\u00e9placer et le personnel \u00e0 visiter la biblioth\u00e8que pour emprunter des livres.<\/p>\n<p>Tout le mat\u00e9riel de la biblioth\u00e8que est donn\u00e9 ou achet\u00e9 avec l&rsquo;argent amass\u00e9 au cours des ventes de livres. Chaque ann\u00e9e, Les Auxiliaires Civic de L&rsquo;H\u00f4pital d&rsquo;Ottawa font un don qui permet de faire l&rsquo;achat de nouveaux livres enregistr\u00e9s sur cassette ou de nouvel \u00e9quipement.<\/p>\n<h2>Heures d&rsquo;ouverture<\/h2>\n<p>La biblioth\u00e8que est ouverte du lundi au jeudi, de 9 h \u00e0 13 h.<\/p>\n<h2>Pour nous joindre<\/h2>\n<ul>\n<li>Si vous \u00eates <strong>\u00e0 l&rsquo;int\u00e9rieur<\/strong> de l&rsquo;h\u00f4pital : composez 16717<\/li>\n<li>Si vous \u00eates <strong>\u00e0 l&rsquo;ext\u00e9rieur<\/strong> de l&rsquo;h\u00f4pital : composez 613-798-5555, poste 16717<\/li>\n<\/ul>\n<h2>Don de livres et de revues<\/h2>\n<p>Tous les dons de livres en bon \u00e9tat et de revues courantes sont les bienvenus. Nous vous demandons de les laisser au bureau d&rsquo;information du Campus Civic (entr\u00e9e Paterson) ou de les apporter directement \u00e0 la biblioth\u00e8que.<\/p>\n<h2>Emplacement<\/h2>\n<p>La <strong>biblioth\u00e8que est situ\u00e9e au sous-sol de la section C<\/strong> <strong>du Campus Civic<\/strong> de L&rsquo;H\u00f4pital d&rsquo;Ottawa. L&rsquo;ascenseur en face de la caf\u00e9t\u00e9ria (Caf\u00e9 Tulipe) permet d&rsquo;y acc\u00e9der le plus facilement. <strong>La biblioth\u00e8que est accessible aux personnes en fauteuil roulant.<\/strong><\/p>\n<h2>Ventes de livres<\/h2>\n<p>La biblioth\u00e8que May Court tient une vente de livres usag\u00e9s deux fois par ann\u00e9e pour recueillir des fonds permettant l&rsquo;abonnement \u00e0 des revues d&rsquo;actualit\u00e9 et \u00e0 d&rsquo;autres ouvrages.<\/p>\n","protected":false},"excerpt":{"rendered":"<p>Historique du Club May Court Fond\u00e9 en 1898 par Lady Aberdeen, femme du gouverneur g\u00e9n\u00e9ral du Canada, le Club May Court d&rsquo;Ottawa est le plus ancien club de bienfaisance au Canada. Plus de 300 femmes membres du Club May Court offrent des services communautaires. Elles consacrent, \u00e0 titre b\u00e9n\u00e9vole, plus de 17 000 heures chaque [&hellip;]<\/p>\n","protected":false},"author":25,"featured_media":0,"parent":6559,"menu_order":5,"comment_status":"closed","ping_status":"closed","template":"","meta":{"_acf_changed":false,"_mc_calendar":[],"footnotes":""},"class_list":["post-6596","page","type-page","status-publish","hentry"],"acf":[],"wps_subtitle":"","_links":{"self":[{"href":"https:\/\/www.ottawahospital.on.ca\/fr\/wp-json\/wp\/v2\/pages\/6596","targetHints":{"allow":["GET"]}}],"collection":[{"href":"https:\/\/www.ottawahospital.on.ca\/fr\/wp-json\/wp\/v2\/pages"}],"about":[{"href":"https:\/\/www.ottawahospital.on.ca\/fr\/wp-json\/wp\/v2\/types\/page"}],"author":[{"embeddable":true,"href":"https:\/\/www.ottawahospital.on.ca\/fr\/wp-json\/wp\/v2\/users\/25"}],"replies":[{"embeddable":true,"href":"https:\/\/www.ottawahospital.on.ca\/fr\/wp-json\/wp\/v2\/comments?post=6596"}],"version-history":[{"count":0,"href":"https:\/\/www.ottawahospital.on.ca\/fr\/wp-json\/wp\/v2\/pages\/6596\/revisions"}],"up":[{"embeddable":true,"href":"https:\/\/www.ottawahospital.on.ca\/fr\/wp-json\/wp\/v2\/pages\/6559"}],"wp:attachment":[{"href":"https:\/\/www.ottawahospital.on.ca\/fr\/wp-json\/wp\/v2\/media?parent=6596"}],"curies":[{"name":"wp","href":"https:\/\/api.w.org\/{rel}","templated":true}]}}