{"id":6592,"date":"2016-11-14T10:36:49","date_gmt":"2016-11-14T15:36:49","guid":{"rendered":"http:\/\/52.229.122.34\/fr\/?page_id=6592"},"modified":"2017-11-03T17:16:33","modified_gmt":"2017-11-03T21:16:33","slug":"associationdes-benevoles-du-centre-de-readaptation","status":"publish","type":"page","link":"https:\/\/www.ottawahospital.on.ca\/fr\/possibilites-de-carriere\/devenir-benevolat\/associations-de-benevoles\/associationdes-benevoles-du-centre-de-readaptation\/","title":{"rendered":"Association des b\u00e9n\u00e9voles du Centre de r\u00e9adaptation"},"content":{"rendered":"<p><img decoding=\"async\" class=\"size-full wp-image-6590 alignright\" src=\"\/wp-content\/uploads\/2016\/11\/trc-logo.png\" alt=\"trc-logo\" width=\"150\" height=\"130\" \/>L&rsquo;Association des b\u00e9n\u00e9voles du Centre de r\u00e9adaptation est un organisme de bienfaisance enregistr\u00e9 qui a pour mission d&rsquo;am\u00e9liorer la qualit\u00e9 de vie des patients au Centre de r\u00e9adaptation. Pour ce faire, elle :<\/p>\n<ul>\n<li>fournit une aide financi\u00e8re et en nature aux patients du Centre<\/li>\n<li>offre, en collaboration avec le personnel du Centre, un soutien en mati\u00e8re de mat\u00e9riel et de programmes r\u00e9cr\u00e9atifs, pour la satisfaction des patients<\/li>\n<li>donne suite aux demandes, de la part du Centre, de mat\u00e9riel qui ne para\u00eet pas \u00e0 l&rsquo;inventaire des installations et des fournitures, pour la satisfaction et le bien-\u00eatre des patients<\/li>\n<li>am\u00e9liore le programme des b\u00e9n\u00e9voles du Centre en appuyant le d\u00e9veloppement, le maintien en poste et la reconnaissance des b\u00e9n\u00e9voles<\/li>\n<li>\u00e9labore et met en \u0153uvre des activit\u00e9s optimales de collecte de fonds<\/li>\n<li>g\u00e8re de mani\u00e8re efficace ses ressources limit\u00e9es<\/li>\n<li>collabore avec le Centre et La Fondation de l&rsquo;H\u00f4pital d&rsquo;Ottawa afin d&rsquo;optimiser les possibilit\u00e9s qui profitent aux patients du Centre.<\/li>\n<\/ul>\n<p>L&rsquo;Association amasse des fonds gr\u00e2ce \u00e0 son Caf\u00e9, son encan annuel de bienfaisance et d&rsquo;autres activit\u00e9s dont le bazar d&rsquo;automne ainsi que la vente de livres et de chili. Nous acceptons toujours des dons.<\/p>\n<h2>\u00c9nonc\u00e9 de valeurs<\/h2>\n<p>L&rsquo;Association tient aux valeurs suivantes :<\/p>\n<ul>\n<li><strong>Respect<\/strong> : respect et dignit\u00e9 pour toute personne, ind\u00e9pendamment de sa situation.<\/li>\n<li><strong>Responsabilit\u00e9<\/strong> : responsabilit\u00e9 envers nos donateurs et le grand public par rapport aux fonds que nous recueillons et \u00e0 la fa\u00e7on dont ils sont distribu\u00e9s.<\/li>\n<li><strong>Collaboration<\/strong> : des rapports marqu\u00e9s par la collaboration et la coop\u00e9ration avec le personnel de l&rsquo;h\u00f4pital.<\/li>\n<li><strong>Confidentialit\u00e9<\/strong> : respect de la vie priv\u00e9e des patients et de la confidentialit\u00e9 de l&rsquo;information qui leur est propre.<\/li>\n<li><strong>D\u00e9veloppement<\/strong> : l&rsquo;offre aux b\u00e9n\u00e9voles de possibilit\u00e9s d&rsquo;innover, de s&rsquo;am\u00e9liorer et de cro\u00eetre.<\/li>\n<li><strong>G\u00e9rance<\/strong> : gestion efficace de ses ressources financi\u00e8res et humaines.<\/li>\n<\/ul>\n<h2>Structure organisationnelle<\/h2>\n<p>L&rsquo;Association des b\u00e9n\u00e9voles du Centre de r\u00e9adaptation regroupe tous les b\u00e9n\u00e9voles du Centre de r\u00e9adaptation. Elle est dirig\u00e9e par un conseil d&rsquo;administration dont les membres sont \u00e9lus par les membres de l&rsquo;Association. Le Conseil est responsable de la planification strat\u00e9gique, de l&rsquo;identification et la gestion du risque, des d\u00e9cisions financi\u00e8res, de la surveillance des activit\u00e9s et des communications avec les membres et les intervenants.<\/p>\n<h2>Pour appuyer l&rsquo;Association<\/h2>\n<p>Vous pouvez appuyer l&rsquo;Association en donnant de votre temps et de vos talents ou en faisant une contribution financi\u00e8re.<\/p>\n<p>Vous pouvez faire un don par ch\u00e8que (payable \u00e0 l&rsquo;Association des b\u00e9n\u00e9voles du Centre de r\u00e9adaptation) par Visa ou MasterCard. Nous remettrons des re\u00e7us aux fins de l&rsquo;imp\u00f4t pour tout don de 10 $ ou plus.<\/p>\n<h2>Renseignements<\/h2>\n<p>Association des b\u00e9n\u00e9voles du Centre de r\u00e9adaptation<br \/>\n505, chemin Smyth<br \/>\nOttawa ON K1H 8M2<br \/>\n<strong>T\u00e9l. :<\/strong> 613-737-7350, poste 75476<\/p>\n","protected":false},"excerpt":{"rendered":"<p>L&rsquo;Association des b\u00e9n\u00e9voles du Centre de r\u00e9adaptation est un organisme de bienfaisance enregistr\u00e9 qui a pour mission d&rsquo;am\u00e9liorer la qualit\u00e9 de vie des patients au Centre de r\u00e9adaptation. Pour ce faire, elle : fournit une aide financi\u00e8re et en nature aux patients du Centre offre, en collaboration avec le personnel du Centre, un soutien en [&hellip;]<\/p>\n","protected":false},"author":25,"featured_media":0,"parent":6559,"menu_order":4,"comment_status":"closed","ping_status":"closed","template":"","meta":{"_acf_changed":false,"_mc_calendar":[],"footnotes":""},"class_list":["post-6592","page","type-page","status-publish","hentry"],"acf":[],"wps_subtitle":"","_links":{"self":[{"href":"https:\/\/www.ottawahospital.on.ca\/fr\/wp-json\/wp\/v2\/pages\/6592","targetHints":{"allow":["GET"]}}],"collection":[{"href":"https:\/\/www.ottawahospital.on.ca\/fr\/wp-json\/wp\/v2\/pages"}],"about":[{"href":"https:\/\/www.ottawahospital.on.ca\/fr\/wp-json\/wp\/v2\/types\/page"}],"author":[{"embeddable":true,"href":"https:\/\/www.ottawahospital.on.ca\/fr\/wp-json\/wp\/v2\/users\/25"}],"replies":[{"embeddable":true,"href":"https:\/\/www.ottawahospital.on.ca\/fr\/wp-json\/wp\/v2\/comments?post=6592"}],"version-history":[{"count":0,"href":"https:\/\/www.ottawahospital.on.ca\/fr\/wp-json\/wp\/v2\/pages\/6592\/revisions"}],"up":[{"embeddable":true,"href":"https:\/\/www.ottawahospital.on.ca\/fr\/wp-json\/wp\/v2\/pages\/6559"}],"wp:attachment":[{"href":"https:\/\/www.ottawahospital.on.ca\/fr\/wp-json\/wp\/v2\/media?parent=6592"}],"curies":[{"name":"wp","href":"https:\/\/api.w.org\/{rel}","templated":true}]}}