{"id":6586,"date":"2016-11-14T10:32:32","date_gmt":"2016-11-14T15:32:32","guid":{"rendered":"http:\/\/52.229.122.34\/fr\/?page_id=6586"},"modified":"2023-05-09T15:16:35","modified_gmt":"2023-05-09T19:16:35","slug":"auxiliaires","status":"publish","type":"page","link":"https:\/\/www.ottawahospital.on.ca\/fr\/possibilites-de-carriere\/devenir-benevolat\/associations-de-benevoles\/auxiliaires\/","title":{"rendered":"Les Auxiliaires de l&rsquo;H\u00f4pital d&rsquo;Ottawa"},"content":{"rendered":"\n<h2 class=\"wp-block-heading\">Qu&rsquo;est-ce que les Auxiliaires de l&rsquo;H\u00f4pital d&rsquo;Ottawa?&nbsp;<\/h2>\n\n\n\n<p>Les Auxiliaires de l&rsquo;H\u00f4pital d&rsquo;Ottawa (AHO) sont un groupe incroyable de b\u00e9n\u00e9voles de L&rsquo;H\u00f4pital d&rsquo;Ottawa (L&rsquo;HO) qui se consacrent \u00e0 la collecte de fonds \u00e0 l&rsquo;int\u00e9rieur de l&rsquo;h\u00f4pital afin de soutenir les services et les programmes hospitaliers essentiels dans les trois campus, en plus de faire du b\u00e9n\u00e9volat dans tout l&rsquo;h\u00f4pital.&nbsp; En juillet 2021, les auxiliaires du campus Civic (fond\u00e9 en 1952), les Amis du G\u00e9n\u00e9ral (fond\u00e9 en 1980) et les auxiliaires du campus Riverside (fond\u00e9 en 1967) ont fusionn\u00e9 pour cr\u00e9er l&rsquo;AHO.&nbsp;<\/p>\n\n\n\n<p>Depuis 2011, les trois auxiliaires ont fait don de plus de 13 000 000 $ \u00e0 L&rsquo;HO par l&rsquo;achat de grandes pi\u00e8ces d&rsquo;\u00e9quipement m\u00e9dical, d&rsquo;\u00e9quipement g\u00e9n\u00e9ral, de services de soutien aux patients, notamment l&rsquo;armoire \u00e0 v\u00eatements et les cartes-cadeaux alimentaires pour les patients qui sortent de l&rsquo;h\u00f4pital, ainsi que des bourses pour des programmes d&rsquo;\u00e9ducation et de recherche pour notre incroyable personnel infirmier.&nbsp;<\/p>\n\n\n\n<p>L&rsquo;AHO recueille des fonds en exploitant diverses boutiques de cadeaux de l&rsquo;h\u00f4pital qui sont g\u00e9r\u00e9es par des employ\u00e9s et des b\u00e9n\u00e9voles de l&rsquo;AHO, ainsi que le programme de location de tire-lait, les ventes de livres et d&rsquo;\u0153uvres d&rsquo;art et d&rsquo;autres possibilit\u00e9s novatrices de collecte de fonds au sein des campus hospitaliers.<\/p>\n\n\n\n<h2 class=\"wp-block-heading\"><strong>\u00c9<\/strong>nonc\u00e9 de vision<\/h2>\n\n\n\n<p>Faire une diff\u00e9rence positive pour les patients de L&rsquo;HO et la communaut\u00e9 hospitali\u00e8re en g\u00e9n\u00e9ral.<\/p>\n\n\n\n<h2 class=\"wp-block-heading\">\u00c9nonc\u00e9 de mission<\/h2>\n\n\n\n<p>Soutenir L&rsquo;HO dans la prestation de soins de sant\u00e9 de classe mondiale \u00e0 notre communaut\u00e9 par le biais d&rsquo;initiatives novatrices de collecte de fonds et en soutenant les servicesessentiels aux patients, l&rsquo;acquisition d&rsquo;\u00e9quipement vital, les programmes d&rsquo;\u00e9ducation et de recherche.<\/p>\n\n\n\n<h2 class=\"wp-block-heading\">Contributions<\/h2>\n\n\n\n<p><strong>Un total de 13 millions de dollars entre 2011 et 2022<\/strong><\/p>\n\n\n\n<ul class=\"wp-block-list\">\n<li>Grandes immobilisations\/\u00e9quipements : 8,1 millions de dollars<\/li>\n\n\n\n<li>\u00c9quipement g\u00e9n\u00e9ral : 3,5 millions de dollars, y compris les t\u00e9l\u00e9viseurs des salles d&rsquo;attente, les r\u00e9veils des patients, etc.<\/li>\n\n\n\n<li>Services hospitaliers : 250 000 $, y compris une armoire \u00e0 v\u00eatements d&rsquo;urgence, la location de tire-laits, des trousses pour les nouvelles m\u00e8res, des cartes-cadeaux d&rsquo;urgence pour l&rsquo;\u00e9picerie \u00e0 la sortie de l&rsquo;h\u00f4pital et des services de b\u00e9n\u00e9volat.<\/li>\n\n\n\n<li>Bourses et recherche : 1 million de dollars, y compris les bourses annuelles pour les infirmi\u00e8res.<\/li>\n<\/ul>\n\n\n\n<h2 class=\"wp-block-heading\">Pourquoi devenir membre ?<\/h2>\n\n\n\n<p>&#8211; Vous jouerez un r\u00f4le essentiel dans la mission de l&rsquo;AHO, qui consiste \u00e0 soutenir la communaut\u00e9 hospitali\u00e8re. Votre temps et vos id\u00e9es aideront l&rsquo;AHO \u00e0 planifier son avenir.&nbsp; Les membres de l&rsquo; AHO sont invit\u00e9s \u00e0 assister \u00e0 l&rsquo;AGA pour examiner les r\u00e9sultats de l&rsquo;ann\u00e9e derni\u00e8re et recevoir un aper\u00e7u de ce qui est \u00e0 venir, y compris les projets \u00e0 venir avant les b\u00e9n\u00e9voles non membres.<\/p>\n\n\n\n<h2 class=\"wp-block-heading\">Dois-je travailler un certain nombre d&rsquo;heures chaque mois pour l&rsquo;AHO?<\/h2>\n\n\n\n<p>Non, il n&rsquo;y a pas de nombre d&rsquo;heures minimum pour devenir membre de l&rsquo;AHO.<\/p>\n\n\n\n<h2 class=\"wp-block-heading\">Comment puis-je adh\u00e9rer ?<\/h2>\n\n\n\n<p>Pour adh\u00e9rer \u00e0 l&rsquo;AHO, vous devez \u00eatre b\u00e9n\u00e9vole sur l&rsquo;un des trois campus de l&rsquo;AHO, puis envoyer un courriel \u00e0 tohauxiliary@gmail.com pour indiquer que vous souhaitez devenir membre.<\/p>\n\n\n\n<p>L&rsquo;assembl\u00e9e g\u00e9n\u00e9rale annuelle 2022 de l&rsquo;AHO s&rsquo;est tenue virtuellement le mercredi 7 septembre 2022.<\/p>\n\n\n\n<p><a href=\"\/fr\/documents\/2022\/10\/rapport-annuel-des-auxiliaires-de-lhopital-dottawa.pdf\/\">Rapport annuel des auxiliaires de l&rsquo;H\u00f4pital d&rsquo;Ottawa 2021\/2022<\/a><\/p>\n\n\n\n<p><strong>Contactez nous \u00e0 tohauxiliary@gmail.com<\/strong><\/p>\n\n\n\n<h2 class=\"wp-block-heading\">Conseil d&rsquo;administration<\/h2>\n\n\n<div class=\"toh-row-content\">\n<div class=\"col-sm-6 col-md-4 mb-4\">\n<div class=\"toh-card h-100\">\n<div class=\"toh-card-inner\">\n<div class=\"img-responsive card-img-top\"><img decoding=\"async\" class=\"attachment-full size-full wp-post-image\" src=\"\/wp-content\/uploads\/2022\/09\/President.jpg\" alt=\"Catherine Higgins (Pr\u00e9sidente)\" \/><\/div>\n<div class=\"toh-card-body\">\n<h5 class=\"toh-card-title\">Catherine Higgins (Pr\u00e9sidente)<\/h5>\n<\/div>\n<\/div>\n<\/div>\n<\/div>\n<div class=\"col-sm-6 col-md-4 mb-4\">\n<div class=\"toh-card h-100\">\n<div class=\"toh-card-inner\">\n<div class=\"img-responsive card-img-top\"><img decoding=\"async\" class=\"attachment-full size-full wp-post-image\" src=\"\/wp-content\/uploads\/2022\/09\/Lorne.png\" alt=\"Lorne Blackman (D\u00e9veloppement commercial)\" \/><\/div>\n<div class=\"toh-card-body\">\n<h5 class=\"toh-card-title\">Lorne Blackman (Vice-pr\u00e9sident\/D\u00e9veloppement commercial)<\/h5>\n<\/div>\n<\/div>\n<\/div>\n<\/div>\n<div class=\"col-sm-6 col-md-4 mb-4\">\n<div class=\"toh-card h-100\">\n<div class=\"toh-card-inner\">\n<div class=\"img-responsive card-img-top\"><img decoding=\"async\" class=\"attachment-full size-full wp-post-image\" src=\"\/wp-content\/uploads\/2022\/09\/Betty.png\" alt=\"Betty Shields (secr\u00e9taire g\u00e9n\u00e9rale et ancienne pr\u00e9sidente)\" \/><\/div>\n<div class=\"toh-card-body\">\n<h5 class=\"toh-card-title\">Betty Shields (secr\u00e9taire g\u00e9n\u00e9rale et ancienne pr\u00e9sidente)<\/h5>\n<\/div>\n<\/div>\n<\/div>\n<\/div>\n<div class=\"col-sm-6 col-md-4 mb-4\">\n<div class=\"toh-card h-100\">\n<div class=\"toh-card-inner\">\n<div class=\"img-responsive card-img-top\"><img decoding=\"async\" class=\"attachment-full size-full wp-post-image\" src=\"\/wp-content\/uploads\/2022\/09\/Allison.jpg\" alt=\"Allison Graham (Ressources humaines)\" \/><\/div>\n<div class=\"toh-card-body\">\n<h5 class=\"toh-card-title\">Allison Graham (Ressources humaines)<\/h5>\n<\/div>\n<\/div>\n<\/div>\n<\/div>\n<div class=\"col-sm-6 col-md-4 mb-4\">\n<div class=\"toh-card h-100\">\n<div class=\"toh-card-inner\">\n<div class=\"img-responsive card-img-top\"><img decoding=\"async\" class=\"attachment-full size-full wp-post-image\" src=\"\/wp-content\/uploads\/2023\/05\/Dianne-002-1.jpg\" alt=\"Dianne Paquette\" \/><\/div>\n<div class=\"toh-card-body\">\n<h5 class=\"toh-card-title\">Dianne Paquette<\/h5>\n<\/div>\n<\/div>\n<\/div>\n<\/div>\n<div class=\"col-sm-6 col-md-4 mb-4\">\n<div class=\"toh-card h-100\">\n<div class=\"toh-card-inner\">\n<div class=\"img-responsive card-img-top\"><img decoding=\"async\" class=\"attachment-full size-full wp-post-image\" src=\"\/wp-content\/uploads\/2022\/09\/Heather.png\" alt=\"Heather Dawson (Communications)\" \/><\/div>\n<div class=\"toh-card-body\">\n<h5 class=\"toh-card-title\">Heather Dawson (Communications)<\/h5>\n<\/div>\n<\/div>\n<\/div>\n<\/div>\n<div class=\"col-sm-6 col-md-4 mb-4\">\n<div class=\"toh-card h-100\">\n<div class=\"toh-card-inner\">\n<div class=\"img-responsive card-img-top\"><img decoding=\"async\" class=\"attachment-full size-full wp-post-image\" src=\"\/wp-content\/uploads\/2022\/09\/Laurie.jpg\" alt=\"Laurie Cairns (Finances)\" \/><\/div>\n<div class=\"toh-card-body\">\n<h5 class=\"toh-card-title\">Laurie Cairns (Finances)<\/h5>\n<\/div>\n<\/div>\n<\/div>\n<\/div>\n<div class=\"col-sm-6 col-md-4 mb-4\">\n<div class=\"toh-card h-100\">\n<div class=\"toh-card-inner\">\n<div class=\"img-responsive card-img-top\"><img decoding=\"async\" class=\"attachment-full size-full wp-post-image\" src=\"\/wp-content\/uploads\/2022\/09\/Luciana.jpg\" alt=\"Luciana Nechita (Adh\u00e9sion)\" \/><\/div>\n<div class=\"toh-card-body\">\n<h5 class=\"toh-card-title\">Luciana Nechita (Adh\u00e9sion)<\/h5>\n<\/div>\n<\/div>\n<\/div>\n<\/div>\n<\/div>","protected":false},"excerpt":{"rendered":"<p>Qu&rsquo;est-ce que les Auxiliaires de l&rsquo;H\u00f4pital d&rsquo;Ottawa?&nbsp; Les Auxiliaires de l&rsquo;H\u00f4pital d&rsquo;Ottawa (AHO) sont un groupe incroyable de b\u00e9n\u00e9voles de L&rsquo;H\u00f4pital d&rsquo;Ottawa (L&rsquo;HO) qui se consacrent \u00e0 la collecte de fonds \u00e0 l&rsquo;int\u00e9rieur de l&rsquo;h\u00f4pital afin de soutenir les services et les programmes hospitaliers essentiels dans les trois campus, en plus de faire du b\u00e9n\u00e9volat [&hellip;]<\/p>\n","protected":false},"author":25,"featured_media":0,"parent":6559,"menu_order":3,"comment_status":"closed","ping_status":"closed","template":"","meta":{"_acf_changed":false,"_mc_calendar":[],"footnotes":""},"class_list":["post-6586","page","type-page","status-publish","hentry"],"acf":[],"wps_subtitle":"","_links":{"self":[{"href":"https:\/\/www.ottawahospital.on.ca\/fr\/wp-json\/wp\/v2\/pages\/6586","targetHints":{"allow":["GET"]}}],"collection":[{"href":"https:\/\/www.ottawahospital.on.ca\/fr\/wp-json\/wp\/v2\/pages"}],"about":[{"href":"https:\/\/www.ottawahospital.on.ca\/fr\/wp-json\/wp\/v2\/types\/page"}],"author":[{"embeddable":true,"href":"https:\/\/www.ottawahospital.on.ca\/fr\/wp-json\/wp\/v2\/users\/25"}],"replies":[{"embeddable":true,"href":"https:\/\/www.ottawahospital.on.ca\/fr\/wp-json\/wp\/v2\/comments?post=6586"}],"version-history":[{"count":0,"href":"https:\/\/www.ottawahospital.on.ca\/fr\/wp-json\/wp\/v2\/pages\/6586\/revisions"}],"up":[{"embeddable":true,"href":"https:\/\/www.ottawahospital.on.ca\/fr\/wp-json\/wp\/v2\/pages\/6559"}],"wp:attachment":[{"href":"https:\/\/www.ottawahospital.on.ca\/fr\/wp-json\/wp\/v2\/media?parent=6586"}],"curies":[{"name":"wp","href":"https:\/\/api.w.org\/{rel}","templated":true}]}}