{"id":6559,"date":"2016-11-14T10:15:51","date_gmt":"2016-11-14T15:15:51","guid":{"rendered":"http:\/\/52.229.122.34\/fr\/?page_id=6559"},"modified":"2022-09-15T11:25:23","modified_gmt":"2022-09-15T15:25:23","slug":"associations-de-benevoles","status":"publish","type":"page","link":"https:\/\/www.ottawahospital.on.ca\/fr\/possibilites-de-carriere\/devenir-benevolat\/associations-de-benevoles\/","title":{"rendered":"Associations de b\u00e9n\u00e9voles"},"content":{"rendered":"<p><img decoding=\"async\" class=\"size-full wp-image-6556 alignright\" src=\"\/wp-content\/uploads\/2016\/11\/vol-associations.jpg\" alt=\"vol-associations\" width=\"150\" height=\"216\" \/>Les b\u00e9n\u00e9voles de L\u2019H\u00f4pital d\u2019Ottawa sont membres de l\u2019une des associations suivantes :<\/p>\n<ul>\n<li><a href=\"\/fr\/career-opportunities\/devenir-benevolat\/associations-de-benevoles\/auxiliaires\/\">Les Auxiliaires de l\u2019H\u00f4pital d\u2019Ottawa<\/a><\/li>\n<li><a href=\"\/fr\/career-opportunities\/devenir-benevolat\/associations-de-benevoles\/associationdes-benevoles-du-centre-de-readaptation\/\">Association des b\u00e9n\u00e9voles du Centre de r\u00e9adaptation<\/a><\/li>\n<li><a href=\"https:\/\/www.cancer.ca\" target=\"_blank\" rel=\"noopener\">Soci\u00e9t\u00e9 canadienne du cancer<\/a><\/li>\n<li><a href=\"https:\/\/www.ottawaheart.ca\/fr\/patients-et-visiteurs\/outils-et-ressources\/soutien-aux-patients\" target=\"_blank\" rel=\"noopener\">Auxiliaires b\u00e9n\u00e9voles de l\u2019Institut de cardiologie<\/a><\/li>\n<li><a href=\"\/fr\/career-opportunities\/devenir-benevolat\/associations-de-benevoles\/club-may-court\/\">Club May Court<\/a><\/li>\n<\/ul>\n<p>Les associations de b\u00e9n\u00e9voles sont des organismes ind\u00e9pendants. Ils manifestent le m\u00eame appui et le m\u00eame engagement \u00e0 offrir des soins de grande qualit\u00e9 et centr\u00e9s sur les patients.<\/p>\n<p>Les b\u00e9n\u00e9voles sont actifs dans de nombreux secteurs de l\u2019h\u00f4pital. Ils offrent leur compassion, leur soutien et des renseignements aux patients, aux familles et aux visiteurs.<\/p>\n<p>En plus d\u2019aider les patients et leur famille, les b\u00e9n\u00e9voles g\u00e8rent des caf\u00e9s, des boutiques, des kiosques de billets de loterie et organisent d\u2019autres activit\u00e9s de collecte de fonds \u00e0 l\u2019h\u00f4pital. Ces activit\u00e9s permettent aux associations de recueillir chaque ann\u00e9e des sommes importantes. Cet argent sert \u00e0 am\u00e9liorer les soins aux patients, \u00e0 acheter de l\u2019\u00e9quipement sp\u00e9cialis\u00e9 et \u00e0 financer la recherche dans les campus respectifs des associations.<\/p>\n<p><strong>Pour en savoir plus sur chacune des associations de b\u00e9n\u00e9voles, cliquez sur le nom correspondant dans la liste plus haut.<\/strong><\/p>\n","protected":false},"excerpt":{"rendered":"<p>Les b\u00e9n\u00e9voles de L\u2019H\u00f4pital d\u2019Ottawa sont membres de l\u2019une des associations suivantes : Les Auxiliaires de l\u2019H\u00f4pital d\u2019Ottawa Association des b\u00e9n\u00e9voles du Centre de r\u00e9adaptation Soci\u00e9t\u00e9 canadienne du cancer Auxiliaires b\u00e9n\u00e9voles de l\u2019Institut de cardiologie Club May Court Les associations de b\u00e9n\u00e9voles sont des organismes ind\u00e9pendants. Ils manifestent le m\u00eame appui et le m\u00eame engagement [&hellip;]<\/p>\n","protected":false},"author":25,"featured_media":0,"parent":3943,"menu_order":2,"comment_status":"closed","ping_status":"closed","template":"","meta":{"_acf_changed":false,"_mc_calendar":[],"footnotes":""},"class_list":["post-6559","page","type-page","status-publish","hentry"],"acf":[],"wps_subtitle":"","_links":{"self":[{"href":"https:\/\/www.ottawahospital.on.ca\/fr\/wp-json\/wp\/v2\/pages\/6559","targetHints":{"allow":["GET"]}}],"collection":[{"href":"https:\/\/www.ottawahospital.on.ca\/fr\/wp-json\/wp\/v2\/pages"}],"about":[{"href":"https:\/\/www.ottawahospital.on.ca\/fr\/wp-json\/wp\/v2\/types\/page"}],"author":[{"embeddable":true,"href":"https:\/\/www.ottawahospital.on.ca\/fr\/wp-json\/wp\/v2\/users\/25"}],"replies":[{"embeddable":true,"href":"https:\/\/www.ottawahospital.on.ca\/fr\/wp-json\/wp\/v2\/comments?post=6559"}],"version-history":[{"count":0,"href":"https:\/\/www.ottawahospital.on.ca\/fr\/wp-json\/wp\/v2\/pages\/6559\/revisions"}],"up":[{"embeddable":true,"href":"https:\/\/www.ottawahospital.on.ca\/fr\/wp-json\/wp\/v2\/pages\/3943"}],"wp:attachment":[{"href":"https:\/\/www.ottawahospital.on.ca\/fr\/wp-json\/wp\/v2\/media?parent=6559"}],"curies":[{"name":"wp","href":"https:\/\/api.w.org\/{rel}","templated":true}]}}