{"id":650,"date":"2016-09-30T11:43:20","date_gmt":"2016-09-30T15:43:20","guid":{"rendered":"http:\/\/52.229.122.34\/fr\/?page_id=650"},"modified":"2017-01-13T14:27:12","modified_gmt":"2017-01-13T19:27:12","slug":"prevention-et-controle-des-infections","status":"publish","type":"page","link":"https:\/\/www.ottawahospital.on.ca\/fr\/qualite-et-securite\/prevention-et-controle-des-infections\/","title":{"rendered":"Pr\u00e9vention et contr\u00f4le des infections"},"content":{"rendered":"<p>Reconnu \u00e0 l\u2019\u00e9chelle nationale pour son leadership en mati\u00e8re de contr\u00f4le des infections, le Programme de pr\u00e9vention et de contr\u00f4le des infections de L\u2019H\u00f4pital d\u2019Ottawa est essentiel pour assurer la qualit\u00e9 des soins aux patients. Le Programme tient compte de recommandations et de conseils fond\u00e9s sur des donn\u00e9es probantes qui aident \u00e0 r\u00e9duire les risques d\u2019infection pour les patients, le personnel et les visiteurs.<\/p>\n<p>Le Programme aide \u00e0 prot\u00e9ger les patients, les professionnels de la sant\u00e9, le personnel et les visiteurs contre les maladies acquises \u00e0 l\u2019h\u00f4pital. Il le fait par la surveillance, l\u2019enseignement, la consultation, des enqu\u00eates sur les \u00e9closions, la recherche et l\u2019\u00e9laboration de politiques et de proc\u00e9dures.<\/p>\n<h2>Infection nosocomiale<\/h2>\n<p>Une infection nosocomiale est une infection qui a \u00e9t\u00e9 acquise \u00e0 l&rsquo;h\u00f4pital. C\u2019est-\u00e0-dire qu\u2019elle n\u2019\u00e9tait pas pr\u00e9sente ou \u00e9tait en incubation avant l\u2019admission du patient \u00e0 l\u2019h\u00f4pital mais qu\u2019elle survient dans les 48 \u00e0 72 heures suivantes.<\/p>\n<p><a title=\"\" href=\"\/fr\/qualite-et-securite\/rendre-compte\/rapport-sur-les-indicateurs\/\" target=\"_blank\">L&rsquo;H\u00f4pital surveille les taux d&rsquo;infection<\/a> de tr\u00e8s pr\u00e8s. Malgr\u00e9 cela, les cas de SARM et d&rsquo;infection \u00e0 C. difficile acquis \u00e0 l&rsquo;h\u00f4pital se multiplient au Canada. La hausse s&rsquo;explique par plusieurs facteurs :<\/p>\n<ul>\n<li>Les patients hospitalis\u00e9s sont plus gravement malades de nos jours que par le pass\u00e9.<\/li>\n<li>De plus en plus de patients ont un syst\u00e8me immunitaire faible.<\/li>\n<li>Nous utilisons des proc\u00e9dures et des appareils nouveaux qui comportent certains risques.<\/li>\n<li>L\u2019utilisation d\u2019antibiotiques a donn\u00e9 naissance \u00e0 des bact\u00e9ries tr\u00e8s r\u00e9sistantes.<\/li>\n<li>Les d\u00e9placements accrus permettent la propagation de bact\u00e9ries et d\u2019autres agents pathog\u00e8nes aux quatre coins du monde.<\/li>\n<\/ul>\n<p>Pour contrer l\u2019augmentation des taux d\u2019infection, l\u2019H\u00f4pital a mis en place plusieurs mesures pr\u00e9ventives, dont les suivantes :<\/p>\n<ul>\n<li>Programme d&rsquo;hygi\u00e8ne des mains et am\u00e9lioration de l\u2019acc\u00e8s \u00e0 du d\u00e9sinfectant pour les mains \u00e0 base d&rsquo;alcool<\/li>\n<li>D\u00e9pistage \u00e0 l\u2019admission aupr\u00e8s de patients sans sympt\u00f4mes mais qui peuvent \u00eatre porteurs d\u2019organismes r\u00e9sistants<\/li>\n<li>Utilisation de chambres priv\u00e9es, de blouses et de gants pour contr\u00f4ler la transmission<\/li>\n<li>R\u00e9novation des aires o\u00f9 l\u2019on soigne les patients<\/li>\n<li>Augmentation des ressources affect\u00e9es \u00e0 l\u2019entretien m\u00e9nager<\/li>\n<li>\u00c9ducation et campagne de sensibilisation des patients et des travailleurs de la sant\u00e9<\/li>\n<\/ul>\n<h2>Renseignements compl\u00e9mentaires :<\/h2>\n<ul>\n<li><a href=\"\/fr\/documents\/2017\/01\/pt-info-antibio-asso-diarrhea-2013-jj-fr-rev.pdf\" target=\"_blank\">Diarrh\u00e9e associ\u00e9e \u00e0 la prise d&rsquo;antibiotiques<\/a><\/li>\n<li><a title=\"\" href=\"\/fr\/qualite-et-securite\/rendre-compte\/rapport-sur-les-indicateurs\/clostridium-difficile-c-difficile\/\" target=\"\">C. difficile<\/a><\/li>\n<li><a title=\"\" href=\"\/fr\/qualite-et-securite\/rendre-compte\/rapport-sur-les-indicateurs\/staphylococcus-aureus-resistant-a-la-methicilline-sarm\/\" target=\"\">SARM<\/a><\/li>\n<li><a title=\"\" href=\"https:\/\/www.phac-aspc.gc.ca\/phn-asp\/2015\/ncoronavirus-fra.php\" target=\"_blank\">Coronavirus du syndrome respiratoire du Moyen-Orient<\/a><\/li>\n<\/ul>\n<p>&nbsp;<\/p>\n","protected":false},"excerpt":{"rendered":"<p>Reconnu \u00e0 l\u2019\u00e9chelle nationale pour son leadership en mati\u00e8re de contr\u00f4le des infections, le Programme de pr\u00e9vention et de contr\u00f4le des infections de L\u2019H\u00f4pital d\u2019Ottawa est essentiel pour assurer la qualit\u00e9 des soins aux patients. Le Programme tient compte de recommandations et de conseils fond\u00e9s sur des donn\u00e9es probantes qui aident \u00e0 r\u00e9duire les risques [&hellip;]<\/p>\n","protected":false},"author":25,"featured_media":0,"parent":195,"menu_order":1,"comment_status":"closed","ping_status":"closed","template":"","meta":{"_acf_changed":false,"_mc_calendar":[],"footnotes":""},"class_list":["post-650","page","type-page","status-publish","hentry"],"acf":[],"wps_subtitle":"","_links":{"self":[{"href":"https:\/\/www.ottawahospital.on.ca\/fr\/wp-json\/wp\/v2\/pages\/650","targetHints":{"allow":["GET"]}}],"collection":[{"href":"https:\/\/www.ottawahospital.on.ca\/fr\/wp-json\/wp\/v2\/pages"}],"about":[{"href":"https:\/\/www.ottawahospital.on.ca\/fr\/wp-json\/wp\/v2\/types\/page"}],"author":[{"embeddable":true,"href":"https:\/\/www.ottawahospital.on.ca\/fr\/wp-json\/wp\/v2\/users\/25"}],"replies":[{"embeddable":true,"href":"https:\/\/www.ottawahospital.on.ca\/fr\/wp-json\/wp\/v2\/comments?post=650"}],"version-history":[{"count":0,"href":"https:\/\/www.ottawahospital.on.ca\/fr\/wp-json\/wp\/v2\/pages\/650\/revisions"}],"up":[{"embeddable":true,"href":"https:\/\/www.ottawahospital.on.ca\/fr\/wp-json\/wp\/v2\/pages\/195"}],"wp:attachment":[{"href":"https:\/\/www.ottawahospital.on.ca\/fr\/wp-json\/wp\/v2\/media?parent=650"}],"curies":[{"name":"wp","href":"https:\/\/api.w.org\/{rel}","templated":true}]}}