{"id":64556,"date":"2021-05-12T09:34:14","date_gmt":"2021-05-12T13:34:14","guid":{"rendered":"https:\/\/www.ottawahospital.on.ca\/?page_id=64556"},"modified":"2021-07-07T12:18:03","modified_gmt":"2021-07-07T16:18:03","slug":"dr-david-maberley","status":"publish","type":"page","link":"https:\/\/www.ottawahospital.on.ca\/fr\/about-us\/notre-equipe-de-direction\/equipe-de-la-haute-direction\/dr-david-maberley\/","title":{"rendered":"Dr David Maberley"},"content":{"rendered":"<div class=\"wp-caption alignleft\" style=\"width: 145px;\"><img decoding=\"async\" class=\"img responsive\" src=\"\/wp-content\/uploads\/2021\/04\/Dr.-David-Maberly.jpg\" alt=\"Dr. David Maberley\" width=\"135\" height=\"169\" \/><\/p>\n<p class=\"wp-caption-text\"><strong>D<sup>r<\/sup> David Maberley<\/strong><br \/>\nChef, D\u00e9partement d\u2019ophtalmologie<\/p>\n<p class=\"wp-caption-text\"><strong>Renseignements<\/strong><br \/>\n<a href=\"mailto:dmaberley@toh.ca\">dmaberley@toh.ca<\/a><\/p>\n<\/div>\n<p>Au terme de sa r\u00e9sidence \u00e0 l\u2019Universit\u00e9 de Toronto, le D<sup>r<\/sup> Maberley a entrepris une sursp\u00e9cialisation sur la r\u00e9tine \u00e0 l\u2019Universit\u00e9 Queen\u2019s, o\u00f9 il a obtenu une ma\u00eetrise en sant\u00e9 communautaire et en \u00e9pid\u00e9miologie. Apr\u00e8s une formation \u00e0 Kingston, il a \u00e9tudi\u00e9 les maladies maculaires et les techniques chirurgicales r\u00e9tiniennes avanc\u00e9es \u00e0 l\u2019Universit\u00e9 Columbia et \u00e0 l\u2019h\u00f4pital d\u2019oto-rhino-laryngologie de Manhattan \u00e0 New York.<\/p>\n<p>Le D<sup>r<\/sup> Maberley a \u00e9tudi\u00e9 la sant\u00e9 de la population et la gestion m\u00e9dicale et chirurgicale des maladies maculaires, de la r\u00e9tinopathie diab\u00e9tique et de la forte myopie. Plus r\u00e9cemment, il a codirig\u00e9 le groupe d\u2019objectifs sur la r\u00e9tinopathie diab\u00e9tique d\u2019Action diab\u00e8te Canada (une initiative dans le cadre de la Strat\u00e9gie de recherche ax\u00e9e sur le patient \u00a0\u00a0des Instituts de recherche en sant\u00e9 du Canada), particip\u00e9 \u00e0 l\u2019\u00e9laboration du syst\u00e8me chirurgical vitr\u00e9o-r\u00e9tinienne robotis\u00e9 Preceyes (Universit\u00e9 technique d\u2019Eindhoven) et contribu\u00e9 \u00e0 la mod\u00e9lisation de la circulation du sang dans les pathologies microvasculaires r\u00e9tiniennes (Universit\u00e9 d\u2019Amsterdam).<\/p>\n<p>\u00c0 l\u2019Universit\u00e9 de la Colombie-Britannique, le D<sup>r<\/sup> Maberley a aid\u00e9 \u00e0 l\u2019\u00e9tablissement de plusieurs nouveaux programmes, notamment\u00a0: une unit\u00e9 d\u2019analyse des m\u00e9gadonn\u00e9es pour la pharmaco\u00e9pid\u00e9miologie ophtalmique, une unit\u00e9 provinciale de r\u00e9adaptation de la vision, une clinique ophtalmique multidisciplinaire qui sert les personnes mal log\u00e9es et sans-abri de l\u2019est du centre-ville de Vancouver, le programme provincial de t\u00e9l\u00e9ophtalmologie dans les r\u00e9serves des Premi\u00e8res Nations, et un laboratoire d\u2019analyse et d\u2019imagerie r\u00e9tinienne avanc\u00e9es (en collaboration avec des scientifiques de l\u2019Universit\u00e9 Simon Fraser).<\/p>\n<p>Sur le plan administratif, le D<sup>r<\/sup> Maberley a si\u00e9g\u00e9 au conseil d\u2019administration de la National Aboriginal Diabetes Association et de la Soci\u00e9t\u00e9 canadienne d\u2019ophtalmologie. Il a \u00e9t\u00e9 r\u00e9dacteur de la section consacr\u00e9e \u00e0 la r\u00e9tine du <em>Journal canadien d\u2019ophtalmologie<\/em> et r\u00e9viseur de protocoles pour le r\u00e9seau Diabetic Retinopathy Clinical Trials Network des National Institutes of Heath am\u00e9ricains. En 2010, il a dirig\u00e9 la formation de la Soci\u00e9t\u00e9 canadienne de la r\u00e9tine \u2013 devenue depuis le principal organisme d\u2019administration et de formation des sp\u00e9cialistes de la r\u00e9tine. Pendant 12 ans, il a aussi \u00e9t\u00e9 directeur de recherche du programme de traitement des maladies r\u00e9tiniennes \u00e0 la r\u00e9gie provinciale de la sant\u00e9 de la Colombie-Britannique.<\/p>\n<p>Avant de se joindre \u00e0 l\u2019\u00e9quipe de L\u2019H\u00f4pital d\u2019Ottawa, le D<sup>r<\/sup> Maberley \u00e9tait chef du d\u00e9partement d\u2019ophtalmologie et des sciences visuelles \u00e0 l\u2019Universit\u00e9 de la Colombie-Britannique, chef de l\u2019ophtalmologie aigue de Vancouver et chef r\u00e9gional de l\u2019ophtalmologie \u00e0 la r\u00e9gie de la sant\u00e9 de la r\u00e9gion c\u00f4ti\u00e8re de Vancouver.<\/p>\n","protected":false},"excerpt":{"rendered":"<p>Dr David Maberley Chef, D\u00e9partement d\u2019ophtalmologie Renseignements dmaberley@toh.ca Au terme de sa r\u00e9sidence \u00e0 l\u2019Universit\u00e9 de Toronto, le Dr Maberley a entrepris une sursp\u00e9cialisation sur la r\u00e9tine \u00e0 l\u2019Universit\u00e9 Queen\u2019s, o\u00f9 il a obtenu une ma\u00eetrise en sant\u00e9 communautaire et en \u00e9pid\u00e9miologie. Apr\u00e8s une formation \u00e0 Kingston, il a \u00e9tudi\u00e9 les maladies maculaires et les [&hellip;]<\/p>\n","protected":false},"author":25,"featured_media":0,"parent":4550,"menu_order":38,"comment_status":"closed","ping_status":"closed","template":"","meta":{"_acf_changed":false,"_mc_calendar":[],"footnotes":""},"class_list":["post-64556","page","type-page","status-publish","hentry"],"acf":[],"wps_subtitle":"","_links":{"self":[{"href":"https:\/\/www.ottawahospital.on.ca\/fr\/wp-json\/wp\/v2\/pages\/64556","targetHints":{"allow":["GET"]}}],"collection":[{"href":"https:\/\/www.ottawahospital.on.ca\/fr\/wp-json\/wp\/v2\/pages"}],"about":[{"href":"https:\/\/www.ottawahospital.on.ca\/fr\/wp-json\/wp\/v2\/types\/page"}],"author":[{"embeddable":true,"href":"https:\/\/www.ottawahospital.on.ca\/fr\/wp-json\/wp\/v2\/users\/25"}],"replies":[{"embeddable":true,"href":"https:\/\/www.ottawahospital.on.ca\/fr\/wp-json\/wp\/v2\/comments?post=64556"}],"version-history":[{"count":0,"href":"https:\/\/www.ottawahospital.on.ca\/fr\/wp-json\/wp\/v2\/pages\/64556\/revisions"}],"up":[{"embeddable":true,"href":"https:\/\/www.ottawahospital.on.ca\/fr\/wp-json\/wp\/v2\/pages\/4550"}],"wp:attachment":[{"href":"https:\/\/www.ottawahospital.on.ca\/fr\/wp-json\/wp\/v2\/media?parent=64556"}],"curies":[{"name":"wp","href":"https:\/\/api.w.org\/{rel}","templated":true}]}}