{"id":64427,"date":"2021-05-06T16:51:31","date_gmt":"2021-05-06T20:51:31","guid":{"rendered":"https:\/\/www.ottawahospital.on.ca\/?page_id=64427"},"modified":"2021-05-07T10:00:54","modified_gmt":"2021-05-07T14:00:54","slug":"equipe","status":"publish","type":"page","link":"https:\/\/www.ottawahospital.on.ca\/fr\/services-cliniques\/deptpgrmcs\/cliniques-et-services\/centre-neuromusculaire-dottawa\/equipe\/","title":{"rendered":"\u00c9quipe"},"content":{"rendered":"<p><img decoding=\"async\" class=\"alignnone size-full wp-image-52626\" src=\"\/wp-content\/uploads\/2021\/05\/Team-Picture.jpg\" alt=\"equipe Centre neuromusculaire d\u2019Ottawa\" \/><\/p>\n<p class=\"intro-text1\">Notre \u00e9quipe comprend l\u2019un des plus grands groupes de cliniciens et de scientifiques d\u00e9vou\u00e9s dans le domaine des maladies neuromusculaires au Canada.<\/p>\n<h2>M\u00e9decins<\/h2>\n<ul>\n<li>D<sup>re<\/sup> Jodi Warman Chardon &#8211; Neurologie, Maladies neuromusculaires\/neurog\u00e9n\u00e9tiques, EMG<\/li>\n<li>D<sup>r<\/sup> Pierre Bourque &#8211; Neurologie, Maladies neuromusculaires, EMG<\/li>\n<li>D<sup>re<\/sup> Jocelyn Zwicker &#8211; Neurologie, Maladies neuromusculaires, EMG<\/li>\n<li>D<sup>r<\/sup> Ari Breiner &#8211; Neurologie, Maladies neuromusculaires, EMG<\/li>\n<li>D<sup>r<\/sup> Hanns Lochm\u00fcller &#8211; Neurologie, Maladies neuromusculaires\/neurog\u00e9n\u00e9tiques<\/li>\n<li>D<sup>re<\/sup> Elizabeth Pringle &#8211; Neurologie, Maladies neuromusculaires, EMG<\/li>\n<li>D<sup>r<\/sup> Gerald Wolff &#8211; Physiatrie, Nerf p\u00e9riph\u00e9rique et Clinique de traumatologie, EMG<\/li>\n<li>D<sup>r<\/sup> Grant Stotts &#8211; Neurologie, AVC, EMG<\/li>\n<li>D<sup>re<\/sup> Vivien Parker &#8211; Neurologie, EMG<\/li>\n<li>D<sup>re<\/sup> Deanna Quon &#8211; Physiatrie, EMG<\/li>\n<\/ul>\n<h2>Recherche<\/h2>\n<ul>\n<li>Maria Duff, assistante de recherche II<\/li>\n<li>Jenna Falbo, assistante de recherche II<\/li>\n<li>Danica Nogo, assistante de recherche II<\/li>\n<\/ul>\n<h2>Administration<\/h2>\n<ul>\n<li>Janine Brooks-Jean<\/li>\n<li>Sabrynna Provost<\/li>\n<li>Brenda Barasa<\/li>\n<li>Maria Balerna<\/li>\n<li>Carole Thompson<\/li>\n<\/ul>\n<h2>Neurodiagnostic<\/h2>\n<ul>\n<li>Julie Mills, technologue responsable<\/li>\n<li>Amy Smith<\/li>\n<li>Nancy Verreault<\/li>\n<li>Manon Lafreniere<\/li>\n<\/ul>\n","protected":false},"excerpt":{"rendered":"<p>Notre \u00e9quipe comprend l\u2019un des plus grands groupes de cliniciens et de scientifiques d\u00e9vou\u00e9s dans le domaine des maladies neuromusculaires au Canada. M\u00e9decins Dre Jodi Warman Chardon &#8211; Neurologie, Maladies neuromusculaires\/neurog\u00e9n\u00e9tiques, EMG Dr Pierre Bourque &#8211; Neurologie, Maladies neuromusculaires, EMG Dre Jocelyn Zwicker &#8211; Neurologie, Maladies neuromusculaires, EMG Dr Ari Breiner &#8211; Neurologie, Maladies neuromusculaires, [&hellip;]<\/p>\n","protected":false},"author":25,"featured_media":0,"parent":64403,"menu_order":4,"comment_status":"closed","ping_status":"closed","template":"","meta":{"_acf_changed":false,"_mc_calendar":[],"footnotes":""},"class_list":["post-64427","page","type-page","status-publish","hentry"],"acf":[],"wps_subtitle":"","_links":{"self":[{"href":"https:\/\/www.ottawahospital.on.ca\/fr\/wp-json\/wp\/v2\/pages\/64427","targetHints":{"allow":["GET"]}}],"collection":[{"href":"https:\/\/www.ottawahospital.on.ca\/fr\/wp-json\/wp\/v2\/pages"}],"about":[{"href":"https:\/\/www.ottawahospital.on.ca\/fr\/wp-json\/wp\/v2\/types\/page"}],"author":[{"embeddable":true,"href":"https:\/\/www.ottawahospital.on.ca\/fr\/wp-json\/wp\/v2\/users\/25"}],"replies":[{"embeddable":true,"href":"https:\/\/www.ottawahospital.on.ca\/fr\/wp-json\/wp\/v2\/comments?post=64427"}],"version-history":[{"count":0,"href":"https:\/\/www.ottawahospital.on.ca\/fr\/wp-json\/wp\/v2\/pages\/64427\/revisions"}],"up":[{"embeddable":true,"href":"https:\/\/www.ottawahospital.on.ca\/fr\/wp-json\/wp\/v2\/pages\/64403"}],"wp:attachment":[{"href":"https:\/\/www.ottawahospital.on.ca\/fr\/wp-json\/wp\/v2\/media?parent=64427"}],"curies":[{"name":"wp","href":"https:\/\/api.w.org\/{rel}","templated":true}]}}