{"id":64423,"date":"2021-05-06T16:32:28","date_gmt":"2021-05-06T20:32:28","guid":{"rendered":"https:\/\/www.ottawahospital.on.ca\/?page_id=64423"},"modified":"2021-05-07T11:11:50","modified_gmt":"2021-05-07T15:11:50","slug":"formation","status":"publish","type":"page","link":"https:\/\/www.ottawahospital.on.ca\/fr\/services-cliniques\/deptpgrmcs\/cliniques-et-services\/centre-neuromusculaire-dottawa\/formation\/","title":{"rendered":"Formation"},"content":{"rendered":"<p><img decoding=\"async\" class=\"alignnone size-full wp-image-52626\" src=\"\/wp-content\/uploads\/2021\/05\/Education.jpg\" alt=\"Formation\" \/><\/p>\n<p>Le Centre neuromusculaire d\u2019Ottawa offre un programme de sursp\u00e9cialisation clinique d\u2019un an. Puisque nous servons une population d\u2019environ 2 millions de personnes, le moniteur clinique \u00e9valuera les patients hospitalis\u00e9s et les patients externes atteints d\u2019un large \u00e9ventail de maladies neuromusculaires.<\/p>\n<p>Avec six sp\u00e9cialistes \u00e0 temps plein et trois \u00e0 temps partiel, les moniteurs cliniques sont expos\u00e9s \u00e0 diverses d\u00e9marches, styles et expertise dans le cadre des consultations cliniques et des examens d\u2019\u00e9lectromyographie, y compris l\u2019\u00e9lectromyographie monofibre. Ils ont l\u2019occasion de participer \u00e0 des cliniques de sursp\u00e9cialisation neuromusculaire, notamment la clinique des maladies g\u00e9n\u00e9tiques neuromusculaires, la clinique de la dystrophie myotonique, la clinique de la myasth\u00e9nie grave, la clinique multidisciplinaire de la SLA et la clinique des nerfs p\u00e9riph\u00e9riques traumatiques.<\/p>\n<p>La sursp\u00e9cialisation offre aussi des formations sp\u00e9cialis\u00e9es dans l\u2019interpr\u00e9tation des examens d\u2019IRM pour les myopathies, les \u00e9chographies pour maladies neuromusculaires et les biopsies musculaires. Les occasions de recherche incluent des essais cliniques, des projets d\u2019am\u00e9lioration de la qualit\u00e9, de la recherche translationnelle et des \u00e9tudes sur l\u2019\u00e9volution naturelle de la maladie. Enfin, les moniteurs cliniques participent activement \u00e0 la formation de r\u00e9sidents en neurologie en clinique et lors de s\u00e9ances d\u2019enseignement didactique.<\/p>\n<p>Pour plus de renseignements, communiquez avec la <a href=\"mailto:jzwicker@lho.ca\">D<sup>re<\/sup> Jocelyn Zwicker<\/a>.<\/p>\n","protected":false},"excerpt":{"rendered":"<p>Le Centre neuromusculaire d\u2019Ottawa offre un programme de sursp\u00e9cialisation clinique d\u2019un an. Puisque nous servons une population d\u2019environ 2 millions de personnes, le moniteur clinique \u00e9valuera les patients hospitalis\u00e9s et les patients externes atteints d\u2019un large \u00e9ventail de maladies neuromusculaires. Avec six sp\u00e9cialistes \u00e0 temps plein et trois \u00e0 temps partiel, les moniteurs cliniques sont [&hellip;]<\/p>\n","protected":false},"author":25,"featured_media":0,"parent":64403,"menu_order":3,"comment_status":"closed","ping_status":"closed","template":"","meta":{"_acf_changed":false,"_mc_calendar":[],"footnotes":""},"class_list":["post-64423","page","type-page","status-publish","hentry"],"acf":[],"wps_subtitle":"","_links":{"self":[{"href":"https:\/\/www.ottawahospital.on.ca\/fr\/wp-json\/wp\/v2\/pages\/64423","targetHints":{"allow":["GET"]}}],"collection":[{"href":"https:\/\/www.ottawahospital.on.ca\/fr\/wp-json\/wp\/v2\/pages"}],"about":[{"href":"https:\/\/www.ottawahospital.on.ca\/fr\/wp-json\/wp\/v2\/types\/page"}],"author":[{"embeddable":true,"href":"https:\/\/www.ottawahospital.on.ca\/fr\/wp-json\/wp\/v2\/users\/25"}],"replies":[{"embeddable":true,"href":"https:\/\/www.ottawahospital.on.ca\/fr\/wp-json\/wp\/v2\/comments?post=64423"}],"version-history":[{"count":0,"href":"https:\/\/www.ottawahospital.on.ca\/fr\/wp-json\/wp\/v2\/pages\/64423\/revisions"}],"up":[{"embeddable":true,"href":"https:\/\/www.ottawahospital.on.ca\/fr\/wp-json\/wp\/v2\/pages\/64403"}],"wp:attachment":[{"href":"https:\/\/www.ottawahospital.on.ca\/fr\/wp-json\/wp\/v2\/media?parent=64423"}],"curies":[{"name":"wp","href":"https:\/\/api.w.org\/{rel}","templated":true}]}}