{"id":64419,"date":"2021-05-06T16:26:00","date_gmt":"2021-05-06T20:26:00","guid":{"rendered":"https:\/\/www.ottawahospital.on.ca\/?page_id=64419"},"modified":"2021-05-07T11:04:42","modified_gmt":"2021-05-07T15:04:42","slug":"diagnostics","status":"publish","type":"page","link":"https:\/\/www.ottawahospital.on.ca\/fr\/services-cliniques\/deptpgrmcs\/cliniques-et-services\/centre-neuromusculaire-dottawa\/diagnostics\/","title":{"rendered":"Diagnostics"},"content":{"rendered":"<p><img decoding=\"async\" class=\"alignnone size-full wp-image-52626\" src=\"\/wp-content\/uploads\/2021\/05\/EMG-Room.jpg\" alt=\"EMG room\" \/><\/p>\n<p class=\"intro-text1\">Avec des installations dernier cri pour des essais cliniques et des diagnostics, nos technologues agr\u00e9\u00e9s ma\u00eetrisent l\u2019\u00e9lectromyographie (EMG) et les tests de conduction nerveuse (TCN). Vos technologues sont des sp\u00e9cialistes hautement qualifi\u00e9s et aimables qui vous aideront \u00e0 vous sentir \u00e0 l\u2019aise durant tout le processus.<\/p>\n<h2>\u00c9lectromyographie (EMG)<\/h2>\n<p>L\u2019\u00e9lectromyographie est un test pour v\u00e9rifier l\u2019activit\u00e9 de vos muscles. Il consiste habituellement \u00e0 ins\u00e9rer une petite aiguille (\u00e9lectrode) \u00e0 la surface du muscle pour aider \u00e0 diagnostiquer la compression d\u2019un nerf dans le cou ou le dos (radiculopathies), les neuropathies, la dystrophie musculaire ou la scl\u00e9rose lat\u00e9rale amyotrophique. Nous utilisons l\u2019activit\u00e9 \u00e9lectrique naturelle du muscle qui est enregistr\u00e9e au repos et avec une contraction minimale pour v\u00e9rifier la r\u00e9activit\u00e9 du muscle. L\u2019analyse dure en g\u00e9n\u00e9ral de 20 \u00e0 30 minutes.<\/p>\n<h2>Test De Conduction Nerveuse (TCN)<\/h2>\n<p>Comparativement \u00e0 l\u2019\u00e9lectromyographie, le test de conduction nerveuse est un test de l\u2019activit\u00e9 des nerfs sensitifs et moteurs.<\/p>\n<p>Votre neurologue ou technologue installera deux \u00e9lectrodes diff\u00e9rentes sur votre peau au-dessus du nerf ou du muscle avant d\u2019appliquer une l\u00e9g\u00e8re stimulation \u00e9lectrique \u00e0 un point \u00e9loign\u00e9 de ces \u00e9lectrodes. On mesure et calcule ainsi la vitesse de transmission et la r\u00e9ponse \u00e9lectrique du nerf ou du muscle.<\/p>\n<p>Vous pourriez avoir une l\u00e9g\u00e8re sensation de picotement sur votre peau durant le test. Apr\u00e8s la stimulation, l\u2019ordinateur enregistre le r\u00e9sultat. Le test dure de 20 \u00e0 30 minutes, incluant la dur\u00e9e de la consultation avec le m\u00e9decin, au besoin. <a href=\"https:\/\/www.ottawaneuromuscularcentre.com\/diagnostics\" target=\"_blank\" rel=\"noopener\">\u00bb En savoir plus<\/a> (en Anglais seulement).<\/p>\n","protected":false},"excerpt":{"rendered":"<p>Avec des installations dernier cri pour des essais cliniques et des diagnostics, nos technologues agr\u00e9\u00e9s ma\u00eetrisent l\u2019\u00e9lectromyographie (EMG) et les tests de conduction nerveuse (TCN). Vos technologues sont des sp\u00e9cialistes hautement qualifi\u00e9s et aimables qui vous aideront \u00e0 vous sentir \u00e0 l\u2019aise durant tout le processus. \u00c9lectromyographie (EMG) L\u2019\u00e9lectromyographie est un test pour v\u00e9rifier l\u2019activit\u00e9 [&hellip;]<\/p>\n","protected":false},"author":25,"featured_media":0,"parent":64403,"menu_order":2,"comment_status":"closed","ping_status":"closed","template":"","meta":{"_acf_changed":false,"_mc_calendar":[],"footnotes":""},"class_list":["post-64419","page","type-page","status-publish","hentry"],"acf":[],"wps_subtitle":"","_links":{"self":[{"href":"https:\/\/www.ottawahospital.on.ca\/fr\/wp-json\/wp\/v2\/pages\/64419","targetHints":{"allow":["GET"]}}],"collection":[{"href":"https:\/\/www.ottawahospital.on.ca\/fr\/wp-json\/wp\/v2\/pages"}],"about":[{"href":"https:\/\/www.ottawahospital.on.ca\/fr\/wp-json\/wp\/v2\/types\/page"}],"author":[{"embeddable":true,"href":"https:\/\/www.ottawahospital.on.ca\/fr\/wp-json\/wp\/v2\/users\/25"}],"replies":[{"embeddable":true,"href":"https:\/\/www.ottawahospital.on.ca\/fr\/wp-json\/wp\/v2\/comments?post=64419"}],"version-history":[{"count":0,"href":"https:\/\/www.ottawahospital.on.ca\/fr\/wp-json\/wp\/v2\/pages\/64419\/revisions"}],"up":[{"embeddable":true,"href":"https:\/\/www.ottawahospital.on.ca\/fr\/wp-json\/wp\/v2\/pages\/64403"}],"wp:attachment":[{"href":"https:\/\/www.ottawahospital.on.ca\/fr\/wp-json\/wp\/v2\/media?parent=64419"}],"curies":[{"name":"wp","href":"https:\/\/api.w.org\/{rel}","templated":true}]}}