{"id":64412,"date":"2021-05-06T16:19:56","date_gmt":"2021-05-06T20:19:56","guid":{"rendered":"https:\/\/www.ottawahospital.on.ca\/?page_id=64412"},"modified":"2021-05-07T11:03:35","modified_gmt":"2021-05-07T15:03:35","slug":"recherche","status":"publish","type":"page","link":"https:\/\/www.ottawahospital.on.ca\/fr\/services-cliniques\/deptpgrmcs\/cliniques-et-services\/centre-neuromusculaire-dottawa\/recherche\/","title":{"rendered":"Recherche"},"content":{"rendered":"<p><img decoding=\"async\" class=\"alignnone size-full wp-image-52626\" src=\"\/wp-content\/uploads\/2021\/05\/Research.jpg\" alt=\"Recherche\" \/><\/p>\n<p>Il n\u2019existe actuellement aucun traitement pour de nombreuses maladies neuromusculaires. Toutefois, de r\u00e9centes d\u00e9couvertes prometteuses pourraient mener \u00e0 des diagnostics et \u00e0 des th\u00e9rapies plus efficaces pour les patients atteints de ces maladies rares.<\/p>\n<p>\u200b\u200bAu Centre neuromusculaire, nous offrons aux personnes l\u2019occasion de participer \u00e0 des essais cliniques, ici m\u00eame dans la capitale nationale.<\/p>\n<p>En partenariat avec l\u2019Universit\u00e9 d\u2019Ottawa, le Centre de recherche \u00c9ric-Poulin sur les maladies neuromusculaires, l\u2019Institut de recherche du Centre hospitalier pour enfants de l\u2019est de l\u2019Ontario et des entreprises pharmaceutiques novatrices, nous mettons \u00e0 l\u2019essai et au point de nouveaux m\u00e9dicaments pour traiter les maladies neuromusculaires.<\/p>\n<p>Notre objectif est d\u2019utiliser nos d\u00e9couvertes m\u00e9dicales pour comprendre la nature des maladies rares et aider \u00e0 mettre au point de nouvelles th\u00e9rapies pour les patients atteints d\u2019une maladie neuromusculaire. <a href=\"https:\/\/www.ottawaneuromuscularcentre.com\/research\" target=\"_blank\" rel=\"noopener\">\u00bb En savoir plus<\/a> (en Anglais seulement).<\/p>\n","protected":false},"excerpt":{"rendered":"<p>Il n\u2019existe actuellement aucun traitement pour de nombreuses maladies neuromusculaires. Toutefois, de r\u00e9centes d\u00e9couvertes prometteuses pourraient mener \u00e0 des diagnostics et \u00e0 des th\u00e9rapies plus efficaces pour les patients atteints de ces maladies rares. \u200b\u200bAu Centre neuromusculaire, nous offrons aux personnes l\u2019occasion de participer \u00e0 des essais cliniques, ici m\u00eame dans la capitale nationale. En [&hellip;]<\/p>\n","protected":false},"author":25,"featured_media":0,"parent":64403,"menu_order":1,"comment_status":"closed","ping_status":"closed","template":"","meta":{"_acf_changed":false,"_mc_calendar":[],"footnotes":""},"class_list":["post-64412","page","type-page","status-publish","hentry"],"acf":[],"wps_subtitle":"","_links":{"self":[{"href":"https:\/\/www.ottawahospital.on.ca\/fr\/wp-json\/wp\/v2\/pages\/64412","targetHints":{"allow":["GET"]}}],"collection":[{"href":"https:\/\/www.ottawahospital.on.ca\/fr\/wp-json\/wp\/v2\/pages"}],"about":[{"href":"https:\/\/www.ottawahospital.on.ca\/fr\/wp-json\/wp\/v2\/types\/page"}],"author":[{"embeddable":true,"href":"https:\/\/www.ottawahospital.on.ca\/fr\/wp-json\/wp\/v2\/users\/25"}],"replies":[{"embeddable":true,"href":"https:\/\/www.ottawahospital.on.ca\/fr\/wp-json\/wp\/v2\/comments?post=64412"}],"version-history":[{"count":0,"href":"https:\/\/www.ottawahospital.on.ca\/fr\/wp-json\/wp\/v2\/pages\/64412\/revisions"}],"up":[{"embeddable":true,"href":"https:\/\/www.ottawahospital.on.ca\/fr\/wp-json\/wp\/v2\/pages\/64403"}],"wp:attachment":[{"href":"https:\/\/www.ottawahospital.on.ca\/fr\/wp-json\/wp\/v2\/media?parent=64412"}],"curies":[{"name":"wp","href":"https:\/\/api.w.org\/{rel}","templated":true}]}}