{"id":64407,"date":"2021-05-06T16:14:59","date_gmt":"2021-05-06T20:14:59","guid":{"rendered":"https:\/\/www.ottawahospital.on.ca\/?page_id=64407"},"modified":"2021-05-06T16:15:00","modified_gmt":"2021-05-06T20:15:00","slug":"soins-cliniques","status":"publish","type":"page","link":"https:\/\/www.ottawahospital.on.ca\/fr\/services-cliniques\/deptpgrmcs\/cliniques-et-services\/centre-neuromusculaire-dottawa\/soins-cliniques\/","title":{"rendered":"Soins cliniques"},"content":{"rendered":"<p><img decoding=\"async\" class=\"alignnone size-full wp-image-52626\" src=\"\/wp-content\/uploads\/2021\/05\/Clinical-Care.jpg\" alt=\"Soins cliniques\" \/><\/p>\n<p>Les troubles neuromusculaires touchent plus de 10\u2009000 personnes dans la r\u00e9gion d\u2019Ottawa. Beaucoup de ces troubles n\u00e9cessitent un degr\u00e9 \u00e9lev\u00e9 d\u2019expertise et des technologies m\u00e9dicales de pointe pour leur diagnostic. Des centaines de maladies neuromusculaires diff\u00e9rentes apparaissent de plus en plus en raison de l\u2019am\u00e9lioration des tests diagnostiques. Les options de traitement \u00e9taient auparavant limit\u00e9es, mais les progr\u00e8s du s\u00e9quen\u00e7age g\u00e9n\u00e9tique et des m\u00e9dicaments personnalis\u00e9s ont donn\u00e9 lieu \u00e0 de nouvelles pistes d\u2019essais cliniques et ont permis d\u2019am\u00e9liorer la sant\u00e9 des patients.<\/p>\n<p>Dans la capitale nationale, nous avons un \u00e9tablissement unique en son genre dirig\u00e9 par des cliniciens et des scientifiques sp\u00e9cialis\u00e9s en maladies neuromusculaires dans un centre de recherche clinique de calibre mondial.<\/p>\n<p>D\u2019une superficie de plus de 5\u2009000\u00a0pieds carr\u00e9s, notre centre est d\u00e9di\u00e9 aux soins cliniques, aux diagnostics et \u00e0 la recherche, et comprend des laboratoires novateurs, des unit\u00e9s de recherche clinique et des salles d\u2019examen et de traitement.<\/p>\n","protected":false},"excerpt":{"rendered":"<p>Les troubles neuromusculaires touchent plus de 10\u2009000 personnes dans la r\u00e9gion d\u2019Ottawa. Beaucoup de ces troubles n\u00e9cessitent un degr\u00e9 \u00e9lev\u00e9 d\u2019expertise et des technologies m\u00e9dicales de pointe pour leur diagnostic. Des centaines de maladies neuromusculaires diff\u00e9rentes apparaissent de plus en plus en raison de l\u2019am\u00e9lioration des tests diagnostiques. Les options de traitement \u00e9taient auparavant limit\u00e9es, [&hellip;]<\/p>\n","protected":false},"author":25,"featured_media":0,"parent":64403,"menu_order":0,"comment_status":"closed","ping_status":"closed","template":"","meta":{"_acf_changed":false,"_mc_calendar":[],"footnotes":""},"class_list":["post-64407","page","type-page","status-publish","hentry"],"acf":[],"wps_subtitle":"","_links":{"self":[{"href":"https:\/\/www.ottawahospital.on.ca\/fr\/wp-json\/wp\/v2\/pages\/64407","targetHints":{"allow":["GET"]}}],"collection":[{"href":"https:\/\/www.ottawahospital.on.ca\/fr\/wp-json\/wp\/v2\/pages"}],"about":[{"href":"https:\/\/www.ottawahospital.on.ca\/fr\/wp-json\/wp\/v2\/types\/page"}],"author":[{"embeddable":true,"href":"https:\/\/www.ottawahospital.on.ca\/fr\/wp-json\/wp\/v2\/users\/25"}],"replies":[{"embeddable":true,"href":"https:\/\/www.ottawahospital.on.ca\/fr\/wp-json\/wp\/v2\/comments?post=64407"}],"version-history":[{"count":0,"href":"https:\/\/www.ottawahospital.on.ca\/fr\/wp-json\/wp\/v2\/pages\/64407\/revisions"}],"up":[{"embeddable":true,"href":"https:\/\/www.ottawahospital.on.ca\/fr\/wp-json\/wp\/v2\/pages\/64403"}],"wp:attachment":[{"href":"https:\/\/www.ottawahospital.on.ca\/fr\/wp-json\/wp\/v2\/media?parent=64407"}],"curies":[{"name":"wp","href":"https:\/\/api.w.org\/{rel}","templated":true}]}}