{"id":64403,"date":"2021-05-06T16:12:05","date_gmt":"2021-05-06T20:12:05","guid":{"rendered":"https:\/\/www.ottawahospital.on.ca\/?page_id=64403"},"modified":"2021-05-07T13:06:21","modified_gmt":"2021-05-07T17:06:21","slug":"centre-neuromusculaire-dottawa","status":"publish","type":"page","link":"https:\/\/www.ottawahospital.on.ca\/fr\/services-cliniques\/deptpgrmcs\/cliniques-et-services\/centre-neuromusculaire-dottawa\/","title":{"rendered":"Centre neuromusculaire d\u2019Ottawa"},"content":{"rendered":"<p><img decoding=\"async\" class=\"alignnone size-full wp-image-52626\" src=\"\/wp-content\/uploads\/2021\/05\/Banner-Image.jpg\" alt=\"Centre neuromusculaire d\u2019Ottawa\" \/><\/p>\n<p>Le Centre neuromusculaire de L\u2019H\u00f4pital d\u2019Ottawa est un centre de recherche clinique de pointe qui vise \u00e0 am\u00e9liorer le diagnostic et les soins, et \u00e0 mettre au point des th\u00e9rapies novatrices pour les adultes atteints d\u2019une maladie neuromusculaire.<\/p>\n<p>Nous sommes engag\u00e9s \u00e0 am\u00e9liorer la sant\u00e9 des patients atteints d\u2019une maladie neuromusculaire en offrant des soins complets, des essais cliniques novateurs et de nouvelles \u00e9tudes dirig\u00e9es par des chercheurs.<\/p>\n<div class=\"text-box-bkg\">\n<p>Ensemble, nous esp\u00e9rons que notre engagement envers des soins empreints de compassion et une m\u00e9decine fond\u00e9e sur des donn\u00e9es probantes am\u00e9liorera la vie des patients.<\/p>\n<p><a class=\"read-more\" href=\"https:\/\/www.ottawaneuromuscularcentre.com\/\" target=\"_blank\" rel=\"noopener\">\u00bb En savoir plus<\/a> (en Anglais seulement)<\/p>\n<\/div>\n<div class=\"toh-row-content\">\n<div class=\"col-sm-6 col-md-6 mb-4\">\n<div class=\"toh-card h-100\">\n<div class=\"toh-card-inner\">\n<div class=\"img-responsive card-img-top\"><img decoding=\"async\" class=\"attachment-full size-full wp-post-image\" src=\"\/wp-content\/uploads\/2020\/12\/Landing-page-card-location.jpg\" alt=\"Nos coordonn\u00e9es\" \/><\/div>\n<div class=\"toh-card-body\">\n<h5 class=\"toh-card-title\">Nos coordonn\u00e9es<\/h5>\n<div class=\"toh-card-text\">\n<p>Nous sommes situ\u00e9s au Campus Civic de L\u2019H\u00f4pital d\u2019Ottawa (ascenseur D, niveau S)<\/p>\n<p>Adresse : 1053, av. Carling, Ottawa, ON K1Y4E9<br \/>\nT\u00e9l\u00e9phone : 613-761-4324<br \/>\nT\u00e9l\u00e9copieur : 613-761-5403<\/p>\n<\/div>\n<\/div>\n<p><!--card-body--><\/p>\n<\/div>\n<\/div>\n<p><!--card--><\/p>\n<\/div>\n<p><!--col--><\/p>\n<div class=\"col-sm-6 col-md-6 mb-4\">\n<div class=\"toh-card h-100\">\n<div class=\"toh-card-inner\">\n<div class=\"img-responsive card-img-top\"><img decoding=\"async\" class=\"attachment-full size-full wp-post-image\" src=\"\/wp-content\/uploads\/2020\/12\/Landing-page-card-clinics.jpg\" alt=\"Nos cliniques\" \/><\/div>\n<div class=\"toh-card-body\">\n<h5 class=\"toh-card-title\">Nos cliniques<\/h5>\n<div class=\"toh-card-text\">\n<p>Nous acceptons les recommandations de patients atteints notamment des troubles suivants : scl\u00e9rose lat\u00e9rale amyotrophique, amyotrophie spinale, maladies auto-immunes, neuropathies, troubles myasth\u00e9niques (myasth\u00e9nie grave), maladies musculaires (dystrophie musculaire).<\/p>\n<\/div>\n<\/div>\n<p><!--card-body--><\/p>\n<\/div>\n<\/div>\n<p><!--card--><\/p>\n<\/div>\n<p><!--col--><\/p>\n<\/div>\n","protected":false},"excerpt":{"rendered":"<p>Le Centre neuromusculaire de L\u2019H\u00f4pital d\u2019Ottawa est un centre de recherche clinique de pointe qui vise \u00e0 am\u00e9liorer le diagnostic et les soins, et \u00e0 mettre au point des th\u00e9rapies novatrices pour les adultes atteints d\u2019une maladie neuromusculaire. Nous sommes engag\u00e9s \u00e0 am\u00e9liorer la sant\u00e9 des patients atteints d\u2019une maladie neuromusculaire en offrant des soins [&hellip;]<\/p>\n","protected":false},"author":25,"featured_media":0,"parent":7872,"menu_order":0,"comment_status":"closed","ping_status":"closed","template":"","meta":{"_acf_changed":false,"_mc_calendar":[],"footnotes":""},"class_list":["post-64403","page","type-page","status-publish","hentry"],"acf":[],"wps_subtitle":"","_links":{"self":[{"href":"https:\/\/www.ottawahospital.on.ca\/fr\/wp-json\/wp\/v2\/pages\/64403","targetHints":{"allow":["GET"]}}],"collection":[{"href":"https:\/\/www.ottawahospital.on.ca\/fr\/wp-json\/wp\/v2\/pages"}],"about":[{"href":"https:\/\/www.ottawahospital.on.ca\/fr\/wp-json\/wp\/v2\/types\/page"}],"author":[{"embeddable":true,"href":"https:\/\/www.ottawahospital.on.ca\/fr\/wp-json\/wp\/v2\/users\/25"}],"replies":[{"embeddable":true,"href":"https:\/\/www.ottawahospital.on.ca\/fr\/wp-json\/wp\/v2\/comments?post=64403"}],"version-history":[{"count":0,"href":"https:\/\/www.ottawahospital.on.ca\/fr\/wp-json\/wp\/v2\/pages\/64403\/revisions"}],"up":[{"embeddable":true,"href":"https:\/\/www.ottawahospital.on.ca\/fr\/wp-json\/wp\/v2\/pages\/7872"}],"wp:attachment":[{"href":"https:\/\/www.ottawahospital.on.ca\/fr\/wp-json\/wp\/v2\/media?parent=64403"}],"curies":[{"name":"wp","href":"https:\/\/api.w.org\/{rel}","templated":true}]}}