{"id":64159,"date":"2021-04-30T09:29:37","date_gmt":"2021-04-30T13:29:37","guid":{"rendered":"https:\/\/www.ottawahospital.on.ca\/?page_id=64159"},"modified":"2023-02-22T09:22:39","modified_gmt":"2023-02-22T14:22:39","slug":"honorata-bittner","status":"publish","type":"page","link":"https:\/\/www.ottawahospital.on.ca\/fr\/about-us\/notre-equipe-de-direction\/equipe-de-la-haute-direction\/honorata-bittner\/","title":{"rendered":"Honorata Bittner"},"content":{"rendered":"<div class=\"wp-caption alignleft\" style=\"width: 145px;\"><img decoding=\"async\" class=\"img responsive\" src=\"\/wp-content\/uploads\/2021\/04\/Honorata-Bittner.jpg\" alt=\"Honorata Bittner\" \/><\/p>\n<p class=\"wp-caption-text\"><strong>Honorata Bittner<\/strong><br \/>\nvice-pr\u00e9sidente et chef, Strat\u00e9gie et Personnel<\/p>\n<p class=\"wp-caption-text\"><strong>Renseignements<\/strong><br \/>\n613-737-8899 poste 14475<br \/>\n<a href=\"mailto:honorata.bittner@toh.ca\">honorata.bittner@toh.ca<\/a><\/p>\n<\/div>\n<p>Honorata Bittner est vice-pr\u00e9sidente et chef de la strat\u00e9gie et du personnel \u00e0 L\u2019H\u00f4pital\u00a0d\u2019Ottawa. \u00c0 ce titre, il lui incombe de fournir des conseils et avis strat\u00e9giques au pr\u00e9sident-directeur g\u00e9n\u00e9ral, et d\u2019appuyer et de faciliter les relations interservices dans le cadre de projets et de questions d\u2019envergure. En outre, elle est responsable de diff\u00e9rents aspects de la strat\u00e9gie du personnel concernant la s\u00e9curit\u00e9 du personnel, la sant\u00e9 et le mieux-\u00eatre au travail, la r\u00e9solution de conflits et les relations de travail, l\u2019engagement du personnel ainsi que les questions d\u2019\u00e9quit\u00e9, de diversit\u00e9, d\u2019inclusion et d\u2019accessibilit\u00e9, parmi lesquelles les services en fran\u00e7ais. Elle est aussi le cadre dirigeant qui supervise le cadre d\u2019engagement des patients autochtones de L\u2019H\u00f4pital\u00a0d\u2019Ottawa. Gr\u00e2ce \u00e0 son style de leadership ax\u00e9 sur la collaboration, elle consolide des relations pour atteindre des objectifs strat\u00e9giques \u00e0 l\u2019H\u00f4pital et dans la collectivit\u00e9. Elle est reconnue pour sa capacit\u00e9 d\u2019\u00e9valuer et de simplifier des probl\u00e8mes complexes et de cr\u00e9er des plans d\u2019action couronn\u00e9s de succ\u00e8s.<\/p>\n<p>Une fois dipl\u00f4m\u00e9e de l\u2019\u00c9cole de gestion John Molson de l\u2019Universit\u00e9 Concordia, Honorata a entam\u00e9 sa carri\u00e8re dans le milieu de la sant\u00e9 au secr\u00e9tariat du Comit\u00e9 des services de m\u00e9decin de l\u2019Ontario situ\u00e9 \u00e0 Toronto. Elle a notamment contribu\u00e9 \u00e0 la mise en \u0153uvre des orientations strat\u00e9giques et de l\u2019accord-cadre des m\u00e9decins qui r\u00e9git la prestation des services de m\u00e9decins en Ontario. En 2005, Honorata a poursuivi sa carri\u00e8re en planification de la sant\u00e9 \u00e0 L\u2019H\u00f4pital\u00a0d\u2019Ottawa, aux c\u00f4t\u00e9s du vice-pr\u00e9sident des Affaires m\u00e9dicales, et a travaill\u00e9 \u00e0 l\u2019\u00e9laboration du plan d\u2019intervention en cas de pand\u00e9mie. Ce plan sera d\u2019ailleurs mis en pratique quelques ann\u00e9es plus tard lors de la pand\u00e9mie de grippe\u00a0H1N1. En 2006, Honorata a int\u00e9gr\u00e9 le bureau du PDG de l\u2019H\u00f4pital, avant d\u2019\u00eatre rapidement promue directrice des bureaux de la direction, puis directrice des Initiatives et int\u00e9gration strat\u00e9giques. En 2018, Honorata a \u00e9t\u00e9 nomm\u00e9e repr\u00e9sentante de L\u2019H\u00f4pital d\u2019Ottawa \u00e0 la table ex\u00e9cutive des partenaires au sein de la nouvelle \u00e9quipe Sant\u00e9 Ontario d\u2019Ottawa qu\u2019elle a copr\u00e9sid\u00e9e pendant les deux derni\u00e8res ann\u00e9es. En 2020, Honorata a acc\u00e9d\u00e9 au poste de chef strat\u00e9gique et, en 2022, elle a \u00e9t\u00e9 promue dans son r\u00f4le actuel.<\/p>\n<p>Originaire de la Pologne, Honorata a \u00e9migr\u00e9 au Canada avec ses parents au d\u00e9but des ann\u00e9es\u00a01980. Elle a grandi \u00e0 Montr\u00e9al et vit \u00e0 Ottawa depuis 17\u00a0ans. Elle parle couramment le fran\u00e7ais, l\u2019anglais et le polonais, et s\u2019initie depuis peu \u00e0 l\u2019italien. Avide d\u2019acqu\u00e9rir de nouvelles connaissances, elle assouvit sa curiosit\u00e9 pour l\u2019actualit\u00e9 mondiale en \u00e9coutant des balados et en lisant beaucoup. Fi\u00e8re maman de Miko et Gaja, Honorata prend \u00e9norm\u00e9ment de plaisir \u00e0 partir avec ses enfants \u00e0 la d\u00e9couverte des grands espaces canadiens, et aime faire des activit\u00e9s de plein air, notamment du ski de fond, de la randonn\u00e9e p\u00e9destre ainsi que du canot-camping.<\/p>\n<p><span style=\"font-size: revert; color: initial;\">cole de gestion John Molson de l\u2019Universit\u00e9 Concordia, Honorata a entam\u00e9 sa carri\u00e8re dans le milieu de la sant\u00e9 au secr\u00e9tariat du Comit\u00e9 des services de m\u00e9decin de l\u2019Ontario situ\u00e9 \u00e0 Toronto. Elle participe \u00e0 la mise en \u0153uvre des orientations strat\u00e9giques et de l\u2019accord-cadre des m\u00e9decins qui r\u00e9git la prestation des services de m\u00e9decins en Ontario. En 2005, elle poursuit sa carri\u00e8re en planification de la sant\u00e9 \u00e0 L\u2019H\u00f4pital d\u2019Ottawa, o\u00f9 elle travaille avec le vice-pr\u00e9sident des affaires m\u00e9dicales \u00e0 l\u2019\u00e9laboration du plan d\u2019intervention en cas de pand\u00e9mie. Ce plan sera d\u2019ailleurs mis en pratique quelques ann\u00e9es plus tard lors de la pand\u00e9mie de grippe H1N1. En 2006, Honorata int\u00e8gre le bureau du PDG de l\u2019H\u00f4pital comme adjointe ex\u00e9cutive avant d\u2019\u00eatre rapidement promue directrice des bureaux de la direction puis, plus r\u00e9cemment, directrice des initiatives et de l\u2019int\u00e9gration. En 2019, Honorata est nomm\u00e9e repr\u00e9sentante de L\u2019H\u00f4pital d\u2019Ottawa \u00e0 la table ex\u00e9cutive des partenaires au sein de la nouvelle \u00e9quipe Sant\u00e9 Ontario d\u2019Ottawa. En 2020, Honorata devient chef strat\u00e9gique, \u00e0 un moment o\u00f9 l\u2019H\u00f4pital fait face \u00e0 des pressions sans pr\u00e9c\u00e9dent dans le cadre de la lutte contre la pand\u00e9mie de COVID-19.<\/span><\/p>\n<p>Originaire de la Pologne, Honorata a \u00e9migr\u00e9 au Canada avec ses parents au d\u00e9but des ann\u00e9es 1980. Elle a grandi \u00e0 Montr\u00e9al et vit \u00e0 Ottawa depuis 15 ans. Elle parle couramment le fran\u00e7ais, l\u2019anglais et le polonais, et s\u2019initie depuis peu \u00e0 l\u2019italien. Elle nourrit sa passion pour l\u2019acquisition de nouvelles connaissances et l\u2019actualit\u00e9 mondiale par les balados et la lecture. Elle aime explorer le Canada avec ses enfants, Miko et Gaja, et faire des activit\u00e9s en plein air, notamment la randonn\u00e9e et le canot-camping.<\/p>\n","protected":false},"excerpt":{"rendered":"<p>Honorata Bittner vice-pr\u00e9sidente et chef, Strat\u00e9gie et Personnel Renseignements 613-737-8899 poste 14475 honorata.bittner@toh.ca Honorata Bittner est vice-pr\u00e9sidente et chef de la strat\u00e9gie et du personnel \u00e0 L\u2019H\u00f4pital\u00a0d\u2019Ottawa. \u00c0 ce titre, il lui incombe de fournir des conseils et avis strat\u00e9giques au pr\u00e9sident-directeur g\u00e9n\u00e9ral, et d\u2019appuyer et de faciliter les relations interservices dans le cadre de [&hellip;]<\/p>\n","protected":false},"author":25,"featured_media":0,"parent":4550,"menu_order":33,"comment_status":"closed","ping_status":"closed","template":"","meta":{"_acf_changed":false,"_mc_calendar":[],"footnotes":""},"class_list":["post-64159","page","type-page","status-publish","hentry"],"acf":[],"wps_subtitle":"","_links":{"self":[{"href":"https:\/\/www.ottawahospital.on.ca\/fr\/wp-json\/wp\/v2\/pages\/64159","targetHints":{"allow":["GET"]}}],"collection":[{"href":"https:\/\/www.ottawahospital.on.ca\/fr\/wp-json\/wp\/v2\/pages"}],"about":[{"href":"https:\/\/www.ottawahospital.on.ca\/fr\/wp-json\/wp\/v2\/types\/page"}],"author":[{"embeddable":true,"href":"https:\/\/www.ottawahospital.on.ca\/fr\/wp-json\/wp\/v2\/users\/25"}],"replies":[{"embeddable":true,"href":"https:\/\/www.ottawahospital.on.ca\/fr\/wp-json\/wp\/v2\/comments?post=64159"}],"version-history":[{"count":0,"href":"https:\/\/www.ottawahospital.on.ca\/fr\/wp-json\/wp\/v2\/pages\/64159\/revisions"}],"up":[{"embeddable":true,"href":"https:\/\/www.ottawahospital.on.ca\/fr\/wp-json\/wp\/v2\/pages\/4550"}],"wp:attachment":[{"href":"https:\/\/www.ottawahospital.on.ca\/fr\/wp-json\/wp\/v2\/media?parent=64159"}],"curies":[{"name":"wp","href":"https:\/\/api.w.org\/{rel}","templated":true}]}}