{"id":64035,"date":"2021-04-29T11:41:46","date_gmt":"2021-04-29T15:41:46","guid":{"rendered":"https:\/\/www.ottawahospital.on.ca\/?page_id=64035"},"modified":"2025-01-03T10:56:00","modified_gmt":"2025-01-03T15:56:00","slug":"recits-de-nos-patientes","status":"publish","type":"page","link":"https:\/\/www.ottawahospital.on.ca\/fr\/services-cliniques\/deptpgrmcs\/departements\/obstetrique-gynecologie-et-soins-aux-nouveau-nes\/grossesse-multiple\/recits-de-nos-patientes\/","title":{"rendered":"R\u00e9cits de nos patientes"},"content":{"rendered":"<p><img decoding=\"async\" class=\"alignnone size-full wp-image-52626\" src=\"\/wp-content\/uploads\/2021\/04\/PatientExperience-Twins.jpg\" alt=\"Jumeaux monozygotes\" width=\"740\" height=\"330\" \/><\/p>\n<p class=\"intro-text1\">Laissez-vous inspirer par l\u2019histoire de femmes qui ont v\u00e9cu une grossesse multiple. N\u2019h\u00e9sitez pas \u00e0 nous \u00e9crire si vous souhaitez raconter la v\u00f4tre. Nous adorerions l\u2019entendre!<\/p>\n<div id=\"accordion\" class=\"panel-group\">\n<div class=\"panel panel-default\">\n<div class=\"panel-heading\">\n<h4 class=\"panel-title\"><a class=\"collapsed\" href=\"#collapse1\" data-toggle=\"collapse\" data-parent=\"#accordion\" aria-expanded=\"false\">Jumeaux monozygotes<\/a><\/h4>\n<\/div>\n<div id=\"collapse1\" class=\"panel-collapse collapse\" aria-expanded=\"false\">\n<div class=\"panel-body\">\n<p><img decoding=\"async\" class=\"alignright img-responsive\" src=\"\/wp-content\/uploads\/2021\/04\/Mono-twins-1.jpg\" alt=\"Jumeaux monozygotes\" width=\"300\" height=\"300\" \/>\u00ab Une grossesse multiple est une exp\u00e9rience unique qui a assur\u00e9ment \u00e9t\u00e9 plus exigeante que notre premi\u00e8re grossesse. Nous avons attendu l\u2019arriv\u00e9e de nos jumelles avec h\u00e2te et anxi\u00e9t\u00e9. L\u2019\u00e9quipe de soins a r\u00e9pondu \u00e0 toutes nos questions et pr\u00e9occupations. Elle a vraiment jou\u00e9 un r\u00f4le extraordinaire pour cr\u00e9er une relation de soutien et de confiance. Elle nous a aid\u00e9s \u00e0 composer avec tous les facteurs de stress d\u2019une grossesse multiple. Nous avons v\u00e9cu toutes sortes d\u2019\u00e9motions, comme au moment de d\u00e9cider quand j\u2019arr\u00eaterais de travailler, comment nous pr\u00e9parer \u00e0 l\u2019accouchement et comment g\u00e9rer nos attentes pour l\u2019accouchement. Ce lien de confiance nous a permis de rester concentr\u00e9s sur notre bonheur tout en sachant que l\u2019\u00e9quipe de soins nous aiderait \u00e0 surmonter les divers obstacles de la grossesse et de l\u2019accouchement \u0336 ce qu\u2019ils ont d\u2019ailleurs fait \u00e0 plusieurs reprises. Nous avons maintenant deux filles en sant\u00e9 et \u00e9panouies. J\u2019ai pu les allaiter exclusivement toutes les deux, ce qui \u00e9tait important pour moi. Nous avons le bonheur de les voir grandir. \u00bb<\/p>\n<p style=\"text-align: right;\"><strong><em>&#8211; Kaissa, m\u00e8re de jumelles monozygotes<\/em><\/strong><\/p>\n<\/div>\n<\/div>\n<\/div>\n<div class=\"panel panel-default\">\n<div class=\"panel-heading\">\n<h4 class=\"panel-title\"><a class=\"collapsed\" href=\"#collapse2\" data-toggle=\"collapse\" data-parent=\"#accordion\" aria-expanded=\"false\">Jumeaux dizygotes<\/a><\/h4>\n<\/div>\n<div id=\"collapse2\" class=\"panel-collapse collapse\" aria-expanded=\"false\">\n<div class=\"panel-body\">\n<p><img decoding=\"async\" class=\"alignleft img-responsive\" src=\"\/wp-content\/uploads\/2021\/04\/Dichorionic-twins-1.jpg\" alt=\"Jumeaux dizygotes\" width=\"300\" height=\"300\" \/>\u00ab Quand j\u2019attendais les jumeaux, j\u2019ai \u00e9t\u00e9 orient\u00e9e \u00e0 la clinique des grossesses \u00e0 risque \u00e9lev\u00e9 de L\u2019H\u00f4pital d\u2019Ottawa. Je ne savais pas \u00e0 l\u2019\u00e9poque \u00e0 quel point ce transfert serait important pour l\u2019issue de ma grossesse. D\u00e8s le premier rendez-vous, je me suis sentie \u00e0 l\u2019aise et j\u2019ai eu la certitude que je recevrais de bons soins. Ma sant\u00e9 a d\u00e9clin\u00e9 assez rapidement au d\u00e9but du troisi\u00e8me trimestre. Mes b\u00e9b\u00e9s et moi avons \u00e9t\u00e9 suivis r\u00e9guli\u00e8rement et attentivement. L\u2019\u00e9quipe m\u2019informait toujours de mon \u00e9tat et m\u2019incluait dans la prise de toutes les d\u00e9cisions, notamment un s\u00e9jour prolong\u00e9 en obst\u00e9trique pendant les deux derniers mois de ma grossesse. Pendant cette p\u00e9riode, le personnel m\u2019a trait\u00e9e avec compassion et respect en tout temps. En suivant les recommandations de l\u2019\u00e9quipe, j\u2019ai r\u00e9ussi \u00e0 me rendre \u00e0 la 36e semaine et \u00e0 mener \u00e0 terme mes jumeaux! Lorsque les b\u00e9b\u00e9s et moi avons eu besoin d\u2019une intervention pendant l\u2019accouchement, nous avons rapidement re\u00e7u des soins sp\u00e9cialis\u00e9s empreints de compassion. Apr\u00e8s l\u2019accouchement, nous avions encore besoin de soins. Nous avons tous re\u00e7u un excellent soutien m\u00eame apr\u00e8s notre cong\u00e9 de l\u2019h\u00f4pital une semaine plus tard. Ils ont m\u00eame continu\u00e9 de v\u00e9rifier comment nous allions apr\u00e8s notre retour \u00e0 la maison! Pr\u00e8s de six ans plus tard, je suis ravie d\u2019affirmer que j\u2019ai deux gar\u00e7ons heureux, curieux et \u00e9nergiques. Les connaissances sp\u00e9cialis\u00e9es, l\u2019approche pratique et la v\u00e9ritable gentillesse de l\u2019\u00e9quipe feront \u00e0 tout jamais partie de l\u2019heureuse histoire de notre famille. \u00bb<\/p>\n<p style=\"text-align: right;\"><strong><em>&#8211; Linda, m\u00e8re de jumeaux dizygotes<\/em><\/strong><\/p>\n<\/div>\n<\/div>\n<\/div>\n<div class=\"panel panel-default\">\n<div class=\"panel-heading\">\n<h4 class=\"panel-title\"><a class=\"collapsed\" href=\"#collapse3\" data-toggle=\"collapse\" data-parent=\"#accordion\" aria-expanded=\"false\">Jumeaux monozygotes-monoamniotiques<\/a><\/h4>\n<\/div>\n<div id=\"collapse3\" class=\"panel-collapse collapse\" aria-expanded=\"false\">\n<div class=\"panel-body\">\n<p>\u00ab Les deux exp\u00e9riences les plus terrifiantes de ma vie ont eu lieu \u00e0 la Clinique des grossesses \u00e0 risque \u00e9lev\u00e9. J\u2019\u00e9tais enceinte de jumelles monozygotes diamniotiques et l\u2019\u00e9quipe de la clinique m\u2019avait inform\u00e9e de tous les risques et r\u00e9sultats possibles.<\/p>\n<p>Soudainement, \u00e0 la 28e semaine de grossesse, pendant une \u00e9chographie de routine, j\u2019ai \u00e9t\u00e9 prise d\u2019un mal de t\u00eate intense et ma temp\u00e9rature a grimp\u00e9 \u00e0 41\u00b0C. La fr\u00e9quence cardiaque des b\u00e9b\u00e9s \u00e9tait consid\u00e9rablement \u00e9lev\u00e9e. L\u2019\u00e9quipe a imm\u00e9diatement voulu en d\u00e9terminer la cause et m\u2019a admise \u00e0 l\u2019h\u00f4pital pour pouvoir surveiller les b\u00e9b\u00e9s 24 heures sur 24. Ils ont trouv\u00e9 une bact\u00e9rie dans mon sang. Ils m\u2019ont donn\u00e9 les bons antibiotiques et les b\u00e9b\u00e9s et moi nous sommes r\u00e9tablis. Je m\u2019estime encore chanceuse d\u2019avoir \u00e9t\u00e9 \u00e0 la clinique le jour o\u00f9 c\u2019est arriv\u00e9, car l\u2019issue aurait pu \u00eatre tr\u00e8s diff\u00e9rente.<\/p>\n<p>L\u2019\u00e9quipe a veill\u00e9 \u00e0 ce que je sois observ\u00e9e plus souvent apr\u00e8s mon d\u00e9part. L\u2019\u00e9chographie \u00e0 la 29e semaine a montr\u00e9 la pr\u00e9sence de ce que je craignais le plus : le syndrome transfuseur-transfus\u00e9. Il est apparu subitement et a progress\u00e9 rapidement. J\u2019\u00e9tais au stade 4. La jumelle transfus\u00e9e accumulait du liquide dans l\u2019abdomen, le c\u0153ur et les poumons et sous le cuir chevelu. Elle \u00e9tait en d\u00e9tresse cardiaque. L\u2019autre jumelle n\u2019avait pas de liquide amniotique et pas de vessie visible.<\/p>\n<p>Mes espoirs de mettre au monde mes jumelles avec peu d\u2019interventions pr\u00e8s de la 36e semaine ont \u00e9t\u00e9 an\u00e9antis. On m\u2019a imm\u00e9diatement pr\u00e9par\u00e9e pour une c\u00e9sarienne d\u2019urgence. J\u2019ai mis au monde un b\u00e9b\u00e9 en pleurs de 900 g (1,9 lb) et un b\u00e9b\u00e9 silencieux de 1 300 g (2,8 lb) tout enfl\u00e9, qui a d\u00fb \u00eatre r\u00e9anim\u00e9 par l\u2019incroyable \u00e9quipe de l\u2019Unit\u00e9 de soins intensifs n\u00e9onataux. L\u2019\u00e9quipe est rest\u00e9e \u00e0 mes c\u00f4t\u00e9s pendant la chirurgie et \u00e9tait l\u00e0 pour soutenir mon mari pendant qu\u2019il attendait seul dans le corridor.<\/p>\n<p>Apr\u00e8s 72 jours aux soins intensifs du Campus G\u00e9n\u00e9ral, mes belles et fortes petites filles ont pu rentrer chez elles. Elles ont gagn\u00e9 leur combat. Mon combat, par contre, venait de commencer. Environ 2 mois plus tard, je me suis sentie envahie par une anxi\u00e9t\u00e9 postpartum et j\u2019ai commenc\u00e9 \u00e0 avoir des attaques de panique, des \u00e9pisodes d\u2019hypervigilance extr\u00eame et des compulsions. J\u2019ai endur\u00e9 des \u00e9pisodes d\u2019insomnie qui duraient des semaines et ma production de lait a temporairement arr\u00eat\u00e9. Je me suis inspir\u00e9e de la force de mes filles pour me battre, mais je n\u2019ai pas r\u00e9ussi seule. J\u2019ai demand\u00e9 de l\u2019aide professionnelle. C\u2019est l\u00e0 que j\u2019ai appris que les troubles de l\u2019humeur sont courants apr\u00e8s une naissance multiple et qu\u2019ils sont faciles \u00e0 traiter. Il existe des ressources. Il faut garder leurs coordonn\u00e9es \u00e0 port\u00e9e de main.<\/p>\n<p>Mes merveilleuses, intelligentes, r\u00e9silientes et coquines petites coccinelles, Cecilia Lincoln et Alexandria Estelle, s\u2019\u00e9panouissent tr\u00e8s bien maintenant et nous captivent compl\u00e8tement. Je crois sinc\u00e8rement que je dois remercier l\u2019\u00e9quipe de la clinique de leur survie. Il se passe rarement une semaine o\u00f9 je ne repense pas \u00e0 mon insistance pour me faire transf\u00e9rer \u00e0 cette clinique. J\u2019appr\u00e9cie vraiment d\u2019avoir la chance d\u2019habiter \u00e0 Ottawa et d\u2019avoir acc\u00e8s \u00e0 l\u2019expertise, \u00e0 la bienveillance et aux comp\u00e9tences exceptionnelles de cette \u00e9quipe, ainsi qu\u2019\u00e0 celles des infirmi\u00e8res, des th\u00e9rapeutes respiratoires et des m\u00e9decins de l\u2019Unit\u00e9 de soins intensifs n\u00e9onataux. \u00bb<\/p>\n<p style=\"text-align: right;\"><strong><em>&#8211; Cynthia, m\u00e8re de jumelles monozygotes<\/em><\/strong><\/p>\n<\/div>\n<\/div>\n<\/div>\n<\/div>\n","protected":false},"excerpt":{"rendered":"<p>Laissez-vous inspirer par l\u2019histoire de femmes qui ont v\u00e9cu une grossesse multiple. N\u2019h\u00e9sitez pas \u00e0 nous \u00e9crire si vous souhaitez raconter la v\u00f4tre. Nous adorerions l\u2019entendre! Jumeaux monozygotes \u00ab Une grossesse multiple est une exp\u00e9rience unique qui a assur\u00e9ment \u00e9t\u00e9 plus exigeante que notre premi\u00e8re grossesse. Nous avons attendu l\u2019arriv\u00e9e de nos jumelles avec h\u00e2te [&hellip;]<\/p>\n","protected":false},"author":25,"featured_media":0,"parent":63801,"menu_order":6,"comment_status":"closed","ping_status":"closed","template":"","meta":{"_acf_changed":false,"_mc_calendar":[],"footnotes":""},"class_list":["post-64035","page","type-page","status-publish","hentry"],"acf":[],"wps_subtitle":"","_links":{"self":[{"href":"https:\/\/www.ottawahospital.on.ca\/fr\/wp-json\/wp\/v2\/pages\/64035","targetHints":{"allow":["GET"]}}],"collection":[{"href":"https:\/\/www.ottawahospital.on.ca\/fr\/wp-json\/wp\/v2\/pages"}],"about":[{"href":"https:\/\/www.ottawahospital.on.ca\/fr\/wp-json\/wp\/v2\/types\/page"}],"author":[{"embeddable":true,"href":"https:\/\/www.ottawahospital.on.ca\/fr\/wp-json\/wp\/v2\/users\/25"}],"replies":[{"embeddable":true,"href":"https:\/\/www.ottawahospital.on.ca\/fr\/wp-json\/wp\/v2\/comments?post=64035"}],"version-history":[{"count":0,"href":"https:\/\/www.ottawahospital.on.ca\/fr\/wp-json\/wp\/v2\/pages\/64035\/revisions"}],"up":[{"embeddable":true,"href":"https:\/\/www.ottawahospital.on.ca\/fr\/wp-json\/wp\/v2\/pages\/63801"}],"wp:attachment":[{"href":"https:\/\/www.ottawahospital.on.ca\/fr\/wp-json\/wp\/v2\/media?parent=64035"}],"curies":[{"name":"wp","href":"https:\/\/api.w.org\/{rel}","templated":true}]}}