{"id":64032,"date":"2021-04-29T11:32:52","date_gmt":"2021-04-29T15:32:52","guid":{"rendered":"https:\/\/www.ottawahospital.on.ca\/?page_id=64032"},"modified":"2021-04-29T11:32:52","modified_gmt":"2021-04-29T15:32:52","slug":"recherche","status":"publish","type":"page","link":"https:\/\/www.ottawahospital.on.ca\/fr\/services-cliniques\/deptpgrmcs\/departements\/obstetrique-gynecologie-et-soins-aux-nouveau-nes\/grossesse-multiple\/recherche\/","title":{"rendered":"Recherche"},"content":{"rendered":"<p>Renseignez-vous sur les projets de recherche prometteurs r\u00e9alis\u00e9s dans le domaine des grossesses multiples.<\/p>\n<p>Nous prenons soin d\u2019un grand nombre de patientes vivant une grossesse multiple, ce qui nous donne une perspective unique sur les types de probl\u00e8mes qui peuvent les toucher. Les recherches apportent des r\u00e9ponses \u00e0 bien des questions cliniques soulev\u00e9es dans le cadre de nos interactions avec les parents qui attendent de multiples b\u00e9b\u00e9s. La Division de m\u00e9decine materno-f\u0153tale s\u2019efforce d\u2019offrir des soins fond\u00e9s sur des donn\u00e9es probantes actuelles. Pour ce faire, elle dirige plusieurs projets de recherche visant \u00e0 offrir les meilleurs soins possible aux patientes. Voici un aper\u00e7u des th\u00e8mes qui ont fait ou font l\u2019objet de nos recherches, y compris nos travaux publi\u00e9s, nos recherches en cours et nos pr\u00e9sentations \u00e0 des rencontres m\u00e9dicales nationales et internationales, le tout organis\u00e9 par th\u00e8me de recherche.<\/p>\n<p>Th\u00e8mes de recherche\u00a0:<\/p>\n<ul>\n<li>D\u00e9pistage des troubles de croissance chez les jumeaux<\/li>\n<li>Pr\u00e9diction des naissances pr\u00e9matur\u00e9es chez les tripl\u00e9s<\/li>\n<li>Probl\u00e8mes pouvant survenir lors de l\u2019accouchement de b\u00e9b\u00e9s multiples<\/li>\n<li>D\u00e9pistage d\u2019anomalies pendant une grossesse multiple<\/li>\n<li>Traitement des troubles touchant les jumeaux monozygotes<\/li>\n<\/ul>\n","protected":false},"excerpt":{"rendered":"<p>Renseignez-vous sur les projets de recherche prometteurs r\u00e9alis\u00e9s dans le domaine des grossesses multiples. Nous prenons soin d\u2019un grand nombre de patientes vivant une grossesse multiple, ce qui nous donne une perspective unique sur les types de probl\u00e8mes qui peuvent les toucher. Les recherches apportent des r\u00e9ponses \u00e0 bien des questions cliniques soulev\u00e9es dans le [&hellip;]<\/p>\n","protected":false},"author":25,"featured_media":0,"parent":63801,"menu_order":5,"comment_status":"closed","ping_status":"closed","template":"","meta":{"_acf_changed":false,"_mc_calendar":[],"footnotes":""},"class_list":["post-64032","page","type-page","status-publish","hentry"],"acf":[],"wps_subtitle":"","_links":{"self":[{"href":"https:\/\/www.ottawahospital.on.ca\/fr\/wp-json\/wp\/v2\/pages\/64032","targetHints":{"allow":["GET"]}}],"collection":[{"href":"https:\/\/www.ottawahospital.on.ca\/fr\/wp-json\/wp\/v2\/pages"}],"about":[{"href":"https:\/\/www.ottawahospital.on.ca\/fr\/wp-json\/wp\/v2\/types\/page"}],"author":[{"embeddable":true,"href":"https:\/\/www.ottawahospital.on.ca\/fr\/wp-json\/wp\/v2\/users\/25"}],"replies":[{"embeddable":true,"href":"https:\/\/www.ottawahospital.on.ca\/fr\/wp-json\/wp\/v2\/comments?post=64032"}],"version-history":[{"count":0,"href":"https:\/\/www.ottawahospital.on.ca\/fr\/wp-json\/wp\/v2\/pages\/64032\/revisions"}],"up":[{"embeddable":true,"href":"https:\/\/www.ottawahospital.on.ca\/fr\/wp-json\/wp\/v2\/pages\/63801"}],"wp:attachment":[{"href":"https:\/\/www.ottawahospital.on.ca\/fr\/wp-json\/wp\/v2\/media?parent=64032"}],"curies":[{"name":"wp","href":"https:\/\/api.w.org\/{rel}","templated":true}]}}