{"id":64021,"date":"2021-04-29T11:20:22","date_gmt":"2021-04-29T15:20:22","guid":{"rendered":"https:\/\/www.ottawahospital.on.ca\/?page_id=64021"},"modified":"2021-04-29T11:20:22","modified_gmt":"2021-04-29T15:20:22","slug":"naissance-prematuree","status":"publish","type":"page","link":"https:\/\/www.ottawahospital.on.ca\/fr\/services-cliniques\/deptpgrmcs\/departements\/obstetrique-gynecologie-et-soins-aux-nouveau-nes\/grossesse-multiple\/troubles-possibles-chez-les-bebes\/naissance-prematuree\/","title":{"rendered":"Naissance pr\u00e9matur\u00e9e"},"content":{"rendered":"<p><img decoding=\"async\" class=\"alignnone size-full wp-image-52626\" src=\"\/wp-content\/uploads\/2021\/04\/Preterm-birth.jpg\" alt=\"Nurses and doctors oversee a premature baby in an NICU incubator\" width=\"740\" height=\"330\" \/><\/p>\n<p>La naissance pr\u00e9matur\u00e9e avant la 37<sup>e<\/sup>\u00a0semaine de grossesse est un probl\u00e8me g\u00e9n\u00e9ralis\u00e9 tant pour les grossesses simples que les grossesses multiples. Le taux de naissance pr\u00e9matur\u00e9e au Canada toutes grossesses confondues est d\u2019environ 8\u00a0%. Il est de seulement 6,2\u00a0% chez les enfants uniques, mais il grimpe \u00e0 57\u00a0% chez les jumeaux et \u00e0 environ 95\u00a0% chez les tripl\u00e9s.<\/p>\n<p>Approximativement un tiers des naissances pr\u00e9matur\u00e9es de multiples b\u00e9b\u00e9s sont indiqu\u00e9es sur le plan m\u00e9dical. Cela signifie que l\u2019\u00e9tat de sant\u00e9 de la m\u00e8re ou des b\u00e9b\u00e9s ou l\u2019environnement intra-ut\u00e9rin rend la naissance pr\u00e9matur\u00e9e n\u00e9cessaire sur le plan m\u00e9dical. Les multiples b\u00e9b\u00e9s courent un risque accru que leur m\u00e8re ait plusieurs troubles comme l\u2019hypertension art\u00e9rielle et le diab\u00e8te. Ils peuvent avoir des troubles qui n\u00e9cessitent un accouchement pr\u00e9matur\u00e9, notamment un retard de croissance intra-ut\u00e9rin (chez un ou plusieurs b\u00e9b\u00e9s), des diff\u00e9rences structurelles et des troubles propres aux jumeaux. Les femmes vivant une grossesse multiple passent souvent des tests pour d\u00e9pister ces troubles.<\/p>\n<p>Deux tiers des naissances pr\u00e9matur\u00e9es de multiples b\u00e9b\u00e9s surviennent donc de fa\u00e7on spontan\u00e9e. L\u2019\u00e2ge gestationnel moyen de tous les b\u00e9b\u00e9s n\u00e9s au Canada est de 39 semaines. Il descend \u00e0 35 semaines chez les jumeaux et \u00e0 31 semaines chez les autres b\u00e9b\u00e9s multiples (Institut Vanier de la famille, mise \u00e0 jour 2017). Votre m\u00e9decin discutera avec vous des sympt\u00f4mes d\u2019avertissement d\u2019un travail pr\u00e9matur\u00e9. Il pourra commencera \u00e0 essayer de les d\u00e9celer t\u00f4t dans votre grossesse (par exemple en \u00e9valuant la longueur du col de l\u2019ut\u00e9rus par \u00e9chographie).<\/p>\n<p>Nous ne savons pas pourquoi l\u2019accouchement pr\u00e9matur\u00e9 spontan\u00e9 est plus fr\u00e9quent lors de grossesses multiples que de grossesses simples, mais de nombreux facteurs pourraient jouer un r\u00f4le, par exemple l\u2019\u00e9tirement excessif de l\u2019ut\u00e9rus, les hormones s\u00e9cr\u00e9t\u00e9es par la masse placentaire plus importante ou les signaux des b\u00e9b\u00e9s eux-m\u00eames. Apr\u00e8s la 18<sup>e<\/sup>\u00a0semaine, votre m\u00e9decin pourra demander la mesure du col de l\u2019ut\u00e9rus par \u00e9chographie pour pr\u00e9dire le risque d\u2019accouchement pr\u00e9matur\u00e9 avant la 34<sup>e<\/sup>\u00a0semaine.<\/p>\n<p>Pr\u00e9venir la naissance pr\u00e9matur\u00e9e de b\u00e9b\u00e9s multiples est une t\u00e2che complexe et bien des interventions tent\u00e9es n\u2019ont pas \u00e9t\u00e9 aussi efficaces chez les b\u00e9b\u00e9s multiples que chez les b\u00e9b\u00e9s uniques. Votre m\u00e9decin discutera des strat\u00e9gies possibles avec vous pour d\u00e9terminer quelle est la bonne approche pour vous.<\/p>\n","protected":false},"excerpt":{"rendered":"<p>La naissance pr\u00e9matur\u00e9e avant la 37e\u00a0semaine de grossesse est un probl\u00e8me g\u00e9n\u00e9ralis\u00e9 tant pour les grossesses simples que les grossesses multiples. Le taux de naissance pr\u00e9matur\u00e9e au Canada toutes grossesses confondues est d\u2019environ 8\u00a0%. Il est de seulement 6,2\u00a0% chez les enfants uniques, mais il grimpe \u00e0 57\u00a0% chez les jumeaux et \u00e0 environ 95\u00a0% [&hellip;]<\/p>\n","protected":false},"author":25,"featured_media":0,"parent":64016,"menu_order":0,"comment_status":"closed","ping_status":"closed","template":"","meta":{"_acf_changed":false,"_mc_calendar":[],"footnotes":""},"class_list":["post-64021","page","type-page","status-publish","hentry"],"acf":[],"wps_subtitle":"","_links":{"self":[{"href":"https:\/\/www.ottawahospital.on.ca\/fr\/wp-json\/wp\/v2\/pages\/64021","targetHints":{"allow":["GET"]}}],"collection":[{"href":"https:\/\/www.ottawahospital.on.ca\/fr\/wp-json\/wp\/v2\/pages"}],"about":[{"href":"https:\/\/www.ottawahospital.on.ca\/fr\/wp-json\/wp\/v2\/types\/page"}],"author":[{"embeddable":true,"href":"https:\/\/www.ottawahospital.on.ca\/fr\/wp-json\/wp\/v2\/users\/25"}],"replies":[{"embeddable":true,"href":"https:\/\/www.ottawahospital.on.ca\/fr\/wp-json\/wp\/v2\/comments?post=64021"}],"version-history":[{"count":0,"href":"https:\/\/www.ottawahospital.on.ca\/fr\/wp-json\/wp\/v2\/pages\/64021\/revisions"}],"up":[{"embeddable":true,"href":"https:\/\/www.ottawahospital.on.ca\/fr\/wp-json\/wp\/v2\/pages\/64016"}],"wp:attachment":[{"href":"https:\/\/www.ottawahospital.on.ca\/fr\/wp-json\/wp\/v2\/media?parent=64021"}],"curies":[{"name":"wp","href":"https:\/\/api.w.org\/{rel}","templated":true}]}}