{"id":64016,"date":"2021-04-29T11:06:01","date_gmt":"2021-04-29T15:06:01","guid":{"rendered":"https:\/\/www.ottawahospital.on.ca\/?page_id=64016"},"modified":"2021-04-29T12:19:06","modified_gmt":"2021-04-29T16:19:06","slug":"troubles-possibles-chez-les-bebes","status":"publish","type":"page","link":"https:\/\/www.ottawahospital.on.ca\/fr\/services-cliniques\/deptpgrmcs\/departements\/obstetrique-gynecologie-et-soins-aux-nouveau-nes\/grossesse-multiple\/troubles-possibles-chez-les-bebes\/","title":{"rendered":"Troubles possibles chez les b\u00e9b\u00e9s"},"content":{"rendered":"<p class=\"intro-text1\">Les b\u00e9b\u00e9s peuvent parfois \u00e9prouver des probl\u00e8mes lorsqu\u2019ils sont plusieurs dans l\u2019ut\u00e9rus. Voici des renseignements sur les troubles les plus communs et les fa\u00e7ons dont nous pouvons vous aider si vous les \u00e9prouvez.<\/p>\n<ul>\n<li><a href=\"\/fr\/services-cliniques\/deptpgrmcs\/departements\/obstetrique-gynecologie-et-soins-aux-nouveau-nes\/grossesse-multiple\/troubles-possibles-chez-les-bebes\/naissance-prematuree\/\" target=\"_blank\" rel=\"noopener\">Naissance pr\u00e9matur\u00e9e<\/a><\/li>\n<li><a href=\"\/fr\/services-cliniques\/deptpgrmcs\/departements\/obstetrique-gynecologie-et-soins-aux-nouveau-nes\/grossesse-multiple\/troubles-possibles-chez-les-bebes\/troubles-speciaux\/\" target=\"_blank\" rel=\"noopener\">Troubles sp\u00e9ciaux<\/a><\/li>\n<\/ul>\n","protected":false},"excerpt":{"rendered":"<p>Les b\u00e9b\u00e9s peuvent parfois \u00e9prouver des probl\u00e8mes lorsqu\u2019ils sont plusieurs dans l\u2019ut\u00e9rus. Voici des renseignements sur les troubles les plus communs et les fa\u00e7ons dont nous pouvons vous aider si vous les \u00e9prouvez. Naissance pr\u00e9matur\u00e9e Troubles sp\u00e9ciaux<\/p>\n","protected":false},"author":25,"featured_media":0,"parent":63801,"menu_order":4,"comment_status":"closed","ping_status":"closed","template":"","meta":{"_acf_changed":false,"_mc_calendar":[],"footnotes":""},"class_list":["post-64016","page","type-page","status-publish","hentry"],"acf":[],"wps_subtitle":"","_links":{"self":[{"href":"https:\/\/www.ottawahospital.on.ca\/fr\/wp-json\/wp\/v2\/pages\/64016","targetHints":{"allow":["GET"]}}],"collection":[{"href":"https:\/\/www.ottawahospital.on.ca\/fr\/wp-json\/wp\/v2\/pages"}],"about":[{"href":"https:\/\/www.ottawahospital.on.ca\/fr\/wp-json\/wp\/v2\/types\/page"}],"author":[{"embeddable":true,"href":"https:\/\/www.ottawahospital.on.ca\/fr\/wp-json\/wp\/v2\/users\/25"}],"replies":[{"embeddable":true,"href":"https:\/\/www.ottawahospital.on.ca\/fr\/wp-json\/wp\/v2\/comments?post=64016"}],"version-history":[{"count":0,"href":"https:\/\/www.ottawahospital.on.ca\/fr\/wp-json\/wp\/v2\/pages\/64016\/revisions"}],"up":[{"embeddable":true,"href":"https:\/\/www.ottawahospital.on.ca\/fr\/wp-json\/wp\/v2\/pages\/63801"}],"wp:attachment":[{"href":"https:\/\/www.ottawahospital.on.ca\/fr\/wp-json\/wp\/v2\/media?parent=64016"}],"curies":[{"name":"wp","href":"https:\/\/api.w.org\/{rel}","templated":true}]}}