{"id":64006,"date":"2021-04-29T10:56:08","date_gmt":"2021-04-29T14:56:08","guid":{"rendered":"https:\/\/www.ottawahospital.on.ca\/?page_id=64006"},"modified":"2021-04-29T14:10:37","modified_gmt":"2021-04-29T18:10:37","slug":"jumeaux","status":"publish","type":"page","link":"https:\/\/www.ottawahospital.on.ca\/fr\/services-cliniques\/deptpgrmcs\/departements\/obstetrique-gynecologie-et-soins-aux-nouveau-nes\/grossesse-multiple\/types-de-grossesses-multiples\/jumeaux\/","title":{"rendered":"Jumeaux"},"content":{"rendered":"<div id=\"accordion\" class=\"panel-group\">\n<div class=\"panel panel-default\">\n<div class=\"panel-heading\">\n<h4 class=\"panel-title\"><a class=\"collapsed\" href=\"#collapse1\" data-toggle=\"collapse\" data-parent=\"#accordion\" aria-expanded=\"false\">Dizygotes-Diamniotiques<\/a><\/h4>\n<\/div>\n<div id=\"collapse1\" class=\"panel-collapse collapse\" aria-expanded=\"false\">\n<div class=\"panel-body\">\n<div class=\"row1\">\n<div class=\"card-group\">\n<div class=\"col-md-6 col-sm-6 paddingbottom20\">\n<div class=\"card-home text-white text-center\"><img decoding=\"async\" class=\"alignnone wp-image-47475 size-full\" src=\"\/wp-content\/uploads\/2021\/04\/Di-Di_1.png\" alt=\"Dizygotes-Diamniotiques\" width=\"250\" height=\"250\" \/><\/div>\n<\/div>\n<div class=\"col-md-6 paddingbottom20 col-sm-6\">\n<div class=\"card-home text-white text-center\"><img decoding=\"async\" class=\"alignnone size-full wp-image-47476\" src=\"\/wp-content\/uploads\/2021\/04\/Di-Di_2.png\" alt=\"Dizygotes-Diamniotiques\" width=\"250\" height=\"250\" \/><\/div>\n<\/div>\n<\/div>\n<\/div>\n<p>Ces jumeaux ont chacun leur propre placenta et un ensemble complet de membranes. Le plus souvent, ils se sont d\u00e9velopp\u00e9s apr\u00e8s la f\u00e9condation de deux ovules distincts. Il peut arriver dans certains cas qu\u2019ils se soient d\u00e9velopp\u00e9s \u00e0 partir d\u2019un seul ovule qui s\u2019est divis\u00e9 en deux tr\u00e8s t\u00f4t apr\u00e8s la f\u00e9condation. C\u2019est le type de jumeaux le plus courant (\u2154 des cas). Chaque f\u0153tus \u00e9volue dans son propre environnement et n\u2019est pas sujet aux m\u00eames influences que les jumeaux monozygotes. Par exemple, il n\u2019y a pas de communication entre leurs vaisseaux placentaires. Ils ne sont pas non plus touch\u00e9s par les probl\u00e8mes que peuvent avoir les jumeaux monozygotes, comme le syndrome transfuseur-transfus\u00e9 et la s\u00e9quence an\u00e9mie-polycyth\u00e9mie. Des jumeaux dizygotes-diamniotiques qui n\u2019ont aucune complication voient le jour l\u00e9g\u00e8rement plus tard que les jumeaux monozygotes (37e \u00e0 38e semaine). Leurs r\u00e9sultats sont aussi habituellement tr\u00e8s pr\u00e8s d\u2019un b\u00e9b\u00e9 unique.<\/p>\n<\/div>\n<\/div>\n<\/div>\n<div class=\"panel panel-default\">\n<div class=\"panel-heading\">\n<h4 class=\"panel-title\"><a class=\"collapsed\" href=\"#collapse2\" data-toggle=\"collapse\" data-parent=\"#accordion\" aria-expanded=\"false\">Monozygotes-Diamniotiques<\/a><\/h4>\n<\/div>\n<div id=\"collapse2\" class=\"panel-collapse collapse\" aria-expanded=\"false\">\n<div class=\"panel-body\">\n<p><img decoding=\"async\" class=\"alignright img-responsive\" src=\"\/wp-content\/uploads\/2021\/04\/Mono-Di.png\" alt=\"Monozygotes-Diamniotiques\" width=\"250\" height=\"250\" \/>Ces jumeaux proviennent du m\u00eame ovule et ont chacun leur propre sac amniotique. Ils repr\u00e9sentent environ \u2153 des cas. Les f\u0153tus sont reli\u00e9s au m\u00eame placenta et certains des vaisseaux sanguins qui les relient au placenta les relient aussi entre eux. Cette communication placentaire entre eux peut causer certaines complications s\u2019il y a un d\u00e9s\u00e9quilibre dans la circulation des liquides entre les deux jumeaux, par exemple le syndrome transfuseur-transfus\u00e9, la s\u00e9quence an\u00e9mie-polycyth\u00e9mie et le retard de croissance intra-ut\u00e9rin s\u00e9lectif. Ces complications vont varier en fonction de la nature, de la taille et du nombre de vaisseaux communicants entre les jumeaux et le placenta commun. Les femmes enceintes de ce type de jumeaux sont souvent dirig\u00e9es vers une clinique sp\u00e9cialis\u00e9e de L\u2019H\u00f4pital d\u2019Ottawa pour obtenir une surveillance \u00e9troite et le d\u00e9pistage de ces complications. Elles doivent en g\u00e9n\u00e9ral passer une \u00e9chographie et aller \u00e0 un rendez-vous toutes les deux semaines. S\u2019il ne survient pas de complication, elles mettent leurs jumeaux au monde l\u00e9g\u00e8rement avant les femmes enceintes de jumeaux dizygotes-diamniotiques (36e \u00e0 37e semaine).<\/p>\n<\/div>\n<\/div>\n<\/div>\n<div class=\"panel panel-default\">\n<div class=\"panel-heading\">\n<h4 class=\"panel-title\"><a class=\"collapsed\" href=\"#collapse3\" data-toggle=\"collapse\" data-parent=\"#accordion\" aria-expanded=\"false\">Monozygotes-Monoamniotiques<\/a><\/h4>\n<\/div>\n<div id=\"collapse3\" class=\"panel-collapse collapse\" aria-expanded=\"false\">\n<div class=\"panel-body\">\n<p><img decoding=\"async\" class=\"alignright img-responsive\" src=\"\/wp-content\/uploads\/2021\/04\/Mono-Mono.png\" alt=\"Monozygotes-Monoamniotiques\" width=\"250\" height=\"250\" \/>Ces jumeaux sont reli\u00e9s au m\u00eame placenta et ne sont pas s\u00e9par\u00e9s par des membranes. Ils sont dans le m\u00eame sac amniotique. Dans presque tous les cas, les cordons ombilicaux des b\u00e9b\u00e9s finissent par se tortiller ou s\u2019entrem\u00ealer, ce qui peut causer la mort des b\u00e9b\u00e9s. Avant que le diagnostic pr\u00e9natal de ce type de jumeaux soit possible, leur pronostic n\u2019\u00e9tait pas r\u00e9jouissant \u2013 seulement 50 % de chance de survie pour les deux jumeaux. Heureusement ce type de jumeaux ne repr\u00e9sente qu\u2019environ 1 % ou 2 % des jumeaux monozygotes. Bien que les cordons ombilicaux soient tortill\u00e9s dans presque toutes les \u00e9chographies pr\u00e9natales, certains b\u00e9b\u00e9s s\u2019en sortent. Les femmes sont \u00e9troitement suivies : \u00e9valuation intense des f\u0153tus par \u00e9chographies, surveillance \u00e9lectronique de la fr\u00e9quence cardiaque des f\u0153tus et admission \u00e0 l\u2019h\u00f4pital au troisi\u00e8me trimestre pour intensifier la surveillance. Elles re\u00e7oivent des st\u00e9ro\u00efdes pour acc\u00e9l\u00e9rer la maturation des poumons des f\u0153tus et mettent leurs b\u00e9b\u00e9s au monde par c\u00e9sarienne vers la 33e semaine. Le taux de survie de ces b\u00e9b\u00e9s a donc beaucoup augment\u00e9 pour s\u2019approcher de 90 %.<\/p>\n<\/div>\n<\/div>\n<\/div>\n<\/div>\n","protected":false},"excerpt":{"rendered":"<p>Dizygotes-Diamniotiques Ces jumeaux ont chacun leur propre placenta et un ensemble complet de membranes. Le plus souvent, ils se sont d\u00e9velopp\u00e9s apr\u00e8s la f\u00e9condation de deux ovules distincts. Il peut arriver dans certains cas qu\u2019ils se soient d\u00e9velopp\u00e9s \u00e0 partir d\u2019un seul ovule qui s\u2019est divis\u00e9 en deux tr\u00e8s t\u00f4t apr\u00e8s la f\u00e9condation. C\u2019est le [&hellip;]<\/p>\n","protected":false},"author":25,"featured_media":0,"parent":63989,"menu_order":0,"comment_status":"closed","ping_status":"closed","template":"","meta":{"_acf_changed":false,"_mc_calendar":[],"footnotes":""},"class_list":["post-64006","page","type-page","status-publish","hentry"],"acf":[],"wps_subtitle":"","_links":{"self":[{"href":"https:\/\/www.ottawahospital.on.ca\/fr\/wp-json\/wp\/v2\/pages\/64006","targetHints":{"allow":["GET"]}}],"collection":[{"href":"https:\/\/www.ottawahospital.on.ca\/fr\/wp-json\/wp\/v2\/pages"}],"about":[{"href":"https:\/\/www.ottawahospital.on.ca\/fr\/wp-json\/wp\/v2\/types\/page"}],"author":[{"embeddable":true,"href":"https:\/\/www.ottawahospital.on.ca\/fr\/wp-json\/wp\/v2\/users\/25"}],"replies":[{"embeddable":true,"href":"https:\/\/www.ottawahospital.on.ca\/fr\/wp-json\/wp\/v2\/comments?post=64006"}],"version-history":[{"count":0,"href":"https:\/\/www.ottawahospital.on.ca\/fr\/wp-json\/wp\/v2\/pages\/64006\/revisions"}],"up":[{"embeddable":true,"href":"https:\/\/www.ottawahospital.on.ca\/fr\/wp-json\/wp\/v2\/pages\/63989"}],"wp:attachment":[{"href":"https:\/\/www.ottawahospital.on.ca\/fr\/wp-json\/wp\/v2\/media?parent=64006"}],"curies":[{"name":"wp","href":"https:\/\/api.w.org\/{rel}","templated":true}]}}