{"id":63874,"date":"2021-04-28T15:24:30","date_gmt":"2021-04-28T19:24:30","guid":{"rendered":"https:\/\/www.ottawahospital.on.ca\/?page_id=63874"},"modified":"2021-04-30T09:22:07","modified_gmt":"2021-04-30T13:22:07","slug":"premier-trimestre","status":"publish","type":"page","link":"https:\/\/www.ottawahospital.on.ca\/fr\/services-cliniques\/deptpgrmcs\/departements\/obstetrique-gynecologie-et-soins-aux-nouveau-nes\/grossesse-multiple\/votre-cheminement\/premier-trimestre\/","title":{"rendered":"Premier trimestre"},"content":{"rendered":"<p><img decoding=\"async\" class=\"alignnone size-full wp-image-52626\" src=\"\/wp-content\/uploads\/2021\/04\/wordcloud-illustration-of-first-trimester-screening.jpg\" alt=\"Premier trimestre\" width=\"740\" height=\"330\" \/><\/p>\n<p>R\u00e8gle g\u00e9n\u00e9rale, il est pr\u00e9f\u00e9rable pour nous de rencontrer les femmes qui attendent plus d\u2019un b\u00e9b\u00e9 d\u00e8s le premier trimestre. C\u2019est le meilleur moment pour estimer la date du d\u00e9but de la grossesse, d\u00e9terminer le type de grossesse multiple et d\u00e9pister les troubles g\u00e9n\u00e9tiques relativement courants. Toutes les femmes enceintes en Ontario ont la possibilit\u00e9 de passer <strong>des tests au premier trimestre pour d\u00e9pister<\/strong> l\u2019aneuplo\u00efdie et des troubles g\u00e9n\u00e9tiques impliquant des chromosomes comme le syndrome de Down (trisomie 21) et le syndrome d\u2019Edwards (trisomie 18). Ce d\u00e9pistage comprend l\u2019analyse de deux marqueurs s\u00e9riques dans le sang de la m\u00e8re et une \u00e9chographie du ou des f\u0153tus pour examiner la clart\u00e9 nucale, qui peut \u00eatre faite d\u00e8s la 11e semaine de grossesse. Ces tests sont aussi offerts aux femmes qui attendent des jumeaux, mais leurs r\u00e9sultats sont un peu plus difficiles \u00e0 interpr\u00e9ter.<\/p>\n<p>Les r\u00e9sultats aident \u00e0 \u00e9valuer le risque pour toute la grossesse. S\u2019il s\u2019agit de jumeaux monozygotes, ils aident \u00e0 \u00e9valuer le risque que les deux jumeaux soient touch\u00e9s. S\u2019il s\u2019agit de jumeaux dizygotes, ils aident \u00e0 \u00e9valuer le risque qu\u2019un ou deux jumeaux soient touch\u00e9s. Pour en savoir plus sur les tests de d\u00e9pistage possibles au premier trimestre en Ontario, consultez cette page <a href=\"https:\/\/www.mountsinai.on.ca\/care\/family-medicine-genetics-program\/resources\/Provider%20Mongraph%2020070930%20FINAL_837629127.pdf\" target=\"_blank\" rel=\"noopener\">Web<\/a> (en Anglais seulement) ou discutez-en avec votre m\u00e9decin.<\/p>\n<h2>Test pr\u00e9natal non invasif<\/h2>\n<p><img decoding=\"async\" class=\"alignnone size-full wp-image-52626\" src=\"\/wp-content\/uploads\/2021\/04\/Noninvasive-prenatal-testing.jpg\" alt=\"Test pr\u00e9natal non invasif\" width=\"740\" height=\"330\" \/><\/p>\n<p>Le test pr\u00e9natal non invasif permet de d\u00e9pister certaines anomalies chromosomiques. Il \u00e9value la pr\u00e9sence d\u2019ADN f\u0153tal circulant non rattach\u00e9 \u00e0 une cellule (ADN acellulaire) dans le sang de la m\u00e8re. Il peut \u00eatre r\u00e9alis\u00e9 m\u00eame s\u2019il y a deux f\u0153tus, mais les r\u00e9sultats seront alors plus difficiles \u00e0 analyser. Par exemple, si le test sugg\u00e8re la possibilit\u00e9 d\u2019un syndrome de Down, il pourra \u00eatre difficile de d\u00e9terminer quel f\u0153tus est touch\u00e9. Il serait ainsi indiqu\u00e9 d\u2019en discuter davantage avec votre m\u00e9decin, car celui-ci pourrait vous proposer des tests invasifs (par exemple l\u2019amniocent\u00e8se). Si les r\u00e9sultats sont normaux, vous aurez alors une nouvelle rassurante. Il n\u2019est pas possible de faire ce test s\u2019il y a plus de deux f\u0153tus.<\/p>\n","protected":false},"excerpt":{"rendered":"<p>R\u00e8gle g\u00e9n\u00e9rale, il est pr\u00e9f\u00e9rable pour nous de rencontrer les femmes qui attendent plus d\u2019un b\u00e9b\u00e9 d\u00e8s le premier trimestre. C\u2019est le meilleur moment pour estimer la date du d\u00e9but de la grossesse, d\u00e9terminer le type de grossesse multiple et d\u00e9pister les troubles g\u00e9n\u00e9tiques relativement courants. Toutes les femmes enceintes en Ontario ont la possibilit\u00e9 [&hellip;]<\/p>\n","protected":false},"author":25,"featured_media":0,"parent":63864,"menu_order":0,"comment_status":"closed","ping_status":"closed","template":"","meta":{"_acf_changed":false,"_mc_calendar":[],"footnotes":""},"class_list":["post-63874","page","type-page","status-publish","hentry"],"acf":[],"wps_subtitle":"","_links":{"self":[{"href":"https:\/\/www.ottawahospital.on.ca\/fr\/wp-json\/wp\/v2\/pages\/63874","targetHints":{"allow":["GET"]}}],"collection":[{"href":"https:\/\/www.ottawahospital.on.ca\/fr\/wp-json\/wp\/v2\/pages"}],"about":[{"href":"https:\/\/www.ottawahospital.on.ca\/fr\/wp-json\/wp\/v2\/types\/page"}],"author":[{"embeddable":true,"href":"https:\/\/www.ottawahospital.on.ca\/fr\/wp-json\/wp\/v2\/users\/25"}],"replies":[{"embeddable":true,"href":"https:\/\/www.ottawahospital.on.ca\/fr\/wp-json\/wp\/v2\/comments?post=63874"}],"version-history":[{"count":0,"href":"https:\/\/www.ottawahospital.on.ca\/fr\/wp-json\/wp\/v2\/pages\/63874\/revisions"}],"up":[{"embeddable":true,"href":"https:\/\/www.ottawahospital.on.ca\/fr\/wp-json\/wp\/v2\/pages\/63864"}],"wp:attachment":[{"href":"https:\/\/www.ottawahospital.on.ca\/fr\/wp-json\/wp\/v2\/media?parent=63874"}],"curies":[{"name":"wp","href":"https:\/\/api.w.org\/{rel}","templated":true}]}}