{"id":63864,"date":"2021-04-28T15:19:58","date_gmt":"2021-04-28T19:19:58","guid":{"rendered":"https:\/\/www.ottawahospital.on.ca\/?page_id=63864"},"modified":"2021-04-29T16:14:20","modified_gmt":"2021-04-29T20:14:20","slug":"votre-cheminement","status":"publish","type":"page","link":"https:\/\/www.ottawahospital.on.ca\/fr\/services-cliniques\/deptpgrmcs\/departements\/obstetrique-gynecologie-et-soins-aux-nouveau-nes\/grossesse-multiple\/votre-cheminement\/","title":{"rendered":"Votre cheminement"},"content":{"rendered":"<p class=\"intro-text1\">Chaque \u00e9tape de votre grossesse apportera son lot d\u2019\u00e9l\u00e9ments nouveaux, palpitants et potentiellement d\u00e9routants. Nous sommes l\u00e0 pour vous aider \u00e0 chaque \u00e9tape. Renseignez-vous sur ce \u00e0 quoi vous pouvez vous attendre chaque trimestre de votre grossesse multiple.<\/p>\n<h2 class=\"intro-text1\">Votre premier rendez-vous<\/h2>\n<p><img decoding=\"async\" class=\"alignleft img-responsive\" src=\"\/wp-content\/uploads\/2021\/04\/Pregnant-woman-talking-to-a-doctor-1.png\" alt=\"Une femme enceinte parle \u00e0 un m\u00e9decin\" width=\"300\" height=\"300\" \/>Votre m\u00e9decin vous a dirig\u00e9e vers notre clinique sp\u00e9cialis\u00e9e \u00e0 cause de la nature de votre grossesse. Les femmes enceintes de multiples b\u00e9b\u00e9s ne viennent pas toutes nous voir. C\u2019est seulement certaines grossesses multiples qui comportent des risques uniques compte tenu du type de f\u00e9condation, \u00e0 savoir un seul ovule (jumeaux monozygotes), deux ovules (jumeaux dizygotes) ou trois ovules (tripl\u00e9s). Cette distinction se produit lors de la conception, soit bien avant qu\u2019il soit possible de d\u00e9celer la grossesse, et \u00e9chappe \u00e0 tout contr\u00f4le. M\u00eame les m\u00e9decins ne peuvent pas d\u00e9terminer le type de jumeaux avant l\u2019\u00e9chographie pr\u00e9vue au premier trimestre. La majorit\u00e9 des jumeaux dont nous nous occupons provient d\u2019un seul ovule f\u00e9cond\u00e9. Un de nos principaux objectifs est de d\u00e9pister tout au long de la grossesse les probl\u00e8mes qui peuvent survenir pendant la croissance des jumeaux dans l\u2019ut\u00e9rus. Nous prenons aussi soin de jumeaux issus de deux ovules si la m\u00e8re ou les jumeaux \u00e9prouvent des probl\u00e8mes. Derni\u00e8rement, nous acceptons aussi toutes les femmes qui portent trois b\u00e9b\u00e9s ou plus.<\/p>\n<p>Lorsqu\u2019il vous dirige vers nous, votre m\u00e9decin envoie des renseignements sur votre grossesse \u00e0 notre infirmi\u00e8re coordonnatrice, notamment votre dossier pr\u00e9natal en Ontario, qui contient des renseignements sur la date du d\u00e9but de votre grossesse (derni\u00e8res menstruations, pr\u00e9c\u00e9dentes \u00e9chographies), vos ant\u00e9c\u00e9dents m\u00e9dicaux, chirurgicaux et familiaux, ainsi que les r\u00e9sultats de votre prise de sang. Un de nos m\u00e9decins examine ces renseignements, puis nous vous appelons pour vous donner un rendez-vous \u00e0 la clinique. Ce rendez-vous aura lieu un mercredi.<\/p>\n<p>Le jour de votre rendez-vous, vous passerez probablement une \u00e9chographie avant de rencontrer un m\u00e9decin. Cet examen permet au m\u00e9decin d\u2019avoir des renseignements \u00e0 jour sur la taille et la sant\u00e9 g\u00e9n\u00e9rale de vos b\u00e9b\u00e9s avant de vous rencontrer. \u00c0 votre arriv\u00e9e, une infirmi\u00e8re examinera vos ant\u00e9c\u00e9dents et vous demandera si vous avez des questions d\u2019ordre g\u00e9n\u00e9ral. Cette infirmi\u00e8re poss\u00e8de beaucoup de connaissances et peut vous donner des renseignements pr\u00e9cieux sur votre grossesse. Elle prendra votre tension art\u00e9rielle et votre poids et vous demandera un \u00e9chantillon d\u2019urine \u00e0 des fins d\u2019analyse.<\/p>\n<p>Un membre de notre \u00e9quipe vous rencontrera dans la salle d\u2019examen. Ce sera un r\u00e9sident en m\u00e9decine en voie de devenir un m\u00e9decin, un sp\u00e9cialiste ou un sursp\u00e9cialiste. Il se pr\u00e9sentera en pr\u00e9cisant son niveau de formation. Son travail est de se renseigner sur votre grossesse multiple. Les r\u00e9sidents appr\u00e9cient \u00e9norm\u00e9ment les interactions avec nos patientes. Tout comme les autres membres de notre \u00e9quipe, ils vous traiteront avec respect et assureront la confidentialit\u00e9 de vos renseignements. Si vous lui faites part de pr\u00e9occupations, il les transmettra au m\u00e9decin traitant qui viendra vous voir.<\/p>\n<p>Votre premier rendez-vous sera probablement le plus long. Nous prenons le temps de r\u00e9pondre \u00e0 vos pr\u00e9occupations et de vous conseiller judicieusement. Notre travail est de veiller \u00e0 ce que vous soyez bien inform\u00e9e et ayez une bonne id\u00e9e de ce \u00e0 quoi vous pouvez vous attendre en ce qui concerne la fr\u00e9quence et la nature des rendez-vous, des \u00e9chographies et des prises de d\u00e9cisions.<\/p>\n","protected":false},"excerpt":{"rendered":"<p>Chaque \u00e9tape de votre grossesse apportera son lot d\u2019\u00e9l\u00e9ments nouveaux, palpitants et potentiellement d\u00e9routants. Nous sommes l\u00e0 pour vous aider \u00e0 chaque \u00e9tape. Renseignez-vous sur ce \u00e0 quoi vous pouvez vous attendre chaque trimestre de votre grossesse multiple. Votre premier rendez-vous Votre m\u00e9decin vous a dirig\u00e9e vers notre clinique sp\u00e9cialis\u00e9e \u00e0 cause de la nature [&hellip;]<\/p>\n","protected":false},"author":25,"featured_media":0,"parent":63801,"menu_order":1,"comment_status":"closed","ping_status":"closed","template":"","meta":{"_acf_changed":false,"_mc_calendar":[],"footnotes":""},"class_list":["post-63864","page","type-page","status-publish","hentry"],"acf":[],"wps_subtitle":"","_links":{"self":[{"href":"https:\/\/www.ottawahospital.on.ca\/fr\/wp-json\/wp\/v2\/pages\/63864","targetHints":{"allow":["GET"]}}],"collection":[{"href":"https:\/\/www.ottawahospital.on.ca\/fr\/wp-json\/wp\/v2\/pages"}],"about":[{"href":"https:\/\/www.ottawahospital.on.ca\/fr\/wp-json\/wp\/v2\/types\/page"}],"author":[{"embeddable":true,"href":"https:\/\/www.ottawahospital.on.ca\/fr\/wp-json\/wp\/v2\/users\/25"}],"replies":[{"embeddable":true,"href":"https:\/\/www.ottawahospital.on.ca\/fr\/wp-json\/wp\/v2\/comments?post=63864"}],"version-history":[{"count":0,"href":"https:\/\/www.ottawahospital.on.ca\/fr\/wp-json\/wp\/v2\/pages\/63864\/revisions"}],"up":[{"embeddable":true,"href":"https:\/\/www.ottawahospital.on.ca\/fr\/wp-json\/wp\/v2\/pages\/63801"}],"wp:attachment":[{"href":"https:\/\/www.ottawahospital.on.ca\/fr\/wp-json\/wp\/v2\/media?parent=63864"}],"curies":[{"name":"wp","href":"https:\/\/api.w.org\/{rel}","templated":true}]}}