{"id":63853,"date":"2021-04-28T15:05:07","date_gmt":"2021-04-28T19:05:07","guid":{"rendered":"https:\/\/www.ottawahospital.on.ca\/?page_id=63853"},"modified":"2021-04-28T15:05:07","modified_gmt":"2021-04-28T19:05:07","slug":"nos-partenaires","status":"publish","type":"page","link":"https:\/\/www.ottawahospital.on.ca\/fr\/services-cliniques\/deptpgrmcs\/departements\/obstetrique-gynecologie-et-soins-aux-nouveau-nes\/grossesse-multiple\/la-clinique\/nos-partenaires\/","title":{"rendered":"Nos partenaires"},"content":{"rendered":"<p>Pour offrir des soins aux femmes enceintes et \u00e0 leur(s) b\u00e9b\u00e9(s), nous mobilisons des sp\u00e9cialistes de diff\u00e9rents domaines de la sant\u00e9. L\u2019\u00e9quipe de m\u00e9decine materno-f\u0153tale et diff\u00e9rents sp\u00e9cialistes font des visites multidisciplinaires chaque semaine pour offrir des services complets et actuels aux femmes vivant une grossesse \u00e0 risque \u00e9lev\u00e9. Voici un aper\u00e7u de ces services.<\/p>\n<div id=\"accordion\" class=\"panel-group\">\n<div class=\"panel panel-default\">\n<div class=\"panel-heading\">\n<h4 class=\"panel-title\"><a class=\"collapsed\" href=\"#collapse1\" data-toggle=\"collapse\" data-parent=\"#accordion\" aria-expanded=\"false\">N\u00e9onatologie<\/a><\/h4>\n<\/div>\n<div id=\"collapse1\" class=\"panel-collapse collapse\" aria-expanded=\"false\">\n<div class=\"panel-body\">\n<p>Nous disposons d\u2019une Unit\u00e9 de soins intensifs n\u00e9onataux au Campus G\u00e9n\u00e9ral. Elle accueille les femmes enceintes qui risquent d\u2019accoucher de fa\u00e7on pr\u00e9matur\u00e9e avant la 30e semaine de grossesse. Les nouveau-n\u00e9s pr\u00e9matur\u00e9s qui voient le jour avant la 30e semaine de gestation sont admis \u00e0 la pouponni\u00e8re de cette unit\u00e9. Les autres pr\u00e9matur\u00e9s n\u00e9s avant la 36e semaine de grossesse sont admis \u00e0 cette unit\u00e9 ou au Campus Civic. Les b\u00e9b\u00e9s qui ont des probl\u00e8mes de structure anatomique comme une malformation cardiaque ou une autre anomalie voient le jour au Campus G\u00e9n\u00e9ral. Ils sont ensuite transf\u00e9r\u00e9s au Centre hospitalier pour enfants de l\u2019est de l\u2019Ontario (CHEO) pour obtenir un suivi en chirurgie p\u00e9diatrique. Le personnel de la N\u00e9onatologie offre aussi des conseils pr\u00e9nataux aux femmes qui risquent d\u2019accoucher de fa\u00e7on pr\u00e9matur\u00e9e (p. ex. de jumeaux ou de tripl\u00e9s) ou dont le b\u00e9b\u00e9 pourrait devoir \u00eatre admis \u00e0 l\u2019Unit\u00e9 de soins intensifs n\u00e9onataux.<\/p>\n<\/div>\n<\/div>\n<\/div>\n<div class=\"panel panel-default\">\n<div class=\"panel-heading\">\n<h4 class=\"panel-title\"><a class=\"collapsed\" href=\"#collapse2\" data-toggle=\"collapse\" data-parent=\"#accordion\" aria-expanded=\"false\">G\u00e9n\u00e9tique<\/a><\/h4>\n<\/div>\n<div id=\"collapse2\" class=\"panel-collapse collapse\" aria-expanded=\"false\">\n<div class=\"panel-body\">\n<p>Les g\u00e9n\u00e9ticiens et les conseillers en g\u00e9n\u00e9tique du CHEO jouent un r\u00f4le important dans les soins quotidiens des patientes vivant une grossesse \u00e0 risque \u00e9lev\u00e9. Ils offrent des conseils sp\u00e9cialis\u00e9s au sujet des risques de maladies g\u00e9n\u00e9tiques, des risques et des avantages d\u2019examens non invasifs et invasifs de d\u00e9pistage de maladies g\u00e9n\u00e9tiques et des renseignements \u00e0 jour sur la disponibilit\u00e9 d\u2019examens pr\u00e9nataux tr\u00e8s sp\u00e9cialis\u00e9s de d\u00e9pistage de troubles g\u00e9n\u00e9tiques rares.<\/p>\n<\/div>\n<\/div>\n<\/div>\n<div class=\"panel panel-default\">\n<div class=\"panel-heading\">\n<h4 class=\"panel-title\"><a class=\"collapsed\" href=\"#collapse3\" data-toggle=\"collapse\" data-parent=\"#accordion\" aria-expanded=\"false\">Cardiologie p\u00e9diatrique<\/a><\/h4>\n<\/div>\n<div id=\"collapse3\" class=\"panel-collapse collapse\" aria-expanded=\"false\">\n<div class=\"panel-body\">\n<p>Des sp\u00e9cialistes du diagnostic de maladies cardiaques cong\u00e9nitales chez les f\u0153tus collaborent \u00e9troitement avec nous pour diagnostiquer des malformations cardiaques. Le d\u00e9pistage initial par \u00e9chographie a lieu aux campus G\u00e9n\u00e9ral et Civic et les examens plus pouss\u00e9s du c\u0153ur des f\u0153tus comme l\u2019\u00e9chocardiographie ont lieu au Campus G\u00e9n\u00e9ral et au CHEO en pr\u00e9sence d\u2019un cardiologue sp\u00e9cialis\u00e9 en p\u00e9diatrie.<\/p>\n<\/div>\n<\/div>\n<\/div>\n<div class=\"panel panel-default\">\n<div class=\"panel-heading\">\n<h4 class=\"panel-title\"><a class=\"collapsed\" href=\"#collapse4\" data-toggle=\"collapse\" data-parent=\"#accordion\" aria-expanded=\"false\">Radiologie p\u00e9diatrique<\/a><\/h4>\n<\/div>\n<div id=\"collapse4\" class=\"panel-collapse collapse\" aria-expanded=\"false\">\n<div class=\"panel-body\">\n<p>Des radiologistes sp\u00e9cialis\u00e9s en p\u00e9diatrie au CHEO offrent des services d\u2019IRM des f\u0153tus \u00e0 nos patientes pour que nous puissions obtenir de meilleures images de certaines anomalies f\u0153tales, en particulier de diff\u00e9rences structurelles dans le syst\u00e8me nerveux central des f\u0153tus.<\/p>\n<\/div>\n<\/div>\n<\/div>\n<div class=\"panel panel-default\">\n<div class=\"panel-heading\">\n<h4 class=\"panel-title\"><a class=\"collapsed\" href=\"#collapse5\" data-toggle=\"collapse\" data-parent=\"#accordion\" aria-expanded=\"false\">Obst\u00e9trique<\/a><\/h4>\n<\/div>\n<div id=\"collapse5\" class=\"panel-collapse collapse\" aria-expanded=\"false\">\n<div class=\"panel-body\">\n<p>En collaboration avec des internistes en m\u00e9decine, le personnel de l\u2019Obst\u00e9trique offre des soins aux patientes qui ont des probl\u00e8mes m\u00e9dicaux associ\u00e9s \u00e0 leur grossesse, notamment l\u2019hypertension art\u00e9rielle, le diab\u00e8te et des troubles de thyro\u00efde ou de coagulation.<\/p>\n<\/div>\n<\/div>\n<\/div>\n<div class=\"panel panel-default\">\n<div class=\"panel-heading\">\n<h4 class=\"panel-title\"><a class=\"collapsed\" href=\"#collapse6\" data-toggle=\"collapse\" data-parent=\"#accordion\" aria-expanded=\"false\">Anesth\u00e9siologie<\/a><\/h4>\n<\/div>\n<div id=\"collapse6\" class=\"panel-collapse collapse\" aria-expanded=\"false\">\n<div class=\"panel-body\">\n<p>L\u2019\u00e9quipe de l\u2019Anesth\u00e9siologie obst\u00e9trique de L\u2019H\u00f4pital d\u2019Ottawa comprend des m\u00e9decins qui offrent une vaste gamme d\u2019options pour l\u2019anesth\u00e9sie et l\u2019analg\u00e9sie pendant l\u2019accouchement. Les services incluent une consultation avant l\u2019accouchement, un acc\u00e8s intraveineux complexe, la surveillance invasive de la tension art\u00e9rielle, l\u2019analg\u00e9sie contr\u00f4l\u00e9e par la patiente, l\u2019anesth\u00e9sie r\u00e9gionale (\u00e9pidurale et rachidienne) et l\u2019anesth\u00e9sie g\u00e9n\u00e9rale. Un anesth\u00e9siologiste est pr\u00e9sent dans la salle d\u2019accouchement d\u00e8s qu\u2019il y a plus d\u2019un b\u00e9b\u00e9 \u00e0 na\u00eetre.<\/p>\n<\/div>\n<\/div>\n<\/div>\n<div class=\"panel panel-default\">\n<div class=\"panel-heading\">\n<h4 class=\"panel-title\"><a class=\"collapsed\" href=\"#collapse7\" data-toggle=\"collapse\" data-parent=\"#accordion\" aria-expanded=\"false\">Pathologie p\u00e9rinatale<\/a><\/h4>\n<\/div>\n<div id=\"collapse7\" class=\"panel-collapse collapse\" aria-expanded=\"false\">\n<div class=\"panel-body\">\n<p>Une \u00e9quipe de pathologistes p\u00e9rinataux du CHEO offre des services de pathologie diagnostique aux patientes suivies en obst\u00e9trique dans l\u2019Est de l\u2019Ontario. Elle peut r\u00e9aliser un examen microscopique d\u2019\u00e9chantillons inhabituels ou anormaux de placenta en cas de complications p\u00e9rinatales et un examen d\u00e9taill\u00e9 d\u2019un f\u0153tus d\u00e9c\u00e9d\u00e9 \u00e0 la demande des parents. Les r\u00e9sultats de ces examens aident l\u2019\u00e9quipe de m\u00e9decine materno-f\u0153tale \u00e0 \u00e9valuer les risques d\u2019une autre grossesse et \u00e0 planifier des interventions th\u00e9rapeutiques pouvant r\u00e9duire ces risques.<\/p>\n<\/div>\n<\/div>\n<\/div>\n<div class=\"panel panel-default\">\n<div class=\"panel-heading\">\n<h4 class=\"panel-title\"><a class=\"collapsed\" href=\"#collapse8\" data-toggle=\"collapse\" data-parent=\"#accordion\" aria-expanded=\"false\">Sant\u00e9 mentale p\u00e9rinatale<\/a><\/h4>\n<\/div>\n<div id=\"collapse8\" class=\"panel-collapse collapse\" aria-expanded=\"false\">\n<div class=\"panel-body\">\n<p>Une \u00e9quipe de psychiatres et de psychologues offre des services de consultation aux patientes de la Clinique de m\u00e9decine materno-f\u0153tale qui \u00e9prouvent des probl\u00e8mes de sant\u00e9 mentale pendant leur grossesse et imm\u00e9diatement apr\u00e8s l\u2019accouchement. Ces professionnels poss\u00e8dent une vaste exp\u00e9rience de la gestion de m\u00e9dicaments psychiatriques pendant la grossesse et peuvent minimiser les risques pour les f\u0153tus. Ils collaborent avec des fournisseurs de services de sant\u00e9 mentale en milieu communautaire pour optimiser les soins de nos patientes apr\u00e8s l\u2019accouchement.<\/p>\n<\/div>\n<\/div>\n<\/div>\n<div class=\"panel panel-default\">\n<div class=\"panel-heading\">\n<h4 class=\"panel-title\"><a class=\"collapsed\" href=\"#collapse9\" data-toggle=\"collapse\" data-parent=\"#accordion\" aria-expanded=\"false\">Soins infirmiers p\u00e9rinataux<\/a><\/h4>\n<\/div>\n<div id=\"collapse9\" class=\"panel-collapse collapse\" aria-expanded=\"false\">\n<div class=\"panel-body\">\n<p>L\u2019\u00e9quipe de m\u00e9decine materno-f\u0153tale comprend deux professionnelles des soins infirmiers qui coordonnent les soins des patientes vivant une grossesse \u00e0 risque \u00e9lev\u00e9. Elles re\u00e7oivent les demandes de consultation par t\u00e9l\u00e9copieur et pr\u00e9parent les documents n\u00e9cessaires pour l\u2019examen et le triage. La coordination des soins inclut la repr\u00e9sentation des patientes, la prise du rendez-vous de consultation, l\u2019envoi de demandes de consultation \u00e0 d\u2019autres professionnels de la sant\u00e9 et la prise de rendez-vous avec ceux-ci, l\u2019organisation d\u2019interventions th\u00e9rapeutiques pour les f\u0153tus et les communications quotidiennes avec les m\u00e9decins au sujet des probl\u00e8mes des patientes pendant la grossesse. L\u2019\u00e9quipe de soins infirmiers offre aussi des conseils aux patientes qui ont des besoins sp\u00e9ciaux, notamment celles dont un f\u0153tus a des diff\u00e9rences structurelles ou a besoin d\u2019une intervention comme une transfusion intra-ut\u00e9rine.<\/p>\n<div class=\"border-blue\">\n<p>Les infirmi\u00e8res sont disponibles de 7 h 30 \u00e0 15 h 30 pour r\u00e9pondre \u00e0 vos questions au sujet de votre grossesse. Appelez au <strong>613-737-8595, puis choisissez l\u2019option 2<\/strong>.<\/p>\n<p>La fin de semaine, en dehors des heures d\u2019ouverture et les jours f\u00e9ri\u00e9s, vous pouvez joindre un m\u00e9decin de notre \u00e9quipe en appelant au service <strong>de triage en obst\u00e9trique de L\u2019H\u00f4pital d\u2019Ottawa au 613-737-8012<\/strong>.<\/p>\n<\/div>\n<\/div>\n<\/div>\n<\/div>\n<\/div>\n","protected":false},"excerpt":{"rendered":"<p>Pour offrir des soins aux femmes enceintes et \u00e0 leur(s) b\u00e9b\u00e9(s), nous mobilisons des sp\u00e9cialistes de diff\u00e9rents domaines de la sant\u00e9. L\u2019\u00e9quipe de m\u00e9decine materno-f\u0153tale et diff\u00e9rents sp\u00e9cialistes font des visites multidisciplinaires chaque semaine pour offrir des services complets et actuels aux femmes vivant une grossesse \u00e0 risque \u00e9lev\u00e9. Voici un aper\u00e7u de ces services. [&hellip;]<\/p>\n","protected":false},"author":25,"featured_media":0,"parent":63808,"menu_order":2,"comment_status":"closed","ping_status":"closed","template":"","meta":{"_acf_changed":false,"_mc_calendar":[],"footnotes":""},"class_list":["post-63853","page","type-page","status-publish","hentry"],"acf":[],"wps_subtitle":"","_links":{"self":[{"href":"https:\/\/www.ottawahospital.on.ca\/fr\/wp-json\/wp\/v2\/pages\/63853","targetHints":{"allow":["GET"]}}],"collection":[{"href":"https:\/\/www.ottawahospital.on.ca\/fr\/wp-json\/wp\/v2\/pages"}],"about":[{"href":"https:\/\/www.ottawahospital.on.ca\/fr\/wp-json\/wp\/v2\/types\/page"}],"author":[{"embeddable":true,"href":"https:\/\/www.ottawahospital.on.ca\/fr\/wp-json\/wp\/v2\/users\/25"}],"replies":[{"embeddable":true,"href":"https:\/\/www.ottawahospital.on.ca\/fr\/wp-json\/wp\/v2\/comments?post=63853"}],"version-history":[{"count":0,"href":"https:\/\/www.ottawahospital.on.ca\/fr\/wp-json\/wp\/v2\/pages\/63853\/revisions"}],"up":[{"embeddable":true,"href":"https:\/\/www.ottawahospital.on.ca\/fr\/wp-json\/wp\/v2\/pages\/63808"}],"wp:attachment":[{"href":"https:\/\/www.ottawahospital.on.ca\/fr\/wp-json\/wp\/v2\/media?parent=63853"}],"curies":[{"name":"wp","href":"https:\/\/api.w.org\/{rel}","templated":true}]}}