{"id":63850,"date":"2021-04-28T14:56:02","date_gmt":"2021-04-28T18:56:02","guid":{"rendered":"https:\/\/www.ottawahospital.on.ca\/?page_id=63850"},"modified":"2021-04-29T16:13:14","modified_gmt":"2021-04-29T20:13:14","slug":"services","status":"publish","type":"page","link":"https:\/\/www.ottawahospital.on.ca\/fr\/services-cliniques\/deptpgrmcs\/departements\/obstetrique-gynecologie-et-soins-aux-nouveau-nes\/grossesse-multiple\/la-clinique\/services\/","title":{"rendered":"Services"},"content":{"rendered":"<p>L\u2019\u00e9quipe de m\u00e9decine materno-f\u0153tale au Campus G\u00e9n\u00e9ral de L\u2019H\u00f4pital d\u2019Ottawa offre toute la gamme de services obst\u00e9triques aux patientes vivant une grossesse \u00e0 risque \u00e9lev\u00e9 selon une approche multidisciplinaire qui inclut des m\u00e9decins, des infirmi\u00e8res et d\u2019autres professionnels de la sant\u00e9 sp\u00e9cialis\u00e9s comme des \u00e9chographistes, des travailleuses sociales, des di\u00e9t\u00e9tistes et des sp\u00e9cialistes de la sant\u00e9 mentale p\u00e9rinatale. En cas de grossesse multiple, l\u2019\u00e9quipe offre des services comme les tests de d\u00e9pistage du premier trimestre, le d\u00e9pistage de l\u2019aneuplo\u00efdie, le d\u00e9pistage invasif et non invasif de troubles g\u00e9n\u00e9tiques, un examen d\u00e9taill\u00e9 de l\u2019anatomie, le diagnostic et la gestion de troubles complexes chez les jumeaux, ainsi que des interventions th\u00e9rapeutiques chez les jumeaux.<\/p>\n<p>Voici un aper\u00e7u des autres services offerts par l\u2019\u00e9quipe.<\/p>\n<ul>\n<li>\u2002\u00c9chographie obst\u00e9tricale\n<div class=\"row1\">\n<div class=\"card-group\">\n<div class=\"col-md-6 col-sm-6 paddingbottom20 paddingtop20\">\n<div class=\"card-home text-white text-center\"><img decoding=\"async\" class=\"alignnone wp-image-47475 size-full\" src=\"\/wp-content\/uploads\/2021\/04\/maternal-fetal-1.jpg\" alt=\"\u00c9chographie de jumeaux\" width=\"335\" height=\"208\" \/><\/div>\n<\/div>\n<div class=\"col-md-6 col-sm-6 paddingleft10 paddingbottom20 paddingtop20\">\n<div class=\"card-home text-white text-center\"><img decoding=\"async\" class=\"alignnone size-full wp-image-47476\" src=\"\/wp-content\/uploads\/2021\/04\/monochorionc-triamniotic-triplets-1.jpg\" alt=\"Tripl\u00e9s Monozygotes-triamniotiques \u00e0 10 semaines, 2 jours\" width=\"335\" height=\"208\" \/><\/div>\n<\/div>\n<\/div>\n<\/div>\n<ul>\n<li>Imagerie en 2D et en 3D du premier trimestre \u00e0 l\u2019accouchement<\/li>\n<li>Examen de la clart\u00e9 nucale (de la 11<sup>e<\/sup> \u00e0 14<sup>e<\/sup>semaine)<\/li>\n<li>Amniocent\u00e8se guid\u00e9e par \u00e9chographie (\u00e0 compter de la 15<sup>e<\/sup> semaine)<\/li>\n<li>Examen complet de l\u2019anatomie des f\u0153tus (de la 18<sup>e<\/sup> \u00e0 la 22<sup>e<\/sup>semaine)<\/li>\n<li>Neuro\u00e9chographie des f\u0153tus<\/li>\n<li>Diagnostic et surveillance d\u2019anomalies f\u0153tales et de troubles du placenta<\/li>\n<li>Diagnostic des troubles possibles chez les jumeaux<\/li>\n<li>\u00c9valuation du bien-\u00eatre du f\u0153tus de la viabilit\u00e9 jusqu\u2019au terme<\/li>\n<\/ul>\n<\/li>\n<li>Conseils en mati\u00e8re de g\u00e9n\u00e9tique (conjointement avec l\u2019\u00e9quipe sp\u00e9cialis\u00e9e en g\u00e9n\u00e9tique m\u00e9dicale du Centre hospitalier pour enfants de l\u2019est de l\u2019Ontario [CHEO])\n<ul>\n<li>D\u00e9pistages de troubles g\u00e9n\u00e9tiques au premier et au deuxi\u00e8me trimestre<\/li>\n<li>Examens de d\u00e9pistage non invasifs et invasifs (amniocent\u00e8se, pr\u00e9l\u00e8vement de villosit\u00e9s choriales)<\/li>\n<\/ul>\n<\/li>\n<li>Consultation pr\u00e9natale en N\u00e9onatologie<\/li>\n<li>Gestion de l\u2019incompatibilit\u00e9 de sang entre la m\u00e8re et les f\u0153tus<\/li>\n<li>Surveillance des patientes \u00e0 risque<\/li>\n<li>Diagnostic d\u2019an\u00e9mie ou de thrombop\u00e9nie (insuffisance de plaquettes) chez les f\u0153tus<\/li>\n<li>Examens diagnostics invasifs chez les f\u0153tus<\/li>\n<li>Interventions th\u00e9rapeutiques comme un pr\u00e9l\u00e8vement de sang intra-ut\u00e9rin et une transfusion chez les f\u0153tus<\/li>\n<li>Pr\u00e9vention de l\u2019accouchement pr\u00e9matur\u00e9 par \u00e9chographies d\u2019\u00e9valuation des risques et du col de l\u2019ut\u00e9rus<\/li>\n<li>Interventions m\u00e9dicales et chirurgicales (p. ex. cerclage du col de l\u2019ut\u00e9rus) pour r\u00e9duire l\u2019incidence de naissances pr\u00e9matur\u00e9es<\/li>\n<li>Gestion de troubles du placenta (p. ex. retard de croissance intra-ut\u00e9rin, troubles hypertensifs, placenta previa, placenta accreta)<\/li>\n<li>Gestion de probl\u00e8mes m\u00e9dicaux et chirurgicaux complexes chez la m\u00e8re et collaboration avec d\u2019autres sp\u00e9cialistes pour optimiser les r\u00e9sultats de la m\u00e8re et du b\u00e9b\u00e9<\/li>\n<\/ul>\n","protected":false},"excerpt":{"rendered":"<p>L\u2019\u00e9quipe de m\u00e9decine materno-f\u0153tale au Campus G\u00e9n\u00e9ral de L\u2019H\u00f4pital d\u2019Ottawa offre toute la gamme de services obst\u00e9triques aux patientes vivant une grossesse \u00e0 risque \u00e9lev\u00e9 selon une approche multidisciplinaire qui inclut des m\u00e9decins, des infirmi\u00e8res et d\u2019autres professionnels de la sant\u00e9 sp\u00e9cialis\u00e9s comme des \u00e9chographistes, des travailleuses sociales, des di\u00e9t\u00e9tistes et des sp\u00e9cialistes de la [&hellip;]<\/p>\n","protected":false},"author":25,"featured_media":0,"parent":63808,"menu_order":1,"comment_status":"closed","ping_status":"closed","template":"","meta":{"_acf_changed":false,"_mc_calendar":[],"footnotes":""},"class_list":["post-63850","page","type-page","status-publish","hentry"],"acf":[],"wps_subtitle":"","_links":{"self":[{"href":"https:\/\/www.ottawahospital.on.ca\/fr\/wp-json\/wp\/v2\/pages\/63850","targetHints":{"allow":["GET"]}}],"collection":[{"href":"https:\/\/www.ottawahospital.on.ca\/fr\/wp-json\/wp\/v2\/pages"}],"about":[{"href":"https:\/\/www.ottawahospital.on.ca\/fr\/wp-json\/wp\/v2\/types\/page"}],"author":[{"embeddable":true,"href":"https:\/\/www.ottawahospital.on.ca\/fr\/wp-json\/wp\/v2\/users\/25"}],"replies":[{"embeddable":true,"href":"https:\/\/www.ottawahospital.on.ca\/fr\/wp-json\/wp\/v2\/comments?post=63850"}],"version-history":[{"count":0,"href":"https:\/\/www.ottawahospital.on.ca\/fr\/wp-json\/wp\/v2\/pages\/63850\/revisions"}],"up":[{"embeddable":true,"href":"https:\/\/www.ottawahospital.on.ca\/fr\/wp-json\/wp\/v2\/pages\/63808"}],"wp:attachment":[{"href":"https:\/\/www.ottawahospital.on.ca\/fr\/wp-json\/wp\/v2\/media?parent=63850"}],"curies":[{"name":"wp","href":"https:\/\/api.w.org\/{rel}","templated":true}]}}