{"id":63808,"date":"2021-04-28T14:19:30","date_gmt":"2021-04-28T18:19:30","guid":{"rendered":"https:\/\/www.ottawahospital.on.ca\/?page_id=63808"},"modified":"2021-04-29T16:11:59","modified_gmt":"2021-04-29T20:11:59","slug":"la-clinique","status":"publish","type":"page","link":"https:\/\/www.ottawahospital.on.ca\/fr\/services-cliniques\/deptpgrmcs\/departements\/obstetrique-gynecologie-et-soins-aux-nouveau-nes\/grossesse-multiple\/la-clinique\/","title":{"rendered":"La Clinique"},"content":{"rendered":"<p><img decoding=\"async\" class=\"alignnone size-full wp-image-52626\" src=\"\/wp-content\/uploads\/2021\/04\/The-clinic.jpg\" alt=\" Six femmes enceintes en ligne.\" width=\"740\" height=\"330\" \/><\/p>\n<p class=\"intro-text1\">L\u2019\u00e9quipe de la Clinique des grossesses \u00e0 risque \u00e9lev\u00e9 au Campus G\u00e9n\u00e9ral de L\u2019H\u00f4pital d\u2019Ottawa vous soutiendra tout au long de votre grossesse.<\/p>\n<h2>Quelques mots sur nous<\/h2>\n<p>Le Campus G\u00e9n\u00e9ral de L\u2019H\u00f4pital d\u2019Ottawa est le principal centre de soins p\u00e9rinataux tertiaires dans l\u2019Est de l\u2019Ontario et l\u2019Ouest du Qu\u00e9bec. Nous prenons soin des femmes dont la grossesse comporte le plus de risques pour elles-m\u00eames et leurs b\u00e9b\u00e9s, ainsi que des plus petits nouveau-n\u00e9s. En collaboration avec d\u2019autres h\u00f4pitaux du R\u00e9seau local d\u2019int\u00e9gration des services de sant\u00e9 (RLISS) de Champlain, nous veillons \u00e0 ce que chaque femme re\u00e7oive la gamme compl\u00e8te de services obst\u00e9triques dans la r\u00e9gion. Cela signifie qu\u2019elles peuvent \u00eatre dirig\u00e9es vers un campus en particulier du r\u00e9seau d\u2019h\u00f4pitaux en fonction de la nature et de la gravit\u00e9 des probl\u00e8mes ou des complications qui surviennent pendant leur grossesse. Par exemple, une femme qui donne naissance \u00e0 des jumeaux de moins de 32\u00a0semaines sera transf\u00e9r\u00e9e au Campus G\u00e9n\u00e9ral.<\/p>\n<p>L\u2019\u00e9quipe de m\u00e9decine materno-f\u0153tale au Campus G\u00e9n\u00e9ral de L\u2019H\u00f4pital d\u2019Ottawa offre toute la gamme de services obst\u00e9triques aux patientes vivant une grossesse \u00e0 risque \u00e9lev\u00e9 selon une approche multidisciplinaire qui inclut des m\u00e9decins, des infirmi\u00e8res et d\u2019autres professionnels de la sant\u00e9 sp\u00e9cialis\u00e9s comme des \u00e9chographistes, des travailleuses sociales, des di\u00e9t\u00e9tistes et des sp\u00e9cialistes de la sant\u00e9 mentale p\u00e9rinatale. En cas de grossesse multiple, l\u2019\u00e9quipe offre des services comme les tests de d\u00e9pistage du premier trimestre, le d\u00e9pistage de l\u2019aneuplo\u00efdie, le d\u00e9pistage invasif et non invasif de troubles g\u00e9n\u00e9tiques, un examen d\u00e9taill\u00e9 de l\u2019anatomie, le diagnostic et la gestion de troubles complexes chez les jumeaux, ainsi que des interventions th\u00e9rapeutiques chez les jumeaux.<\/p>\n<p>Les D<sup>res<\/sup> Karen Fung Kee Fung et Emily Walker sont sp\u00e9cialis\u00e9es en m\u00e9decine materno-f\u0153tale \u00e0 L\u2019H\u00f4pital d\u2019Ottawa. Elles ont s\u00e9lectionn\u00e9 et pr\u00e9par\u00e9 avec soin le contenu du pr\u00e9sent site.<\/p>\n","protected":false},"excerpt":{"rendered":"<p>L\u2019\u00e9quipe de la Clinique des grossesses \u00e0 risque \u00e9lev\u00e9 au Campus G\u00e9n\u00e9ral de L\u2019H\u00f4pital d\u2019Ottawa vous soutiendra tout au long de votre grossesse. Quelques mots sur nous Le Campus G\u00e9n\u00e9ral de L\u2019H\u00f4pital d\u2019Ottawa est le principal centre de soins p\u00e9rinataux tertiaires dans l\u2019Est de l\u2019Ontario et l\u2019Ouest du Qu\u00e9bec. Nous prenons soin des femmes dont [&hellip;]<\/p>\n","protected":false},"author":25,"featured_media":0,"parent":63801,"menu_order":0,"comment_status":"closed","ping_status":"closed","template":"","meta":{"_acf_changed":false,"_mc_calendar":[],"footnotes":""},"class_list":["post-63808","page","type-page","status-publish","hentry"],"acf":[],"wps_subtitle":"","_links":{"self":[{"href":"https:\/\/www.ottawahospital.on.ca\/fr\/wp-json\/wp\/v2\/pages\/63808","targetHints":{"allow":["GET"]}}],"collection":[{"href":"https:\/\/www.ottawahospital.on.ca\/fr\/wp-json\/wp\/v2\/pages"}],"about":[{"href":"https:\/\/www.ottawahospital.on.ca\/fr\/wp-json\/wp\/v2\/types\/page"}],"author":[{"embeddable":true,"href":"https:\/\/www.ottawahospital.on.ca\/fr\/wp-json\/wp\/v2\/users\/25"}],"replies":[{"embeddable":true,"href":"https:\/\/www.ottawahospital.on.ca\/fr\/wp-json\/wp\/v2\/comments?post=63808"}],"version-history":[{"count":0,"href":"https:\/\/www.ottawahospital.on.ca\/fr\/wp-json\/wp\/v2\/pages\/63808\/revisions"}],"up":[{"embeddable":true,"href":"https:\/\/www.ottawahospital.on.ca\/fr\/wp-json\/wp\/v2\/pages\/63801"}],"wp:attachment":[{"href":"https:\/\/www.ottawahospital.on.ca\/fr\/wp-json\/wp\/v2\/media?parent=63808"}],"curies":[{"name":"wp","href":"https:\/\/api.w.org\/{rel}","templated":true}]}}