{"id":63801,"date":"2021-04-28T14:12:09","date_gmt":"2021-04-28T18:12:09","guid":{"rendered":"https:\/\/www.ottawahospital.on.ca\/?page_id=63801"},"modified":"2021-04-29T16:11:03","modified_gmt":"2021-04-29T20:11:03","slug":"grossesse-multiple","status":"publish","type":"page","link":"https:\/\/www.ottawahospital.on.ca\/fr\/services-cliniques\/deptpgrmcs\/departements\/obstetrique-gynecologie-et-soins-aux-nouveau-nes\/grossesse-multiple\/","title":{"rendered":"Grossesse multiple"},"content":{"rendered":"<p><img decoding=\"async\" class=\"alignnone size-full wp-image-52626\" src=\"\/wp-content\/uploads\/2021\/04\/Landing_banner_twins.jpg\" alt=\"\" width=\"740\" height=\"330\" \/><\/p>\n<h2>F\u00e9licitations pour votre grossesse multiple!<\/h2>\n<p>Vous vous lancez dans une belle aventure qui ne survient que dans environ 3 % des grossesses. L\u2019\u00e9quipe de la Clinique des grossesses \u00e0 risque \u00e9lev\u00e9 au Campus G\u00e9n\u00e9ral de L\u2019H\u00f4pital d\u2019Ottawa vous soutiendra tout au long de cette aventure en vous donnant des renseignements \u00e0 jour sur votre sant\u00e9 et celle de vos b\u00e9b\u00e9s. Notre \u00e9quipe comprend des m\u00e9decins, des infirmi\u00e8res et d\u2019autres professionnels de la sant\u00e9 (travailleuses sociales, psychologues, di\u00e9t\u00e9tistes, \u00e9chographistes, etc.) qui sont sp\u00e9cialement form\u00e9s pour vous aider \u00e0 surmonter les d\u00e9fis d\u2019une grossesse multiple, et ce, du premier trimestre jusqu\u2019aux premiers pas apr\u00e8s l\u2019accouchement. Il y a beaucoup de choses \u00e0 apprendre. Nous esp\u00e9rons que le pr\u00e9sent site \u00e9ducatif vous aidera \u00e0 vous pr\u00e9parer \u00e0 accueillir vos b\u00e9b\u00e9s dans votre famille.<\/p>\n<p>Attendre de multiples b\u00e9b\u00e9s peut \u00eatre \u00e0 la fois palpitant et intimidant. Vous devez r\u00e9gler des questions de logistique avant de ramener plus d\u2019un b\u00e9b\u00e9 \u00e0 la maison. Apr\u00e8s l\u2019accouchement, vous aurez besoin d\u2019\u00e9quipement sp\u00e9cial, par exemple des berceaux, des poussettes et des si\u00e8ges d\u2019auto, ainsi que de diff\u00e9rentes ressources, notamment des personnes pour vous aider \u00e0 nourrir et \u00e0 prendre soin des b\u00e9b\u00e9s. En d\u00e9but de grossesse, bien des facteurs peuvent influencer les r\u00e9sultats pour vos b\u00e9b\u00e9s et vous, la fr\u00e9quence de vos rendez-vous m\u00e9dicaux, les examens \u00e0 passer, ainsi que le lieu et la date de l\u2019accouchement. Ces facteurs sont notamment le nombre de b\u00e9b\u00e9s (jumeaux, tripl\u00e9s ou plus) et le type de grossesse multiple (p.\u00a0ex. jumeaux monozygotes or dizygotes).<\/p>\n<p><strong>Consultez la section <a href=\"\/fr\/services-cliniques\/deptpgrmcs\/departements\/obstetrique-gynecologie-et-soins-aux-nouveau-nes\/grossesse-multiple\/types-de-grossesses-multiples\/jumeaux\/\" target=\"_blank\" rel=\"noopener\">sur les types de grossesses multiples<\/a> pour en savoir plus<\/strong>.<\/p>\n<p>Nous avons cr\u00e9\u00e9 le pr\u00e9sent site pour r\u00e9pondre aux nombreuses questions que votre partenaire et vous pourriez avoir au sujet de votre grossesse et de ce que vous pouvez faire pour obtenir les meilleurs r\u00e9sultats possible pour vos b\u00e9b\u00e9s. Vous y trouverez des renseignements g\u00e9n\u00e9raux sur la grossesse multiple que chaque futur parent de multiples b\u00e9b\u00e9s devrait conna\u00eetre, des conseils sur ce \u00e0 quoi vous pouvez vous attendre \u00e0 chaque rendez-vous avec votre m\u00e9decin et l\u2019\u00e9quipe de la clinique aux trois trimestres, ainsi que des ressources suppl\u00e9mentaires pour vous aider \u00e0 vous pr\u00e9parer \u00e0 cet extraordinaire chapitre de vos vies.<\/p>\n","protected":false},"excerpt":{"rendered":"<p>F\u00e9licitations pour votre grossesse multiple! Vous vous lancez dans une belle aventure qui ne survient que dans environ 3 % des grossesses. L\u2019\u00e9quipe de la Clinique des grossesses \u00e0 risque \u00e9lev\u00e9 au Campus G\u00e9n\u00e9ral de L\u2019H\u00f4pital d\u2019Ottawa vous soutiendra tout au long de cette aventure en vous donnant des renseignements \u00e0 jour sur votre sant\u00e9 [&hellip;]<\/p>\n","protected":false},"author":25,"featured_media":0,"parent":12078,"menu_order":1,"comment_status":"closed","ping_status":"closed","template":"","meta":{"_acf_changed":false,"_mc_calendar":[],"footnotes":""},"class_list":["post-63801","page","type-page","status-publish","hentry"],"acf":[],"wps_subtitle":"","_links":{"self":[{"href":"https:\/\/www.ottawahospital.on.ca\/fr\/wp-json\/wp\/v2\/pages\/63801","targetHints":{"allow":["GET"]}}],"collection":[{"href":"https:\/\/www.ottawahospital.on.ca\/fr\/wp-json\/wp\/v2\/pages"}],"about":[{"href":"https:\/\/www.ottawahospital.on.ca\/fr\/wp-json\/wp\/v2\/types\/page"}],"author":[{"embeddable":true,"href":"https:\/\/www.ottawahospital.on.ca\/fr\/wp-json\/wp\/v2\/users\/25"}],"replies":[{"embeddable":true,"href":"https:\/\/www.ottawahospital.on.ca\/fr\/wp-json\/wp\/v2\/comments?post=63801"}],"version-history":[{"count":0,"href":"https:\/\/www.ottawahospital.on.ca\/fr\/wp-json\/wp\/v2\/pages\/63801\/revisions"}],"up":[{"embeddable":true,"href":"https:\/\/www.ottawahospital.on.ca\/fr\/wp-json\/wp\/v2\/pages\/12078"}],"wp:attachment":[{"href":"https:\/\/www.ottawahospital.on.ca\/fr\/wp-json\/wp\/v2\/media?parent=63801"}],"curies":[{"name":"wp","href":"https:\/\/api.w.org\/{rel}","templated":true}]}}