{"id":63394,"date":"2021-04-27T08:51:08","date_gmt":"2021-04-27T12:51:08","guid":{"rendered":"https:\/\/www.ottawahospital.on.ca\/?page_id=63394"},"modified":"2021-04-27T08:51:09","modified_gmt":"2021-04-27T12:51:09","slug":"dianne-scharf","status":"publish","type":"page","link":"https:\/\/www.ottawahospital.on.ca\/fr\/about-us\/notre-equipe-de-direction\/equipe-de-la-haute-direction\/dianne-scharf\/","title":{"rendered":"Dianne Scharf"},"content":{"rendered":"<div class=\"wp-caption alignleft\" style=\"width: 145px;\"><img decoding=\"async\" class=\"img responsive\" src=\"\/wp-content\/uploads\/2021\/04\/Dianne-Scharf.jpg\" alt=\"Dianne Scharf\"><\/p>\n<p class=\"wp-caption-text\"><strong>Dianne Scharf, CPA, CMA, CIA, CISA, CFE<\/strong><br \/>\nAuditrice interne, Audit interne<br \/>\nL\u2019H\u00f4pital d\u2019Ottawa<\/p>\n<p class=\"wp-caption-text\"><strong>Renseignements<\/strong><br \/>\n613-798-5555 poste 19447<br \/>\n<a href=\"mailto:discharf@toh.ca\">discharf@toh.ca<\/a><\/p>\n<\/div>\n<p>Dianne Scharf est auditrice interne \u00e0 L\u2019H\u00f4pital d\u2019Ottawa depuis 2020. Relevant du Conseil des gouverneurs, Dianne dirige la fonction d\u2019audit et fournit une assurance ind\u00e9pendante et objective et des conseils qui ajoutent de la valeur \u00e0 L\u2019H\u00f4pital d\u2019Ottawa et l\u2019appui \u00e0 r\u00e9aliser ses objectifs strat\u00e9giques.<\/p>\n<p>Chef de file, Dianne est dynamique, passionn\u00e9e, ax\u00e9e sur les r\u00e9sultats et dot\u00e9e d\u2019une vaste exp\u00e9rience. Elle est reconnue comme une conseill\u00e8re digne de confiance, dont l\u2019entregent favorise la collaboration avec les intervenants. Sous la direction de Dianne, l\u2019audit interne offre \u00e0 la direction une assurance de valeur ajout\u00e9e et des conseils d\u2019excellente qualit\u00e9 pour atteindre ses objectifs et ses initiatives strat\u00e9giques. L\u2019audit interne est une ressource pr\u00e9cieuse et un catalyseur pour la transformation qui contribue \u00e0 l\u2019am\u00e9lioration continue des processus de fonctionnement, de gouvernance, de gestion du risque et de contr\u00f4le interne.<\/p>\n<p>Dianne apporte plus de 20 ans d\u2019exp\u00e9rience en audit interne, en gestion du risque et en conseil. Titulaire d\u2019un baccalaur\u00e9at sp\u00e9cialis\u00e9 en commerce de l\u2019Universit\u00e9 Carleton, Dianne a acquis d\u2019autres qualifications pour accro\u00eetre ses comp\u00e9tences, notamment les titres suivants : comptable professionnelle agr\u00e9\u00e9e, auditrice interne agr\u00e9\u00e9e, inspectrice des fraudes agr\u00e9\u00e9e et auditrice des syst\u00e8mes d\u2019information agr\u00e9\u00e9e.<\/p>\n<p>Dans ses loisirs, Dianne aime lire des romans policiers, apprendre de nouvelles habilet\u00e9s, faire des casse-t\u00eates et passer du temps en famille.<\/p>\n","protected":false},"excerpt":{"rendered":"<p>Dianne Scharf, CPA, CMA, CIA, CISA, CFE Auditrice interne, Audit interne L\u2019H\u00f4pital d\u2019Ottawa Renseignements 613-798-5555 poste 19447 discharf@toh.ca Dianne Scharf est auditrice interne \u00e0 L\u2019H\u00f4pital d\u2019Ottawa depuis 2020. Relevant du Conseil des gouverneurs, Dianne dirige la fonction d\u2019audit et fournit une assurance ind\u00e9pendante et objective et des conseils qui ajoutent de la valeur \u00e0 L\u2019H\u00f4pital [&hellip;]<\/p>\n","protected":false},"author":25,"featured_media":0,"parent":4550,"menu_order":32,"comment_status":"closed","ping_status":"closed","template":"","meta":{"_acf_changed":false,"_mc_calendar":[],"footnotes":""},"class_list":["post-63394","page","type-page","status-publish","hentry"],"acf":[],"wps_subtitle":"","_links":{"self":[{"href":"https:\/\/www.ottawahospital.on.ca\/fr\/wp-json\/wp\/v2\/pages\/63394","targetHints":{"allow":["GET"]}}],"collection":[{"href":"https:\/\/www.ottawahospital.on.ca\/fr\/wp-json\/wp\/v2\/pages"}],"about":[{"href":"https:\/\/www.ottawahospital.on.ca\/fr\/wp-json\/wp\/v2\/types\/page"}],"author":[{"embeddable":true,"href":"https:\/\/www.ottawahospital.on.ca\/fr\/wp-json\/wp\/v2\/users\/25"}],"replies":[{"embeddable":true,"href":"https:\/\/www.ottawahospital.on.ca\/fr\/wp-json\/wp\/v2\/comments?post=63394"}],"version-history":[{"count":0,"href":"https:\/\/www.ottawahospital.on.ca\/fr\/wp-json\/wp\/v2\/pages\/63394\/revisions"}],"up":[{"embeddable":true,"href":"https:\/\/www.ottawahospital.on.ca\/fr\/wp-json\/wp\/v2\/pages\/4550"}],"wp:attachment":[{"href":"https:\/\/www.ottawahospital.on.ca\/fr\/wp-json\/wp\/v2\/media?parent=63394"}],"curies":[{"name":"wp","href":"https:\/\/api.w.org\/{rel}","templated":true}]}}