{"id":6327,"date":"2016-11-10T16:14:58","date_gmt":"2016-11-10T21:14:58","guid":{"rendered":"http:\/\/52.229.122.34\/fr\/?page_id=6327"},"modified":"2021-07-15T13:01:12","modified_gmt":"2021-07-15T17:01:12","slug":"medias-sociaux","status":"publish","type":"page","link":"https:\/\/www.ottawahospital.on.ca\/fr\/about-us\/medias-sociaux\/","title":{"rendered":"M\u00e9dias sociaux"},"content":{"rendered":"<h2>Participez aux \u00e9changes!<\/h2>\n<p><a class=\"pull-left\" href=\"https:\/\/twitter.com\/OttawaHospital\" target=\"_blank\" rel=\"noopener\"><img decoding=\"async\" class=\"img-responsive\" src=\"\/wp-content\/uploads\/2016\/11\/Twitter.png\" alt=\"Twitter\" width=\"60\" height=\"60\"><span style=\"display: none;\"> Twitter de L\u2019H\u00f4pital d\u2019Ottawa <\/span><\/a><a class=\"pull-left\" href=\"https:\/\/www.facebook.com\/OttawaHospital\" target=\"_blank\" rel=\"noopener\"><img decoding=\"async\" class=\"img-esponsive\" src=\"\/wp-content\/uploads\/2016\/11\/Facebook.png\" alt=\"Facebook\" width=\"60\" height=\"60\"><span style=\"display: none;\"> Facebook de L\u2019H\u00f4pital d\u2019Ottawa<\/span><\/a> <a class=\"pull-left\" href=\"https:\/\/plus.google.com\/106747176138196783656\/posts\" target=\"_blank\" rel=\"noopener\"><img decoding=\"async\" class=\"img-responsive\" src=\"\/wp-content\/uploads\/2016\/11\/Google.png\" alt=\"Google\" width=\"60\" height=\"60\"><span style=\"display: none;\"> Google de L\u2019H\u00f4pital d\u2019Ottawa<\/span><\/a> <a class=\"pull-left\" href=\"https:\/\/www.youtube.com\/user\/TheOttawaHospital\" target=\"_blank\" rel=\"noopener\"><img decoding=\"async\" class=\"img responsive\" src=\"\/wp-content\/uploads\/2016\/11\/YouTube.png\" alt=\"YouTube\" width=\"60\" height=\"60\"><span style=\"display: none;\"> YouTube de L\u2019H\u00f4pital d\u2019Ottawa<\/span><\/a> <a class=\"pull-left\" href=\"https:\/\/ca.linkedin.com\/company\/the-ottawa-hospital\" target=\"_blank\" rel=\"noopener\"><img decoding=\"async\" class=\"img-responsive\" src=\"\/wp-content\/uploads\/2016\/11\/LinkedIn.png\" alt=\"LinkedIn\" width=\"60\" height=\"60\"><span style=\"display: none;\"> LinkedIn de L\u2019H\u00f4pital d\u2019Ottawa<\/span><\/a>&nbsp;<a class=\"negmarginleft4\" href=\"https:\/\/www.instagram.com\/ottawahospital\/\" target=\"_blank\" rel=\"noopener\"><img decoding=\"async\" class=\"alignnone size-full wp-image-28110\" src=\"https:\/\/www.ottawahospital.on.ca\/wp-content\/uploads\/2016\/11\/Instagram.png\" alt=\"The Ottawa Hospital's Instagram page\" width=\"60\" height=\"60\"><\/a><\/p>\n<p>Les m\u00e9dias sociaux sont un excellent moyen de s\u2019exprimer et de se tenir \u00e0 jour en temps r\u00e9el. Bien des gens utilisent Twitter et Facebook pour communiquer des r\u00e9alisations, des f\u00e9licitations et des exp\u00e9riences positives \u00e0 L\u2019H\u00f4pital d\u2019Ottawa. Nous reconnaissons l\u2019importance de mettre en valeur les talents de notre personnel et les soins exceptionnels qu\u2019ils fournissent \u00e0 l\u2019H\u00f4pital. Nous avons de quoi en \u00eatre fiers!<\/p>\n<p>Afficher ses id\u00e9es et opinions sur des sites Web et dans des r\u00e9seaux sociaux \u2013 internes ou externes \u2013 est une excellente fa\u00e7on de s\u2019exprimer, de b\u00e2tir des liens et d\u2019apprendre. Cependant, les r\u00e9seaux sociaux comportent \u00e9galement des risques, tant pour l\u2019employ\u00e9 qui les utilise que pour l\u2019H\u00f4pital, car toute id\u00e9e et opinion exprim\u00e9e sur ce genre plateforme devient imm\u00e9diatement publique en plus de constituer un document \u00e9crit.<\/p>\n<p>L\u2019H\u00f4pital d\u2019Ottawa prend tr\u00e8s au s\u00e9rieux la confidentialit\u00e9 des patients et ne r\u00e9pond donc jamais publiquement aux questions ou aux commentaires qui concernent un patient en particulier. Si vous souhaitez obtenir une r\u00e9ponse directe \u00e0 une question, une plainte ou un compliment, veuillez donc communiquer avec le&nbsp;<a href=\"\/fr\/patients-et-visiteurs\/relations-avec-les-patients\/faq\/\" target=\"_blank\" rel=\"noopener\">Service de repr\u00e9sentation des patients.<\/a><\/p>\n<h2>Lignes directrices sur les m\u00e9dias sociaux<\/h2>\n<p><a href=\"\/fr\/documents\/2017\/01\/guidelines-for-social-media-fr-final.pdf\" target=\"_blank\" rel=\"noopener\">Cliquer ici pour lire les lignes directrices sur les m\u00e9dias sociaux<\/a><\/p>\n<p><strong>Comprenez le m\u00e9dia<\/strong><br \/>\nReconnaissez que les sites Web ne sont pas personnels, individuels ou propres \u00e0 une entreprise. Ce sont des espaces publics, et l\u2019information que vous y affichez restera publique pendant longtemps. Il est sage de lire et de comprendre les r\u00e8gles du site avant d\u2019y afficher du contenu.<\/p>\n<p><strong>Soyez responsable<\/strong><br \/>\nRappelez-vous que vous \u00eates responsable de tout contenu que vous publiez, tant sur le plan l\u00e9gal que professionnel. Avant d\u2019afficher quoi que ce soit, r\u00e9fl\u00e9chissez donc aux r\u00e9percussions que vos commentaires pourraient avoir sur votre r\u00e9putation personnelle et professionnelle.<\/p>\n<p><strong>Soyez respectueux<\/strong><br \/>\nTraitez les autres participants avec respect et courtoisie. \u00c9vitez les insultes, jurons et mots obsc\u00e8nes, car ils vont \u00e0 l\u2019encontre de nos politiques et projettent une image n\u00e9gative de vous et de l\u2019H\u00f4pital.<\/p>\n<p><strong>Si vous n\u2019en \u00eates pas le propri\u00e9taire, faites attention \u00e0 la fa\u00e7on dont vous utilisez le mat\u00e9riel<\/strong><br \/>\nAfficher une image ou une id\u00e9e qui appartient \u00e0 quelqu\u2019un d\u2019autre va \u00e0 l\u2019encontre de la loi sur le droit d\u2019auteur. En r\u00e8gle g\u00e9n\u00e9rale, si vous mentionnez du mat\u00e9riel que vous avez vu dans un autre site, il est pr\u00e9f\u00e9rable de cr\u00e9er un lien vers le site en question (plut\u00f4t que de copier et de coller l\u2019information) et d\u2019indiquer sa source. Il en va de m\u00eame pour les id\u00e9es ou les opinions publi\u00e9es.<\/p>\n<p><strong>Ajoutez de la valeur<\/strong><br \/>\nFournissez de l\u2019information qui en vaut la peine et exprimez votre point de vue de fa\u00e7on r\u00e9fl\u00e9chie. Si vous restez ax\u00e9 sur l\u2019objectif d\u2019aider les autres \u00e0 apprendre et \u00e0 s\u2019informer \u2013 plut\u00f4t que d\u2019attirer l\u2019attention sur vous ou de simplement ventiler \u2013 vos opinions seront plus appr\u00e9ci\u00e9es et respect\u00e9es.<\/p>\n<p style=\"padding: 15px; background-color: #d0dae8; text-align: center;\"><strong>Les utilisateurs des m\u00e9dias sociaux sont responsables de tous les messages envoy\u00e9s \u00e0 partir de leurs comptes personnels. Les messages envoy\u00e9s dans les m\u00e9dias sociaux ne sont pas toujours priv\u00e9s et s\u00e9curitaires, et peuvent \u00eatre lus par quelqu\u2019un d\u2019autre que le destinataire pr\u00e9vu.<\/strong><\/p>\n<h2>Vid\u00e9os<\/h2>\n<p style=\"text-align: center;\"><a href=\"https:\/\/www.youtube.com\/user\/TheOttawaHospital\" target=\"_blank\" rel=\"noopener\"><img decoding=\"async\" class=\"img-responsive aligncenter\" src=\"\/wp-content\/uploads\/2016\/11\/YouTube.png\" alt=\"YouTube\" width=\"60\" height=\"60\"><span style=\"display: none;\"> Lien de YouTube de L\u2019H\u00f4pital d\u2019Ottawa<\/span><\/a>&nbsp;<strong><a href=\"https:\/\/www.youtube.com\/user\/TheOttawaHospital\" target=\"_blank\" rel=\"noopener\">Visitez la station de L\u2019H\u00f4pital d\u2019Ottawa dans YouTube<\/a><\/strong><\/p>\n<p><!--\n\n\n<div class=\"row videoandtextcentermobile\">\n\n\n<div class=\"col-sm-6\"><iframe class=\"img-responsive\" title=\"Annual Report | Rapport annuel 2013-2014\" src=\"https:\/\/www.youtube.com\/embed\/gMok22ldRRo?rel=0\" width=\"300\" height=\"169\" allowfullscreen=\"allowfullscreen\"><\/iframe><strong>Annual Report | Rapport annuel 2013-2014\u00a0\u00a0<\/strong><\/div>\n\n\n\n\n<div class=\"col-sm-6\"><iframe class=\"img-responsive\" title=\"Annual Report | Rapport annuel 2012-2013\" src=\"https:\/\/www.youtube.com\/embed\/VbChKpApat8?rel=0\" width=\"300\" height=\"169\" allowfullscreen=\"allowfullscreen\"><\/iframe><strong>Annual Report | Rapport annuel 2012-2013 <\/strong><\/div>\n\n\n<\/div>\n\n\n\n\n<div class=\"row videoandtextcentermobile\">\n\n\n<div class=\"col-sm-6\"><iframe class=\"img-responsive\" title=\"Clinique de gestion du poids FAQ\" src=\"https:\/\/www.youtube.com\/embed\/videoseries?list=PLLuNd32pHu25JPBPpSwYq5VNlNAEqmAgU\" width=\"300\" height=\"169\" allowfullscreen=\"allowfullscreen\"><\/iframe><strong>Clinique de gestion du poids FAQ<\/strong><\/div>\n\n\n\n\n<div class=\"col-sm-6\"><iframe class=\"img-responsive\" title=\"Annual Report | Rapport annuel 2011-2012\" src=\"\/\/www.youtube.com\/embed\/videoseries?list=PL42DE088AEE34111E\" width=\"300\" height=\"169\" allowfullscreen=\"allowfullscreen\"><\/iframe><strong>Annual Report | Rapport annuel 2011-2012 <\/strong><\/div>\n\n\n<\/div>\n\n\n\n\n<h3>Dr Jack Kitts - Pr\u00e9sident-directeur g\u00e9n\u00e9ral, L'H\u00f4pital d'Ottawa<\/h3>\n\n\n\n\n<div class=\"row videoandtextcentermobile\">\n\n\n<div class=\"col-sm-6\"><iframe class=\"img-responsive\" title=\"Question de sant\u00e9 : Dr Jack Kitts\" src=\"https:\/\/www.youtube.com\/embed\/wAi79PFtH3k?rel=0\" width=\"300\" height=\"169\" allowfullscreen=\"allowfullscreen\"><\/iframe><a title=\"Question de sant\u00e9 : Dr Jack Kitts\" href=\"https:\/\/www.youtube.com\/embed\/videoseries?list=v=wAi79PFtH3k\" target=\"_blank\" rel=\"noopener\"><strong>Question de sant\u00e9 : Dr Jack Kitts<\/strong><\/a>\nby <a href=\"https:\/\/www.youtube.com\/user\/TheOttawaHospital\" target=\"_blank\" rel=\"noopener\">L\u2019H\u00f4pital d\u2019Ottawa<\/a><\/div>\n\n\n\n\n<div class=\"col-sm-6\"><iframe class=\"img-responsive\" title=\"Message de bienvenue\" src=\"https:\/\/www.youtube.com\/embed\/lDI2rPvsqeM?rel=0\" width=\"300\" height=\"169\" allowfullscreen=\"allowfullscreen\"><\/iframe><a title=\"Message de bienvenue\" href=\"https:\/\/www.youtube.com\/watch?v=lDI2rPvsqeM\" target=\"_blank\" rel=\"noopener\"><strong>Message de bienvenue<\/strong><\/a>\nby <a href=\"https:\/\/www.youtube.com\/user\/TheOttawaHospital\" target=\"_blank\" rel=\"noopener\">L'H\u00f4pital d'Ottawa<\/a>\nMessage du Dr Jack Kitts, pr\u00e9sident-directeur g\u00e9n\u00e9ral et de Carole Workman, pr\u00e9sidente du Conseil<\/div>\n\n\n<\/div>\n\n\n\n\n<div class=\"row videoandtextcentermobile\">\n\n\n<div class=\"col-sm-6\"><iframe class=\"img-responsive\" title=\"Dr. Kitts at the President's Breakfast\" src=\"https:\/\/www.youtube.com\/embed\/Zkh6GcoBp-A?rel=0\" width=\"300\" height=\"169\" allowfullscreen=\"allowfullscreen\"><\/iframe><strong><a title=\"Dr. Kitts at the President's Breakfast\" href=\"https:\/\/www.youtube.com\/watch?v=Zkh6GcoBp-A\" target=\"_blank\" rel=\"noopener\">Dr. Kitts at the President's Breakfast<\/a><\/strong><strong>(en anglais seulement)<\/strong>\nby <a title=\"\" href=\"https:\/\/www.youtube.com\/user\/TOHFoundation\" target=\"_blank\" rel=\"noopener\">TOHFoundation<\/a>\nDr. <strong>Jack Kitts<\/strong> shares his vision for The Ottawa Hospital at the 10th anniversary President's Breakfast.<\/div>\n\n\n\n\n<div class=\"col-sm-6\"><iframe class=\"img-responsive\" title=\"Progress Report 2012: Health Care Renewal in Canada\" src=\"https:\/\/www.youtube.com\/embed\/UvV1-wDTzNg?rel=0\" width=\"300\" height=\"169\" allowfullscreen=\"allowfullscreen\"><\/iframe><strong><a title=\"Progress Report 2012: Health Care Renewal in Canada\" href=\"https:\/\/www.youtube.com\/watch?v=UvV1-wDTzNg\" target=\"_blank\" rel=\"noopener\">Progress Report 2012: Health Care Renewal in Canada<\/a><\/strong>\u00a0<strong>(en anglais seulement)<\/strong>\nby <a title=\"\" href=\"https:\/\/www.youtube.com\/user\/healthcc\" target=\"_blank\" rel=\"noopener\">healthcc<\/a>\nAn address by Dr. <strong>Jack Kitts<\/strong>, Chair of the Health Council of Canada on June 4, 2012 in...<\/div>\n\n\n<\/div>\n\n\n\n\n<div class=\"row videoandtextcentermobile\">\n\n\n<div class=\"col-sm-6\"><iframe class=\"img-responsive\" title=\"Interview with Dr. Jack Kitts: Perspectives on Physician Leadership\" src=\"https:\/\/www.youtube.com\/embed\/cPW8BGKEtAk?rel=0\" width=\"300\" height=\"169\" allowfullscreen=\"allowfullscreen\"><\/iframe><strong style=\"clear: both;\"><a title=\"Interview with Dr. Jack Kitts: Perspectives on Physician Leadership\" href=\"https:\/\/www.youtube.com\/watch?v=cPW8BGKEtAk\" target=\"_blank\" rel=\"noopener\">Interview with Dr. Jack Kitts: Perspectives on Physician Leadership<\/a><\/strong>\u00a0<strong>(en anglais seulement)<\/strong>\nby <a title=\"\" href=\"https:\/\/www.youtube.com\/user\/OntHospitalAssn\" target=\"_blank\" rel=\"noopener\">Ontario Hospital Association\n<\/a>Dr. <strong>Jack Kitts<\/strong>, CEO and President of the Ottawa Hospital, takes time out of his busy day to share\u2026<\/div>\n\n\n\n\n<div class=\"col-sm-6\"><iframe class=\"img-responsive\" title=\"Dr. Jack Kitts - President and CEO, The Ottawa Hospital\" src=\"https:\/\/www.youtube.com\/embed\/ruzGgEIMjl8?rel=0\" width=\"300\" height=\"169\" allowfullscreen=\"allowfullscreen\"><\/iframe><a title=\"Dr Jack Kitts - Pr\u00e9sident-directeur g\u00e9n\u00e9ral, L'H\u00f4pital d'Ottawa\" href=\"https:\/\/www.youtube.com\/watch?v=ruzGgEIMjl8\" target=\"_blank\" rel=\"noopener\"><strong>Dr Jack Kitts - Pr\u00e9sident-directeur g\u00e9n\u00e9ral, L'H\u00f4pital d'Ottawa\u00a0<\/strong><\/a><\/div>\n\n\n\n\n<div class=\"col-sm-6\">by <a href=\"https:\/\/www.youtube.com\/user\/TheOttawaHospital\" target=\"_blank\" rel=\"noopener\">L'H\u00f4pital d'Ottawa<\/a><\/div>\n\n\n<\/div>\n\n\n\n\n<div class=\"row videoandtextcentermobile\">\n\n\n<div class=\"col-sm-6\"><iframe class=\"img-responsive\" title=\"Advancing Integrated Health Care in Canada: Practices that Work\" src=\"https:\/\/www.youtube.com\/embed\/X8gEduWiev8?rel=0\" width=\"300\" height=\"169\" allowfullscreen=\"allowfullscreen\"><\/iframe><strong style=\"clear: both;\"><a title=\"Advancing Integrated Health Care in Canada: Practices that Work\" href=\"https:\/\/www.youtube.com\/watch?v=X8gEduWiev8\" target=\"_blank\" rel=\"noopener\">Advancing Integrated Health Care in Canada: Practices that Work<\/a><\/strong>\u00a0<strong>\u00a0(en anglais seulement)<\/strong>\nby <a title=\"\" href=\"https:\/\/www.youtube.com\/user\/healthcc\" target=\"_blank\" rel=\"noopener\">healthcc\n<\/a>An Invitation from Dr. <strong>Jack Kitts<\/strong>, Chair of the Health Council of Canada to Advancing Integrated...<\/div>\n\n\n\n\n<div class=\"col-sm-6\"><iframe class=\"img-responsive\" title=\"Headline Pack - Progress Report 2011: Health Care Renewal in Canada\" src=\"https:\/\/www.youtube.com\/embed\/bplmTX3BDH8?rel=0\" width=\"300\" height=\"169\" allowfullscreen=\"allowfullscreen\"><\/iframe><strong style=\"clear: both;\"><a title=\"Headline Pack - Progress Report 2011: Health Care Renewal in Canada\" href=\"https:\/\/www.youtube.com\/watch?v=bplmTX3BDH8\" target=\"_blank\" rel=\"noopener\">Headline Pack - Progress Report 2011: Health Care Renewal in Canada<\/a><\/strong>\u00a0<strong>\u00a0(en anglais seulement)<\/strong>\nby <a title=\"\" href=\"https:\/\/www.youtube.com\/user\/healthcc\" target=\"_blank\" rel=\"noopener\">healthcc\n<\/a>Highlights from the press conference for the release of the Health Council of Canada's Progress\u2026<\/div>\n\n\n<\/div>\n\n\n\n\n<h3 class=\"paddingtop20\">Dr. Glen Geiger, chef de l\u2019information m\u00e9dicale \u00e0 L\u2019H\u00f4pital d\u2019Ottawa<\/h3>\n\n\n\n\n<div class=\"row videoandtextcentermobile\">\n\n\n<div class=\"col-sm-6\"><iframe class=\"img-responsive\" title=\"Impact of connecting Northern and Eastern Ontario (cNEO) \u2013 Dr. Geiger\" src=\"https:\/\/www.youtube.com\/embed\/ArZRYj_Z620?rel=0\" width=\"300\" height=\"169\" allowfullscreen=\"allowfullscreen\"><\/iframe><strong><a title=\"Impact of connecting Northern and Eastern Ontario (cNEO) \u2013 Dr. Geiger\" href=\"https:\/\/www.youtube.com\/watch?v=ArZRYj_Z620\" target=\"_blank\" rel=\"noopener\">Impact of connecting Northern and Eastern Ontario (cNEO) \u2013 Dr. Geiger<\/a><\/strong>\u00a0<strong>(en anglais seulement)<\/strong>\nby <a title=\"\" href=\"https:\/\/www.youtube.com\/user\/eHealthOntario\" target=\"_blank\" rel=\"noopener\">eHealthOntario\n<\/a>Find out how connecting Northern and Eastern Ontario (cNEO) will impact clinicians and patients...<\/div>\n\n\n\n\n<div class=\"col-sm-6\"><iframe class=\"img-responsive\" title=\"2013 W21C Innovation Forum: Dr. Glen Geiger\" src=\"https:\/\/www.youtube.com\/embed\/c6Lw2e78kCo?rel=0\" width=\"300\" height=\"169\" allowfullscreen=\"allowfullscreen\"><\/iframe><strong><a title=\"2013 W21C Innovation Forum: Dr. Glen Geiger\" href=\"https:\/\/www.youtube.com\/watch?v=c6Lw2e78kCo\" target=\"_blank\" rel=\"noopener\">2013 W21C Innovation Forum: Dr. Glen Geiger<\/a><\/strong>\u00a0<strong>(en anglais seulement)<\/strong>\nby <a title=\"\" href=\"https:\/\/www.youtube.com\/user\/w21cadm\" target=\"_blank\" rel=\"noopener\">w21cadm<\/a>\nDr. <strong>Glen Geiger<\/strong> from the Ottawa Hospital's presentation from the 2013 W21C Innovation\u2026<\/div>\n\n\n<\/div>\n\n\n\n\n<div class=\"row videoandtextcentermobile\">\n\n\n<div class=\"col-sm-6\"><iframe class=\"img-responsive\" title=\"TELUS Electronic Medical Records (EHR) at The Ottawa Hospital\" src=\"https:\/\/www.youtube.com\/embed\/zI08ijjV_IQ?rel=0\" width=\"300\" height=\"169\" allowfullscreen=\"allowfullscreen\"><\/iframe><strong><a title=\"TELUS Electronic Medical Records (EHR) at The Ottawa Hospital\" href=\"https:\/\/www.youtube.com\/watch?v=zI08ijjV_IQ\" target=\"_blank\" rel=\"noopener\">TELUS Electronic Medical Records (EHR) at The Ottawa Hospital<\/a>\u00a0(en anglais seulement)<\/strong>\nby <a title=\"\" href=\"https:\/\/www.youtube.com\/user\/TELUSHealth\" target=\"_blank\" rel=\"noopener\">TELUSHealth\n<\/a>Dr. <strong>Glen Geiger<\/strong> describes the functionality of Electronic Health Records (EHR) and how\u2026<\/div>\n\n\n\n\n<div class=\"col-sm-6\"><iframe class=\"img-responsive\" title=\"The Ottawa Hospital uses IBM technology to help improve patient care\" src=\"https:\/\/www.youtube.com\/embed\/CPZzjbG5J5I?rel=0\" width=\"300\" height=\"169\" allowfullscreen=\"allowfullscreen\"><\/iframe><strong><a title=\"The Ottawa Hospital uses IBM technology to help improve patient care\" href=\"https:\/\/www.youtube.com\/watch?v=CPZzjbG5J5I\" target=\"_blank\" rel=\"noopener\">The Ottawa Hospital uses IBM technology to help improve patient care<\/a><\/strong>\u00a0<strong>(en anglais seulement)<\/strong><a title=\"The Ottawa Hospital uses IBM technology to help improve patient care\" href=\"https:\/\/www.youtube.com\/watch?v=CPZzjbG5J5I\" target=\"\" rel=\"noopener\">\n<\/a>by <a title=\"\" href=\"https:\/\/www.youtube.com\/user\/BlueBuzzCanada\" target=\"_blank\" rel=\"noopener\">BlueBuzzCanada\n<\/a>Dr. Glen Geiger, Chief Medical Information Officer, Dr. <strong>Jack Kitts<\/strong>, President and CEO, Dale\u2026<\/div>\n\n\n<\/div>\n\n\n--><\/p>\n","protected":false},"excerpt":{"rendered":"<p>Participez aux \u00e9changes! Twitter de L\u2019H\u00f4pital d\u2019Ottawa Facebook de L\u2019H\u00f4pital d\u2019Ottawa Google de L\u2019H\u00f4pital d\u2019Ottawa YouTube de L\u2019H\u00f4pital d\u2019Ottawa LinkedIn de L\u2019H\u00f4pital d\u2019Ottawa&nbsp; Les m\u00e9dias sociaux sont un excellent moyen de s\u2019exprimer et de se tenir \u00e0 jour en temps r\u00e9el. Bien des gens utilisent Twitter et Facebook pour communiquer des r\u00e9alisations, des f\u00e9licitations et [&hellip;]<\/p>\n","protected":false},"author":25,"featured_media":0,"parent":74,"menu_order":17,"comment_status":"closed","ping_status":"closed","template":"","meta":{"_acf_changed":false,"_mc_calendar":[],"footnotes":""},"class_list":["post-6327","page","type-page","status-publish","hentry"],"acf":[],"wps_subtitle":"","_links":{"self":[{"href":"https:\/\/www.ottawahospital.on.ca\/fr\/wp-json\/wp\/v2\/pages\/6327","targetHints":{"allow":["GET"]}}],"collection":[{"href":"https:\/\/www.ottawahospital.on.ca\/fr\/wp-json\/wp\/v2\/pages"}],"about":[{"href":"https:\/\/www.ottawahospital.on.ca\/fr\/wp-json\/wp\/v2\/types\/page"}],"author":[{"embeddable":true,"href":"https:\/\/www.ottawahospital.on.ca\/fr\/wp-json\/wp\/v2\/users\/25"}],"replies":[{"embeddable":true,"href":"https:\/\/www.ottawahospital.on.ca\/fr\/wp-json\/wp\/v2\/comments?post=6327"}],"version-history":[{"count":0,"href":"https:\/\/www.ottawahospital.on.ca\/fr\/wp-json\/wp\/v2\/pages\/6327\/revisions"}],"up":[{"embeddable":true,"href":"https:\/\/www.ottawahospital.on.ca\/fr\/wp-json\/wp\/v2\/pages\/74"}],"wp:attachment":[{"href":"https:\/\/www.ottawahospital.on.ca\/fr\/wp-json\/wp\/v2\/media?parent=6327"}],"curies":[{"name":"wp","href":"https:\/\/api.w.org\/{rel}","templated":true}]}}