{"id":63204,"date":"2021-04-21T11:51:46","date_gmt":"2021-04-21T15:51:46","guid":{"rendered":"https:\/\/www.ottawahospital.on.ca\/?page_id=63204"},"modified":"2021-12-03T13:51:06","modified_gmt":"2021-12-03T18:51:06","slug":"programme-de-soins-partages-en-sante-mentale","status":"publish","type":"page","link":"https:\/\/www.ottawahospital.on.ca\/fr\/services-cliniques\/deptpgrmcs\/departements\/sante-mentale\/nos-services\/programme-de-soins-partages-en-sante-mentale\/","title":{"rendered":"Programme de soins partag\u00e9s en sant\u00e9 mentale"},"content":{"rendered":"<h2>Programme de soins partag\u00e9s en sant\u00e9 mentale \u2013 Bas\u00e9 dans la collectivit\u00e9<\/h2>\n<div class=\"callout-text-inner toh-green\">\n<p class=\"callout-text\">Remarque : L\u2019\u00e9quipe du Programme de soins partag\u00e9s accepte seulement les recommandations des m\u00e9decins de famille ou des infirmi\u00e8res praticiennes qui sont membres d\u2019une \u00e9quipe de sant\u00e9 familiale de L\u2019H\u00f4pital d\u2019Ottawa (aux campus Civic ou Riverside) ou d\u2019une \u00e9quipe de sant\u00e9 familiale de Soins continus Bruy\u00e8re (aux centres Bruy\u00e8re ou Primrose).<\/p>\n<\/div>\n<h3>Br\u00e8ve description\/objectif<\/h3>\n<p>L\u2019\u00e9quipe du Programme de soins partag\u00e9s en sant\u00e9 mentale est une \u00e9quipe communautaire qui fournit du soutien sp\u00e9cialis\u00e9, opportun et de grande qualit\u00e9 en mati\u00e8re de sant\u00e9 mentale aux patients recommand\u00e9s par l\u2019une des \u00e9quipes de sant\u00e9 familiale mentionn\u00e9e ci-dessus. Notre \u00e9quipe multidisciplinaire offre des consultations en sant\u00e9 mentale, des \u00e9valuations et du soutien direct (p. ex. th\u00e9rapie) aux patients ayant des probl\u00e8mes complexes pour lesquels le m\u00e9decin de famille ou l\u2019infirmi\u00e8re praticienne recherche un soutien sp\u00e9cialis\u00e9. Notre collaboration \u00e9troite et la communication opportune avec l\u2019\u00e9quipe de soins primaires permettent au patient de recevoir le soutien et le traitement en sant\u00e9 mentale requis, et ce, dans son milieu de soins primaire. Les services peuvent comprendre notamment la pr\u00e9cision du diagnostic, des recommandations de traitement, de la th\u00e9rapie ou du counseling individuel, de la th\u00e9rapie de groupe, de l\u2019\u00e9ducation et des conseils sur les m\u00e9dicaments psychiatriques, et de l\u2019information et de l\u2019aide pour acc\u00e9der aux ressources communautaires. L\u2019\u00e9quipe du Programme de soins partag\u00e9s en sant\u00e9 mentale s\u2019efforce de fournir un acc\u00e8s rapide \u00e0 des ressources et \u00e0 du soutien en sant\u00e9 mentale, mais n\u2019offre pas de suivi ou de counseling psychiatriques \u00e0 long terme. Si le patient a besoin de soutien \u00e0 long terme, les membres de l\u2019\u00e9quipe collaborent de pr\u00e8s avec lui pour trouver d\u2019autres formes de soutien.<\/p>\n<h3>Comment faire une demande de consultation\/acc\u00e9der aux services<\/h3>\n<p>Les recommandations aupr\u00e8s de l\u2019\u00e9quipe de soins partag\u00e9s proviennent du m\u00e9decin de famille ou de l\u2019infirmi\u00e8re praticienne du patient. Toutefois, nous acceptons aussi les recommandations du personnel param\u00e9dical qui travaille avec le patient aupr\u00e8s de l\u2019\u00e9quipe de sant\u00e9 familiale.<\/p>\n<h3>Crit\u00e8res d\u2019inclusion et d\u2019exclusion<\/h3>\n<div class=\"table-responsive\">\n<table class=\"table\" width=\"672\">\n<tbody>\n<tr>\n<td width=\"354\"><strong>Crit\u00e8res d\u2019admissibilit\u00e9<\/strong><\/td>\n<td width=\"318\"><strong>Crit\u00e8res d\u2019exclusion<\/strong><\/td>\n<\/tr>\n<tr>\n<td width=\"354\">\n<ul>\n<li>Avoir au moins 16 ans<\/li>\n<li>\u00catre le patient d\u2019une \u00c9quipe de sant\u00e9 familiale<\/li>\n<li>D\u00e9tenir une carte d\u2019assurance-sant\u00e9 de l\u2019Ontario<\/li>\n<\/ul>\n<\/td>\n<td width=\"318\"><\/td>\n<\/tr>\n<\/tbody>\n<\/table>\n<\/div>\n<div class=\"card\">\n<h2 class=\"card-header h2-mock\">Coordonn\u00e9es<\/h2>\n<div class=\"card-body\">\n<p>L\u2019H\u00f4pital d\u2019Ottawa \u2013 Campus Civique,<br \/>\n1053 avenue Carling,<br \/>\nOttawa, ON K1Y 4E9<\/p>\n<hr \/>\n<p>T\u00e9l\u00e9phone : 613 798-5555 poste 19112<\/p>\n<hr \/>\n<p>Heures d\u2019ouverture : Du lundi au vendredi, de 9 h \u00e0 17 h<\/p>\n<\/div>\n<\/div>\n<h3>R\u00e9f\u00e9rence<\/h3>\n<ul>\n<li><a href=\"\/fr\/documents\/2021\/06\/shared-mental-health-care-team-pamphlet-fr-july2020.pdf\/\">La brochure du programme de soins partag\u00e9s en sant\u00e9 mentale<\/a><\/li>\n<li><a href=\"https:\/\/www.ottawahospital.on.ca\/fr\/services-cliniques\/deptpgrmcs\/programmes\/equipe-de-sante-familiale\/\">\u00c9quipe de sant\u00e9 familiale<\/a><\/li>\n<li><a href=\"https:\/\/www.ottawahospital.on.ca\/fr\/services-cliniques\/deptpgrmcs\/programmes\/equipe-de-sante-familiale\/nos-programmes-et-services\/sante-mentale-et-counseling\/\">Sant\u00e9 mentale et counseling<\/a><\/li>\n<\/ul>\n","protected":false},"excerpt":{"rendered":"<p>Programme de soins partag\u00e9s en sant\u00e9 mentale \u2013 Bas\u00e9 dans la collectivit\u00e9 Remarque : L\u2019\u00e9quipe du Programme de soins partag\u00e9s accepte seulement les recommandations des m\u00e9decins de famille ou des infirmi\u00e8res praticiennes qui sont membres d\u2019une \u00e9quipe de sant\u00e9 familiale de L\u2019H\u00f4pital d\u2019Ottawa (aux campus Civic ou Riverside) ou d\u2019une \u00e9quipe de sant\u00e9 familiale de [&hellip;]<\/p>\n","protected":false},"author":25,"featured_media":0,"parent":10918,"menu_order":10,"comment_status":"closed","ping_status":"closed","template":"","meta":{"_acf_changed":false,"_mc_calendar":[],"footnotes":""},"class_list":["post-63204","page","type-page","status-publish","hentry"],"acf":[],"wps_subtitle":"","_links":{"self":[{"href":"https:\/\/www.ottawahospital.on.ca\/fr\/wp-json\/wp\/v2\/pages\/63204","targetHints":{"allow":["GET"]}}],"collection":[{"href":"https:\/\/www.ottawahospital.on.ca\/fr\/wp-json\/wp\/v2\/pages"}],"about":[{"href":"https:\/\/www.ottawahospital.on.ca\/fr\/wp-json\/wp\/v2\/types\/page"}],"author":[{"embeddable":true,"href":"https:\/\/www.ottawahospital.on.ca\/fr\/wp-json\/wp\/v2\/users\/25"}],"replies":[{"embeddable":true,"href":"https:\/\/www.ottawahospital.on.ca\/fr\/wp-json\/wp\/v2\/comments?post=63204"}],"version-history":[{"count":0,"href":"https:\/\/www.ottawahospital.on.ca\/fr\/wp-json\/wp\/v2\/pages\/63204\/revisions"}],"up":[{"embeddable":true,"href":"https:\/\/www.ottawahospital.on.ca\/fr\/wp-json\/wp\/v2\/pages\/10918"}],"wp:attachment":[{"href":"https:\/\/www.ottawahospital.on.ca\/fr\/wp-json\/wp\/v2\/media?parent=63204"}],"curies":[{"name":"wp","href":"https:\/\/api.w.org\/{rel}","templated":true}]}}