{"id":63202,"date":"2021-04-21T11:50:36","date_gmt":"2021-04-21T15:50:36","guid":{"rendered":"https:\/\/www.ottawahospital.on.ca\/?page_id=63202"},"modified":"2021-04-21T11:50:37","modified_gmt":"2021-04-21T15:50:37","slug":"service-durgence-psychiatrique","status":"publish","type":"page","link":"https:\/\/www.ottawahospital.on.ca\/fr\/services-cliniques\/deptpgrmcs\/departements\/sante-mentale\/nos-services\/service-durgence-psychiatrique\/","title":{"rendered":"Service d\u2019urgence psychiatrique"},"content":{"rendered":"<h2>Service d\u2019urgence psychiatrique aux campus G\u00e9n\u00e9ral et Civic<\/h2>\n<p>Le Service d\u2019urgence psychiatrique permet d\u2019\u00e9valuer les personnes qui semblent avoir des probl\u00e8mes psychiatriques et sont en crise. La plupart d\u2019entre-elles sont dirig\u00e9es par des m\u00e9decins de l\u2019urgence, mais il existe un protocole permettant de faire entrer rapidement des personnes identifi\u00e9es par l\u2019H\u00f4pital qui n\u2019ont pas de probl\u00e8mes m\u00e9dicaux importants. Ce service est situ\u00e9 dans l\u2019urgence de chaque campus. Ses locaux relativement petits sont s\u00e9curitaires. Ils offrent peu de stimulation et sont con\u00e7us pour minimiser les risques pour les patients et le personnel (cam\u00e9ra en circuit ferm\u00e9, sonnette d\u2019alarme, etc.). Une \u00e9quipe multidisciplinaire \u00e9value chaque patient et d\u00e9termine ses besoins. S\u2019il a besoin d&rsquo;autres soins, elle le dirige vers les services appropri\u00e9s (unit\u00e9 de soins, services aux patients externes, Clinique de consultation d\u2019urgence ou autre clinique sp\u00e9cialis\u00e9e).<\/p>\n","protected":false},"excerpt":{"rendered":"<p>Service d\u2019urgence psychiatrique aux campus G\u00e9n\u00e9ral et Civic Le Service d\u2019urgence psychiatrique permet d\u2019\u00e9valuer les personnes qui semblent avoir des probl\u00e8mes psychiatriques et sont en crise. La plupart d\u2019entre-elles sont dirig\u00e9es par des m\u00e9decins de l\u2019urgence, mais il existe un protocole permettant de faire entrer rapidement des personnes identifi\u00e9es par l\u2019H\u00f4pital qui n\u2019ont pas de [&hellip;]<\/p>\n","protected":false},"author":25,"featured_media":0,"parent":10918,"menu_order":9,"comment_status":"closed","ping_status":"closed","template":"","meta":{"_acf_changed":false,"_mc_calendar":[],"footnotes":""},"class_list":["post-63202","page","type-page","status-publish","hentry"],"acf":[],"wps_subtitle":"","_links":{"self":[{"href":"https:\/\/www.ottawahospital.on.ca\/fr\/wp-json\/wp\/v2\/pages\/63202","targetHints":{"allow":["GET"]}}],"collection":[{"href":"https:\/\/www.ottawahospital.on.ca\/fr\/wp-json\/wp\/v2\/pages"}],"about":[{"href":"https:\/\/www.ottawahospital.on.ca\/fr\/wp-json\/wp\/v2\/types\/page"}],"author":[{"embeddable":true,"href":"https:\/\/www.ottawahospital.on.ca\/fr\/wp-json\/wp\/v2\/users\/25"}],"replies":[{"embeddable":true,"href":"https:\/\/www.ottawahospital.on.ca\/fr\/wp-json\/wp\/v2\/comments?post=63202"}],"version-history":[{"count":0,"href":"https:\/\/www.ottawahospital.on.ca\/fr\/wp-json\/wp\/v2\/pages\/63202\/revisions"}],"up":[{"embeddable":true,"href":"https:\/\/www.ottawahospital.on.ca\/fr\/wp-json\/wp\/v2\/pages\/10918"}],"wp:attachment":[{"href":"https:\/\/www.ottawahospital.on.ca\/fr\/wp-json\/wp\/v2\/media?parent=63202"}],"curies":[{"name":"wp","href":"https:\/\/api.w.org\/{rel}","templated":true}]}}