{"id":63199,"date":"2021-04-21T11:49:24","date_gmt":"2021-04-21T15:49:24","guid":{"rendered":"https:\/\/www.ottawahospital.on.ca\/?page_id=63199"},"modified":"2021-04-21T11:49:25","modified_gmt":"2021-04-21T15:49:25","slug":"services-aux-patients-externes-et-clinique-de-consultation-durgence","status":"publish","type":"page","link":"https:\/\/www.ottawahospital.on.ca\/fr\/services-cliniques\/deptpgrmcs\/departements\/sante-mentale\/nos-services\/services-aux-patients-externes-et-clinique-de-consultation-durgence\/","title":{"rendered":"Services aux patients externes et Clinique de consultation d\u2019urgence"},"content":{"rendered":"<h2>Services aux patients externes et Clinique de consultation d\u2019urgence aux campus G\u00e9n\u00e9ral et Civic<\/h2>\n<p>L\u2019H\u00f4pital dispose de deux services de consultations externes et d\u2019une Clinique de consultation d\u2019urgence. L\u2019objectif de ces services est de faire le suivi des patients apr\u00e8s leur d\u00e9part de l\u2019h\u00f4pital au besoin. Nous offrons aux patients la possibilit\u00e9 de recevoir des m\u00e9dicaments \u00e0 action prolong\u00e9e. La Clinique de consultation d\u2019urgence permet aux psychiatres d\u2019offrir quatre \u00e0 six s\u00e9ances de th\u00e9rapie aux patients apr\u00e8s leur d\u00e9part. Nous pouvons ainsi leur donner un acc\u00e8s rapide aux soins psychiatriques pendant que nous faisons le pont avec des services communautaires. Il faut en g\u00e9n\u00e9ral 14\u00a0jours pour obtenir une consultation \u00e0 la Clinique apr\u00e8s la r\u00e9ception de la demande. Seuls les patients de L\u2019H\u00f4pital d&rsquo;Ottawa peuvent obtenir ce service.<\/p>\n","protected":false},"excerpt":{"rendered":"<p>Services aux patients externes et Clinique de consultation d\u2019urgence aux campus G\u00e9n\u00e9ral et Civic L\u2019H\u00f4pital dispose de deux services de consultations externes et d\u2019une Clinique de consultation d\u2019urgence. L\u2019objectif de ces services est de faire le suivi des patients apr\u00e8s leur d\u00e9part de l\u2019h\u00f4pital au besoin. Nous offrons aux patients la possibilit\u00e9 de recevoir des [&hellip;]<\/p>\n","protected":false},"author":25,"featured_media":0,"parent":10918,"menu_order":8,"comment_status":"closed","ping_status":"closed","template":"","meta":{"_acf_changed":false,"_mc_calendar":[],"footnotes":""},"class_list":["post-63199","page","type-page","status-publish","hentry"],"acf":[],"wps_subtitle":"","_links":{"self":[{"href":"https:\/\/www.ottawahospital.on.ca\/fr\/wp-json\/wp\/v2\/pages\/63199","targetHints":{"allow":["GET"]}}],"collection":[{"href":"https:\/\/www.ottawahospital.on.ca\/fr\/wp-json\/wp\/v2\/pages"}],"about":[{"href":"https:\/\/www.ottawahospital.on.ca\/fr\/wp-json\/wp\/v2\/types\/page"}],"author":[{"embeddable":true,"href":"https:\/\/www.ottawahospital.on.ca\/fr\/wp-json\/wp\/v2\/users\/25"}],"replies":[{"embeddable":true,"href":"https:\/\/www.ottawahospital.on.ca\/fr\/wp-json\/wp\/v2\/comments?post=63199"}],"version-history":[{"count":0,"href":"https:\/\/www.ottawahospital.on.ca\/fr\/wp-json\/wp\/v2\/pages\/63199\/revisions"}],"up":[{"embeddable":true,"href":"https:\/\/www.ottawahospital.on.ca\/fr\/wp-json\/wp\/v2\/pages\/10918"}],"wp:attachment":[{"href":"https:\/\/www.ottawahospital.on.ca\/fr\/wp-json\/wp\/v2\/media?parent=63199"}],"curies":[{"name":"wp","href":"https:\/\/api.w.org\/{rel}","templated":true}]}}