{"id":63196,"date":"2021-04-21T11:44:08","date_gmt":"2021-04-21T15:44:08","guid":{"rendered":"https:\/\/www.ottawahospital.on.ca\/?page_id=63196"},"modified":"2024-09-05T15:49:52","modified_gmt":"2024-09-05T19:49:52","slug":"on-avance-programme-dintervention-au-premier-episode-de-psychose","status":"publish","type":"page","link":"https:\/\/www.ottawahospital.on.ca\/fr\/services-cliniques\/deptpgrmcs\/departements\/sante-mentale\/nos-services\/on-avance-programme-dintervention-au-premier-episode-de-psychose\/","title":{"rendered":"\u00ab On avance \u00bb : Programme d\u2019intervention au premier \u00e9pisode de psychose"},"content":{"rendered":"<h2>\u00ab\u00a0On avance\u00a0\u00bb\u00a0: Programme r\u00e9gional d\u2019intervention au premier \u00e9pisode de psychose du district Champlain \u2013 bas\u00e9 dans la collectivit\u00e9<\/h2>\n<h3>Br\u00e8ve description\/objectif<\/h3>\n<p>\u00ab\u00a0<a href=\"\/fr\/services-cliniques\/deptpgrmcs\/programmes\/le-programme-regional-dintervention-a-la-premiere-crise-de-psychose-du-district-champlain\/\" target=\"_blank\" rel=\"noopener\">On avance<\/a>\u00a0\u00bb est un programme de r\u00e9adaptation \u00e0 participation volontaire offrant des soins aux personnes de 16 \u00e0 35\u00a0ans qui ont des sympt\u00f4mes de psychose ou les premiers sympt\u00f4mes d\u2019une maladie psychotique. En collaborant avec les patients et leur famille, nous offrons des pr\u00e9cisions et des recommandations sur les diagnostics, une \u00e9valuation de la sant\u00e9 mentale, un traitement, la gestion de cas, des renseignements et du soutien. Nous travaillons sur la base d\u2019un mod\u00e8le de r\u00e9tablissement dans l\u2019objectif de faire dispara\u00eetre les sympt\u00f4mes, de r\u00e9int\u00e9grer la personne dans la collectivit\u00e9 et de pr\u00e9venir les rechutes. Notre plan de soins individuels peut durer jusqu\u2019\u00e0 trois ans.<\/p>\n<h3>Comment faire une demande de consultation\/acc\u00e9der aux services<\/h3>\n<p>Toute personne peut demander \u00e0 participer au programme.<\/p>\n<p>Le m\u00e9decin traitant doit utiliser le formulaire suivant pour recommander un patient: <a href=\"https:\/\/www.ottawahospital.on.ca\/en\/documents\/2024\/09\/on-track-referral-form.pdf\/\">Demande de consultation<\/a> (en Anglais seulement)<\/p>\n<p>Nous acceptons aussi les demandes faites par le patient lui-m\u00eame ou par sa famille. Pour ce faire, veuillez communiquer directement avec l\u2019\u00e9quipe de l\u2019admission au programme.<\/p>\n<h3>Crit\u00e8res d\u2019inclusion et d\u2019exclusion<\/h3>\n<p>Assurez-vous que tout client recommand\u00e9 r\u00e9pond aux crit\u00e8res d\u2019inclusion et d\u2019exclusion suivants. Pour toute question sur la pertinence d\u2019une demande de consultation, communiquez avec l\u2019\u00e9quipe de l\u2019admission au programme.<\/p>\n<div class=\"table-responsive\">\n<table class=\"table\" width=\"672\">\n<tbody>\n<tr>\n<td width=\"354\"><strong>Crit\u00e8res d\u2019inclusion<\/strong><\/td>\n<td width=\"318\"><strong>Crit\u00e8res d\u2019exclusion<\/strong><\/td>\n<\/tr>\n<tr>\n<td width=\"354\">\n<ul>\n<li>Personne \u00e2g\u00e9e entre 16 et 35 ans<\/li>\n<li>Personne d\u2019accord avec la demande<\/li>\n<li>Sympt\u00f4mes de psychose<\/li>\n<li>Traitement antipsychotique depuis six mois ou moins<\/li>\n<li>R\u00e9sidant du district de Champlain<\/li>\n<\/ul>\n<\/td>\n<td width=\"318\">\n<ul>\n<li>Psychose secondaire \u00e0 un trouble de l\u2019humeur<\/li>\n<li>Psychose attribuable \u00e0 un probl\u00e8me de toxicomanie<\/li>\n<li>Probl\u00e8mes m\u00e9dicol\u00e9gaux importants<\/li>\n<li>Retard de d\u00e9veloppement<\/li>\n<\/ul>\n<\/td>\n<\/tr>\n<\/tbody>\n<\/table>\n<\/div>\n<div class=\"card\">\n<h2 class=\"card-header h2-mock\">Coordonn\u00e9es<\/h2>\n<div class=\"card-body\">\n<p>1355, rue Bank,<br \/>\nbureau 208,<br \/>\nOttawa, ON K1H 8K7<\/p>\n<hr \/>\n<p>T\u00e9l\u00e9phone (questions g\u00e9n\u00e9rales et administration) : 613-737-8069<br \/>\nT\u00e9l\u00e9phone (admission) : 613-737-8899 poste 73908<br \/>\nT\u00e9l\u00e9copieur : 613-737-8318<br \/>\nCourriel (renseignements g\u00e9n\u00e9raux) : ontrack@toh.ca<\/p>\n<\/div>\n<\/div>\n<h3>R\u00e9f\u00e9rence<\/h3>\n<ul>\n<li><a href=\"https:\/\/www.ottawahospital.on.ca\/fr\/services-cliniques\/deptpgrmcs\/programmes\/le-programme-regional-dintervention-a-la-premiere-crise-de-psychose-du-district-champlain\/\" target=\"_blank\" rel=\"noopener\">Programme r\u00e9gional d\u2019intervention au premier \u00e9pisode de psychose du district Champlain<\/a><\/li>\n<\/ul>\n","protected":false},"excerpt":{"rendered":"<p>\u00ab\u00a0On avance\u00a0\u00bb\u00a0: Programme r\u00e9gional d\u2019intervention au premier \u00e9pisode de psychose du district Champlain \u2013 bas\u00e9 dans la collectivit\u00e9 Br\u00e8ve description\/objectif \u00ab\u00a0On avance\u00a0\u00bb est un programme de r\u00e9adaptation \u00e0 participation volontaire offrant des soins aux personnes de 16 \u00e0 35\u00a0ans qui ont des sympt\u00f4mes de psychose ou les premiers sympt\u00f4mes d\u2019une maladie psychotique. En collaborant avec [&hellip;]<\/p>\n","protected":false},"author":25,"featured_media":0,"parent":10918,"menu_order":8,"comment_status":"closed","ping_status":"closed","template":"","meta":{"_acf_changed":false,"_mc_calendar":[],"footnotes":""},"class_list":["post-63196","page","type-page","status-publish","hentry"],"acf":[],"wps_subtitle":"","_links":{"self":[{"href":"https:\/\/www.ottawahospital.on.ca\/fr\/wp-json\/wp\/v2\/pages\/63196","targetHints":{"allow":["GET"]}}],"collection":[{"href":"https:\/\/www.ottawahospital.on.ca\/fr\/wp-json\/wp\/v2\/pages"}],"about":[{"href":"https:\/\/www.ottawahospital.on.ca\/fr\/wp-json\/wp\/v2\/types\/page"}],"author":[{"embeddable":true,"href":"https:\/\/www.ottawahospital.on.ca\/fr\/wp-json\/wp\/v2\/users\/25"}],"replies":[{"embeddable":true,"href":"https:\/\/www.ottawahospital.on.ca\/fr\/wp-json\/wp\/v2\/comments?post=63196"}],"version-history":[{"count":0,"href":"https:\/\/www.ottawahospital.on.ca\/fr\/wp-json\/wp\/v2\/pages\/63196\/revisions"}],"up":[{"embeddable":true,"href":"https:\/\/www.ottawahospital.on.ca\/fr\/wp-json\/wp\/v2\/pages\/10918"}],"wp:attachment":[{"href":"https:\/\/www.ottawahospital.on.ca\/fr\/wp-json\/wp\/v2\/media?parent=63196"}],"curies":[{"name":"wp","href":"https:\/\/api.w.org\/{rel}","templated":true}]}}