{"id":63191,"date":"2021-04-21T11:30:52","date_gmt":"2021-04-21T15:30:52","guid":{"rendered":"https:\/\/www.ottawahospital.on.ca\/?page_id=63191"},"modified":"2021-04-21T13:02:46","modified_gmt":"2021-04-21T17:02:46","slug":"equipe-mobile-de-crise","status":"publish","type":"page","link":"https:\/\/www.ottawahospital.on.ca\/fr\/services-cliniques\/deptpgrmcs\/departements\/sante-mentale\/nos-services\/equipe-mobile-de-crise\/","title":{"rendered":"\u00c9quipe mobile de crise"},"content":{"rendered":"<h2>\u00c9quipe mobile de crise \u2013 dans la collectivit\u00e9<\/h2>\n<p>L\u2019\u00c9quipe mobile de crise est organis\u00e9e pour faire une \u00e9valuation rapide de personnes en crise dans la collectivit\u00e9 et stabiliser leur \u00e9tat. L\u2019H\u00f4pital d&rsquo;Ottawa est aussi l\u2019un des quatre h\u00f4pitaux \u00e0 faire affaire avec la Ligne de crise en sant\u00e9 mentale, qui offre un service bilingue 24\u00a0heures sur 24, 7\u00a0jours sur 7, dans l\u2019ensemble du district de Champlain (compt\u00e9 de Renfrew, Ville d\u2019Ottawa, compt\u00e9s de Prescott et Russell, compt\u00e9s unis de Stormont, de Dundas et de Glengarry). L\u2019\u00c9quipe mobile de crise a aussi conclu une entente avec le Service de police d\u2019Ottawa pour diriger leur unit\u00e9 de sant\u00e9 mentale. L\u2019\u00c9quipe dispose de 11\u00a0lits de stabilisation dans 5\u00a0\u00e9tablissements diff\u00e9rents \u00e0 Ottawa. <strong>L\u2019admission d\u2019un patient dans une de ces unit\u00e9s exige la recommandation d\u2019un professionnel de la sant\u00e9 ou d\u2019un travailleur de soutien communautaire. Veuillez faire parvenir <\/strong><strong>\u00e0 l\u2019\u00c9quipe mobile de crise de L\u2019H\u00f4pital d\u2019Ottawa une<\/strong> <a href=\"\/fr\/documents\/2017\/01\/mobile-crisis-team-referral-ef.pdf\" target=\"_blank\" rel=\"noopener noreferrer\">demande de consultation<\/a> <strong>d\u00fbment remplie par t\u00e9l\u00e9copieur au 613-241-7710. Tout le monde peut appeler la <\/strong><a href=\"https:\/\/www.crisisline.ca\/\" target=\"_blank\" rel=\"noopener noreferrer\">Ligne de crise en sant\u00e9 mentale<\/a><strong> au 613-722-6914 ou au 1-866-996-0991 (sans frais).<\/strong><\/p>\n","protected":false},"excerpt":{"rendered":"<p>\u00c9quipe mobile de crise \u2013 dans la collectivit\u00e9 L\u2019\u00c9quipe mobile de crise est organis\u00e9e pour faire une \u00e9valuation rapide de personnes en crise dans la collectivit\u00e9 et stabiliser leur \u00e9tat. L\u2019H\u00f4pital d&rsquo;Ottawa est aussi l\u2019un des quatre h\u00f4pitaux \u00e0 faire affaire avec la Ligne de crise en sant\u00e9 mentale, qui offre un service bilingue 24\u00a0heures [&hellip;]<\/p>\n","protected":false},"author":25,"featured_media":0,"parent":10918,"menu_order":6,"comment_status":"closed","ping_status":"closed","template":"","meta":{"_acf_changed":false,"_mc_calendar":[],"footnotes":""},"class_list":["post-63191","page","type-page","status-publish","hentry"],"acf":[],"wps_subtitle":"","_links":{"self":[{"href":"https:\/\/www.ottawahospital.on.ca\/fr\/wp-json\/wp\/v2\/pages\/63191","targetHints":{"allow":["GET"]}}],"collection":[{"href":"https:\/\/www.ottawahospital.on.ca\/fr\/wp-json\/wp\/v2\/pages"}],"about":[{"href":"https:\/\/www.ottawahospital.on.ca\/fr\/wp-json\/wp\/v2\/types\/page"}],"author":[{"embeddable":true,"href":"https:\/\/www.ottawahospital.on.ca\/fr\/wp-json\/wp\/v2\/users\/25"}],"replies":[{"embeddable":true,"href":"https:\/\/www.ottawahospital.on.ca\/fr\/wp-json\/wp\/v2\/comments?post=63191"}],"version-history":[{"count":0,"href":"https:\/\/www.ottawahospital.on.ca\/fr\/wp-json\/wp\/v2\/pages\/63191\/revisions"}],"up":[{"embeddable":true,"href":"https:\/\/www.ottawahospital.on.ca\/fr\/wp-json\/wp\/v2\/pages\/10918"}],"wp:attachment":[{"href":"https:\/\/www.ottawahospital.on.ca\/fr\/wp-json\/wp\/v2\/media?parent=63191"}],"curies":[{"name":"wp","href":"https:\/\/api.w.org\/{rel}","templated":true}]}}