{"id":63188,"date":"2021-04-21T11:29:14","date_gmt":"2021-04-21T15:29:14","guid":{"rendered":"https:\/\/www.ottawahospital.on.ca\/?page_id=63188"},"modified":"2021-04-21T11:29:18","modified_gmt":"2021-04-21T15:29:18","slug":"unites-de-soins","status":"publish","type":"page","link":"https:\/\/www.ottawahospital.on.ca\/fr\/services-cliniques\/deptpgrmcs\/departements\/sante-mentale\/nos-services\/unites-de-soins\/","title":{"rendered":"Unit\u00e9s de soins"},"content":{"rendered":"<h2>Unit\u00e9s de soins aux campus G\u00e9n\u00e9ral et Civic<\/h2>\n<p>Nous avons deux unit\u00e9s de soins en sant\u00e9 mentale qui comptent 87\u00a0lits en tout. Six de ces lits sont r\u00e9serv\u00e9s au traitement de troubles de l\u2019alimentation. La grande majorit\u00e9 des patients proviennent du Service d\u2019urgence psychiatrique. Entre 80 % et 85\u00a0% des patients sont hospitalis\u00e9s contre leur volont\u00e9. La dur\u00e9e moyenne d\u2019hospitalisation varie entre 11 \u00e0 13\u00a0jours, mais certains patients ont des besoins complexes qui nous emp\u00eachent de les transf\u00e9rer ailleurs pour recevoir des soins de longue dur\u00e9e (p. ex. les a\u00een\u00e9s atteints de d\u00e9mence ou les personnes atteintes de troubles psychiatriques ou m\u00e9dicaux complexes). Ils peuvent ainsi rester \u00e0 l\u2019h\u00f4pital jusqu\u2019\u00e0 deux ans.<\/p>\n","protected":false},"excerpt":{"rendered":"<p>Unit\u00e9s de soins aux campus G\u00e9n\u00e9ral et Civic Nous avons deux unit\u00e9s de soins en sant\u00e9 mentale qui comptent 87\u00a0lits en tout. Six de ces lits sont r\u00e9serv\u00e9s au traitement de troubles de l\u2019alimentation. La grande majorit\u00e9 des patients proviennent du Service d\u2019urgence psychiatrique. Entre 80 % et 85\u00a0% des patients sont hospitalis\u00e9s contre leur [&hellip;]<\/p>\n","protected":false},"author":25,"featured_media":0,"parent":10918,"menu_order":5,"comment_status":"closed","ping_status":"closed","template":"","meta":{"_acf_changed":false,"_mc_calendar":[],"footnotes":""},"class_list":["post-63188","page","type-page","status-publish","hentry"],"acf":[],"wps_subtitle":"","_links":{"self":[{"href":"https:\/\/www.ottawahospital.on.ca\/fr\/wp-json\/wp\/v2\/pages\/63188","targetHints":{"allow":["GET"]}}],"collection":[{"href":"https:\/\/www.ottawahospital.on.ca\/fr\/wp-json\/wp\/v2\/pages"}],"about":[{"href":"https:\/\/www.ottawahospital.on.ca\/fr\/wp-json\/wp\/v2\/types\/page"}],"author":[{"embeddable":true,"href":"https:\/\/www.ottawahospital.on.ca\/fr\/wp-json\/wp\/v2\/users\/25"}],"replies":[{"embeddable":true,"href":"https:\/\/www.ottawahospital.on.ca\/fr\/wp-json\/wp\/v2\/comments?post=63188"}],"version-history":[{"count":0,"href":"https:\/\/www.ottawahospital.on.ca\/fr\/wp-json\/wp\/v2\/pages\/63188\/revisions"}],"up":[{"embeddable":true,"href":"https:\/\/www.ottawahospital.on.ca\/fr\/wp-json\/wp\/v2\/pages\/10918"}],"wp:attachment":[{"href":"https:\/\/www.ottawahospital.on.ca\/fr\/wp-json\/wp\/v2\/media?parent=63188"}],"curies":[{"name":"wp","href":"https:\/\/api.w.org\/{rel}","templated":true}]}}