{"id":63185,"date":"2021-04-21T11:27:40","date_gmt":"2021-04-21T15:27:40","guid":{"rendered":"https:\/\/www.ottawahospital.on.ca\/?page_id=63185"},"modified":"2024-08-26T16:51:44","modified_gmt":"2024-08-26T20:51:44","slug":"la-therapie-comportementale-dialectique","status":"publish","type":"page","link":"https:\/\/www.ottawahospital.on.ca\/fr\/services-cliniques\/deptpgrmcs\/departements\/sante-mentale\/nos-services\/la-therapie-comportementale-dialectique\/","title":{"rendered":"La th\u00e9rapie comportementale dialectique"},"content":{"rendered":"<div class=\"emer-alert-inner supernora\" style=\"margin-top: 0; margin-bottom: 5%;\">\n<p class=\"emer-alert-text\"><i class=\"fa fa-exclamation-circle fa-lg\"><\/i> <strong>Veuillez noter que le programme all\u00e9g\u00e9 de th\u00e9rapie comportementale dialectique est d\u00e9sormais ferm\u00e9 et n&rsquo;accepte plus de demandes de services.<\/strong><\/p>\n<\/div>\n<h2>La th\u00e9rapie comportementale dialectique<\/h2>\n<p>Le programme all\u00e9g\u00e9 de th\u00e9rapie comportementale dialectique dure 21\u00a0semaines et est offert en groupe aux personnes qui ont le trouble de la personnalit\u00e9 limite. Il est compl\u00e9mentaire au traitement que les participants re\u00e7oivent d\u00e9j\u00e0 en milieu hospitalier ou communautaire.<\/p>\n<p>Des recherches pouss\u00e9es montrent que cette th\u00e9rapie traite efficacement le trouble de la personnalit\u00e9 limite et d\u2019autres troubles psychiatriques. Combin\u00e9e \u00e0 votre traitement actuel, la th\u00e9rapie de groupe peut acc\u00e9l\u00e9rer votre r\u00e9tablissement et vous apprendre \u00e0 mener une vie qui vaut la peine d\u2019\u00eatre v\u00e9cue.<\/p>\n<p><!--\n\n\n<ol>\n \t\n\n<li><a href=\"\/fr\/documents\/2017\/01\/dbt-lite-pt-info-letter-form-2015-jj-fr-rev-2.pdf\" target=\"_blank\" rel=\"noopener noreferrer\">Renseignements pour les patients<\/a><\/li>\n\n\n \t\n\n<li><a href=\"\/fr\/documents\/2017\/01\/referral-form-2015-jj-fr-rev.pdf\" target=\"_blank\" rel=\"noopener noreferrer\">Formulaire de demande<\/a><\/li>\n\n\n<\/ol>\n\n\n--><\/p>\n","protected":false},"excerpt":{"rendered":"<p>Veuillez noter que le programme all\u00e9g\u00e9 de th\u00e9rapie comportementale dialectique est d\u00e9sormais ferm\u00e9 et n&rsquo;accepte plus de demandes de services. La th\u00e9rapie comportementale dialectique Le programme all\u00e9g\u00e9 de th\u00e9rapie comportementale dialectique dure 21\u00a0semaines et est offert en groupe aux personnes qui ont le trouble de la personnalit\u00e9 limite. Il est compl\u00e9mentaire au traitement que les [&hellip;]<\/p>\n","protected":false},"author":25,"featured_media":0,"parent":10918,"menu_order":3,"comment_status":"closed","ping_status":"closed","template":"","meta":{"_acf_changed":false,"_mc_calendar":[],"footnotes":""},"class_list":["post-63185","page","type-page","status-publish","hentry"],"acf":[],"wps_subtitle":"","_links":{"self":[{"href":"https:\/\/www.ottawahospital.on.ca\/fr\/wp-json\/wp\/v2\/pages\/63185","targetHints":{"allow":["GET"]}}],"collection":[{"href":"https:\/\/www.ottawahospital.on.ca\/fr\/wp-json\/wp\/v2\/pages"}],"about":[{"href":"https:\/\/www.ottawahospital.on.ca\/fr\/wp-json\/wp\/v2\/types\/page"}],"author":[{"embeddable":true,"href":"https:\/\/www.ottawahospital.on.ca\/fr\/wp-json\/wp\/v2\/users\/25"}],"replies":[{"embeddable":true,"href":"https:\/\/www.ottawahospital.on.ca\/fr\/wp-json\/wp\/v2\/comments?post=63185"}],"version-history":[{"count":0,"href":"https:\/\/www.ottawahospital.on.ca\/fr\/wp-json\/wp\/v2\/pages\/63185\/revisions"}],"up":[{"embeddable":true,"href":"https:\/\/www.ottawahospital.on.ca\/fr\/wp-json\/wp\/v2\/pages\/10918"}],"wp:attachment":[{"href":"https:\/\/www.ottawahospital.on.ca\/fr\/wp-json\/wp\/v2\/media?parent=63185"}],"curies":[{"name":"wp","href":"https:\/\/api.w.org\/{rel}","templated":true}]}}