{"id":63183,"date":"2021-04-21T11:26:28","date_gmt":"2021-04-21T15:26:28","guid":{"rendered":"https:\/\/www.ottawahospital.on.ca\/?page_id=63183"},"modified":"2021-04-21T11:26:28","modified_gmt":"2021-04-21T15:26:28","slug":"programme-dhospitalisation-partielle-pour-soins-de-courte-duree-durgence","status":"publish","type":"page","link":"https:\/\/www.ottawahospital.on.ca\/fr\/services-cliniques\/deptpgrmcs\/departements\/sante-mentale\/nos-services\/programme-dhospitalisation-partielle-pour-soins-de-courte-duree-durgence\/","title":{"rendered":"Programme d\u2019hospitalisation partielle pour soins de courte dur\u00e9e d\u2019urgence"},"content":{"rendered":"<h2>Programme d\u2019hospitalisation partielle pour soins de courte dur\u00e9e d\u2019urgence aux campus G\u00e9n\u00e9ral et Civic<\/h2>\n<p>L\u2019objectif du Programme d\u2019hospitalisation partielle pour soins de courte dur\u00e9e est d\u2019offrir un traitement intensif aux personnes qui ont une maladie mentale mod\u00e9r\u00e9e \u00e0 grave pour les aider \u00e0 redevenir autonomes. Il y a une consultation de groupe par jour pendant quatre semaines.<\/p>\n","protected":false},"excerpt":{"rendered":"<p>Programme d\u2019hospitalisation partielle pour soins de courte dur\u00e9e d\u2019urgence aux campus G\u00e9n\u00e9ral et Civic L\u2019objectif du Programme d\u2019hospitalisation partielle pour soins de courte dur\u00e9e est d\u2019offrir un traitement intensif aux personnes qui ont une maladie mentale mod\u00e9r\u00e9e \u00e0 grave pour les aider \u00e0 redevenir autonomes. Il y a une consultation de groupe par jour pendant [&hellip;]<\/p>\n","protected":false},"author":25,"featured_media":0,"parent":10918,"menu_order":2,"comment_status":"closed","ping_status":"closed","template":"","meta":{"_acf_changed":false,"_mc_calendar":[],"footnotes":""},"class_list":["post-63183","page","type-page","status-publish","hentry"],"acf":[],"wps_subtitle":"","_links":{"self":[{"href":"https:\/\/www.ottawahospital.on.ca\/fr\/wp-json\/wp\/v2\/pages\/63183","targetHints":{"allow":["GET"]}}],"collection":[{"href":"https:\/\/www.ottawahospital.on.ca\/fr\/wp-json\/wp\/v2\/pages"}],"about":[{"href":"https:\/\/www.ottawahospital.on.ca\/fr\/wp-json\/wp\/v2\/types\/page"}],"author":[{"embeddable":true,"href":"https:\/\/www.ottawahospital.on.ca\/fr\/wp-json\/wp\/v2\/users\/25"}],"replies":[{"embeddable":true,"href":"https:\/\/www.ottawahospital.on.ca\/fr\/wp-json\/wp\/v2\/comments?post=63183"}],"version-history":[{"count":0,"href":"https:\/\/www.ottawahospital.on.ca\/fr\/wp-json\/wp\/v2\/pages\/63183\/revisions"}],"up":[{"embeddable":true,"href":"https:\/\/www.ottawahospital.on.ca\/fr\/wp-json\/wp\/v2\/pages\/10918"}],"wp:attachment":[{"href":"https:\/\/www.ottawahospital.on.ca\/fr\/wp-json\/wp\/v2\/media?parent=63183"}],"curies":[{"name":"wp","href":"https:\/\/api.w.org\/{rel}","templated":true}]}}