{"id":63181,"date":"2021-04-21T11:24:53","date_gmt":"2021-04-21T15:24:53","guid":{"rendered":"https:\/\/www.ottawahospital.on.ca\/?page_id=63181"},"modified":"2021-04-21T11:24:54","modified_gmt":"2021-04-21T15:24:54","slug":"service-de-consultation-ou-de-formation","status":"publish","type":"page","link":"https:\/\/www.ottawahospital.on.ca\/fr\/services-cliniques\/deptpgrmcs\/departements\/sante-mentale\/nos-services\/service-de-consultation-ou-de-formation\/","title":{"rendered":"Service de consultation ou de formation"},"content":{"rendered":"<h2>Service de consultation ou de formation aux campus G\u00e9n\u00e9ral et Civic<\/h2>\n<p>Le Programme de sant\u00e9 mentale offre aussi un service de consultation aux unit\u00e9s m\u00e9dicales et chirurgicales de l\u2019H\u00f4pital, \u00e0 l\u2019Institut de cardiologie et au Centre de sant\u00e9 pour les femmes. Nous offrons aussi de la formation sous forme de visites et d\u2019examens de cas, en plus d\u2019accueillir des \u00e9tudiants de divers programmes universitaires. C\u2019est notre r\u00f4le en tant que centre hospitalier universitaire.<\/p>\n","protected":false},"excerpt":{"rendered":"<p>Service de consultation ou de formation aux campus G\u00e9n\u00e9ral et Civic Le Programme de sant\u00e9 mentale offre aussi un service de consultation aux unit\u00e9s m\u00e9dicales et chirurgicales de l\u2019H\u00f4pital, \u00e0 l\u2019Institut de cardiologie et au Centre de sant\u00e9 pour les femmes. Nous offrons aussi de la formation sous forme de visites et d\u2019examens de cas, [&hellip;]<\/p>\n","protected":false},"author":25,"featured_media":0,"parent":10918,"menu_order":1,"comment_status":"closed","ping_status":"closed","template":"","meta":{"_acf_changed":false,"_mc_calendar":[],"footnotes":""},"class_list":["post-63181","page","type-page","status-publish","hentry"],"acf":[],"wps_subtitle":"","_links":{"self":[{"href":"https:\/\/www.ottawahospital.on.ca\/fr\/wp-json\/wp\/v2\/pages\/63181","targetHints":{"allow":["GET"]}}],"collection":[{"href":"https:\/\/www.ottawahospital.on.ca\/fr\/wp-json\/wp\/v2\/pages"}],"about":[{"href":"https:\/\/www.ottawahospital.on.ca\/fr\/wp-json\/wp\/v2\/types\/page"}],"author":[{"embeddable":true,"href":"https:\/\/www.ottawahospital.on.ca\/fr\/wp-json\/wp\/v2\/users\/25"}],"replies":[{"embeddable":true,"href":"https:\/\/www.ottawahospital.on.ca\/fr\/wp-json\/wp\/v2\/comments?post=63181"}],"version-history":[{"count":0,"href":"https:\/\/www.ottawahospital.on.ca\/fr\/wp-json\/wp\/v2\/pages\/63181\/revisions"}],"up":[{"embeddable":true,"href":"https:\/\/www.ottawahospital.on.ca\/fr\/wp-json\/wp\/v2\/pages\/10918"}],"wp:attachment":[{"href":"https:\/\/www.ottawahospital.on.ca\/fr\/wp-json\/wp\/v2\/media?parent=63181"}],"curies":[{"name":"wp","href":"https:\/\/api.w.org\/{rel}","templated":true}]}}